{"id":728122,"date":"2025-06-14T21:20:15","date_gmt":"2025-06-14T18:20:15","guid":{"rendered":"https:\/\/nextsnkr.com\/product\/v2-israfil\/"},"modified":"2026-02-01T20:27:06","modified_gmt":"2026-02-01T17:27:06","slug":"v2-israfil","status":"publish","type":"product","link":"https:\/\/nextsnkr.com\/lt\/produktas\/v2-israfil\/","title":{"rendered":"Sportba\u010diai v2 Israfil tekstiliniai su tinkleliu"},"content":{"rendered":"<h2>Sportba\u010diai v2 Israfil tekstiliniai su tinkleliu<\/h2>\n<p>V2 Israfil lengvi ir kv\u0117puojantys sportba\u010diai yra pagaminti i\u0161 tekstil\u0117s ir tinklelio derinio, kuris u\u017etikrina maksimal\u0173 komfort\u0105 ir v\u0117dinim\u0105 aktyvaus d\u0117v\u0117jimo metu. Modelis pasi\u017eymi \u0161iuolaiki\u0161ku dizainu ir tvirtu dizainu, tinka kasdieniniam naudojimui ir sporto veiklai. Pagaminti Kinijoje, \u0161ie sportba\u010diai puikiai derina stili\u0173, prakti\u0161kum\u0105 ir lengvum\u0105, tod\u0117l jie yra puikus pasirinkimas tiems, kurie vertina komfort\u0105 ir mading\u0105 i\u0161vaizd\u0105.<\/p>\n","protected":false},"excerpt":{"rendered":"<p>V2 Israfil lengvi ir kv\u0117puojantys sportba\u010diai yra pagaminti i\u0161 tekstil\u0117s ir tinklelio derinio, kuris u\u017etikrina maksimal\u0173 komfort\u0105 ir v\u0117dinim\u0105 aktyvaus d\u0117v\u0117jimo metu. Modelis pasi\u017eymi \u0161iuolaiki\u0161ku dizainu ir tvirtu dizainu, tinka kasdieniniam naudojimui ir sporto veiklai. Pagaminti Kinijoje, \u0161ie sportba\u010diai puikiai derina stili\u0173, prakti\u0161kum\u0105 ir lengvum\u0105, tod\u0117l jie yra puikus pasirinkimas tiems, kurie vertina komfort\u0105 ir mading\u0105 i\u0161vaizd\u0105.<\/p>\n","protected":false},"featured_media":728123,"comment_status":"open","ping_status":"open","template":"","meta":[],"product_brand":[],"product_cat":[3264,3265],"product_tag":[],"class_list":{"0":"post-728122","1":"product","2":"type-product","3":"status-publish","4":"has-post-thumbnail","6":"product_cat-all-product","7":"product_cat-krosivky","8":"pa_rozmir-910","9":"pa_rozmir-912","10":"pa_rozmir-914","11":"pa_rozmir-915","12":"pa_rozmir-916","13":"pa_rozmir-917","14":"pa_rozmir-918","15":"pa_rozmir-919","16":"pa_rozmir-920","17":"pa_rozmir-921","18":"pa_rozmir-922","20":"first","21":"instock","22":"purchasable","23":"product-type-variable"},"_links":{"self":[{"href":"https:\/\/nextsnkr.com\/lt\/wp-json\/wp\/v2\/product\/728122","targetHints":{"allow":["GET"]}}],"collection":[{"href":"https:\/\/nextsnkr.com\/lt\/wp-json\/wp\/v2\/product"}],"about":[{"href":"https:\/\/nextsnkr.com\/lt\/wp-json\/wp\/v2\/types\/product"}],"replies":[{"embeddable":true,"href":"https:\/\/nextsnkr.com\/lt\/wp-json\/wp\/v2\/comments?post=728122"}],"version-history":[{"count":0,"href":"https:\/\/nextsnkr.com\/lt\/wp-json\/wp\/v2\/product\/728122\/revisions"}],"wp:featuredmedia":[{"embeddable":true,"href":"https:\/\/nextsnkr.com\/lt\/wp-json\/wp\/v2\/media\/728123"}],"wp:attachment":[{"href":"https:\/\/nextsnkr.com\/lt\/wp-json\/wp\/v2\/media?parent=728122"}],"wp:term":[{"taxonomy":"product_brand","embeddable":true,"href":"https:\/\/nextsnkr.com\/lt\/wp-json\/wp\/v2\/product_brand?post=728122"},{"taxonomy":"product_cat","embeddable":true,"href":"https:\/\/nextsnkr.com\/lt\/wp-json\/wp\/v2\/product_cat?post=728122"},{"taxonomy":"product_tag","embeddable":true,"href":"https:\/\/nextsnkr.com\/lt\/wp-json\/wp\/v2\/product_tag?post=728122"}],"curies":[{"name":"wp","href":"https:\/\/api.w.org\/{rel}","templated":true}]}}