{"id":725076,"date":"2025-06-16T20:48:55","date_gmt":"2025-06-16T17:48:55","guid":{"rendered":"https:\/\/nextsnkr.com\/product\/sale-nike-blazer-mid-77-zebra\/"},"modified":"2026-02-01T20:25:29","modified_gmt":"2026-02-01T17:25:29","slug":"sale-nike-blazer-mid-77-zebra","status":"publish","type":"product","link":"https:\/\/nextsnkr.com\/lt\/produktas\/sale-nike-blazer-mid-77-zebra\/","title":{"rendered":"\u041a\u0435\u0434\u044b Nike Blazer Mid &#8216; 77 Zebra-stilingas, auk\u0161tos storulis SALE"},"content":{"rendered":"<h2>\u041a\u0435\u0434\u044b Nike Blazer Mid &#8216; 77 Zebra-stilingas, auk\u0161tos storulis SALE<\/h2>\n<p>Nike Blazer Mid &#8216; 77 Zebra-ry\u0161kus ir madingas modelis kasdieniam d\u0117v\u0117jimui. Auk\u0161tas dizainas palaiko kulk\u0161n\u012f, o &#8222;zebro&#8221; stiliaus spausdinimas prideda individualumo ir dinami\u0161kumo \u012fvaizd\u012f. Lengvas padas garantuoja komfort\u0105 ir nusid\u0117v\u0117jim\u0105 vaik\u0161\u010diojant, o universalus stilius tinka pasivaik\u0161\u010diojimams ir aktyviam poilsiui. Pasirinkite Nike Blazer Mid &#8216; 77 Zebra, kad suderintum\u0117te unikal\u0173 dizain\u0105 ir patogum\u0105. Kodas: 3975-138930.<\/p>\n","protected":false},"excerpt":{"rendered":"<p>Nike Blazer Mid &#8216; 77 Zebra-ry\u0161kus ir madingas modelis kasdieniam d\u0117v\u0117jimui. Auk\u0161tas dizainas palaiko kulk\u0161n\u012f, o &#8222;zebro&#8221; stiliaus spausdinimas prideda individualumo ir dinami\u0161kumo \u012fvaizd\u012f. Lengvas padas garantuoja komfort\u0105 ir nusid\u0117v\u0117jim\u0105 vaik\u0161\u010diojant, o universalus stilius tinka pasivaik\u0161\u010diojimams ir aktyviam poilsiui. Pasirinkite Nike Blazer Mid &#8216; 77 Zebra, kad suderintum\u0117te unikal\u0173 dizain\u0105 ir patogum\u0105. Kodas: 3975-138930.<\/p>\n","protected":false},"featured_media":725077,"comment_status":"open","ping_status":"open","template":"","meta":[],"product_brand":[2399],"product_cat":[3362,3264,3323],"product_tag":[],"class_list":{"0":"post-725076","1":"product","2":"type-product","3":"status-publish","4":"has-post-thumbnail","6":"product_brand-nike-blazer","7":"product_cat-nike-blazer","8":"product_cat-all-product","9":"product_cat-kedy","10":"pa_rozmir-910","11":"pa_rozmir-912","12":"pa_rozmir-914","13":"pa_rozmir-915","14":"pa_rozmir-916","15":"pa_rozmir-917","16":"pa_rozmir-918","17":"pa_rozmir-919","18":"pa_rozmir-920","19":"pa_rozmir-921","20":"pa_rozmir-922","22":"first","23":"instock","24":"purchasable","25":"product-type-variable"},"_links":{"self":[{"href":"https:\/\/nextsnkr.com\/lt\/wp-json\/wp\/v2\/product\/725076","targetHints":{"allow":["GET"]}}],"collection":[{"href":"https:\/\/nextsnkr.com\/lt\/wp-json\/wp\/v2\/product"}],"about":[{"href":"https:\/\/nextsnkr.com\/lt\/wp-json\/wp\/v2\/types\/product"}],"replies":[{"embeddable":true,"href":"https:\/\/nextsnkr.com\/lt\/wp-json\/wp\/v2\/comments?post=725076"}],"version-history":[{"count":0,"href":"https:\/\/nextsnkr.com\/lt\/wp-json\/wp\/v2\/product\/725076\/revisions"}],"wp:featuredmedia":[{"embeddable":true,"href":"https:\/\/nextsnkr.com\/lt\/wp-json\/wp\/v2\/media\/725077"}],"wp:attachment":[{"href":"https:\/\/nextsnkr.com\/lt\/wp-json\/wp\/v2\/media?parent=725076"}],"wp:term":[{"taxonomy":"product_brand","embeddable":true,"href":"https:\/\/nextsnkr.com\/lt\/wp-json\/wp\/v2\/product_brand?post=725076"},{"taxonomy":"product_cat","embeddable":true,"href":"https:\/\/nextsnkr.com\/lt\/wp-json\/wp\/v2\/product_cat?post=725076"},{"taxonomy":"product_tag","embeddable":true,"href":"https:\/\/nextsnkr.com\/lt\/wp-json\/wp\/v2\/product_tag?post=725076"}],"curies":[{"name":"wp","href":"https:\/\/api.w.org\/{rel}","templated":true}]}}