{"id":722527,"date":"2025-06-16T20:55:26","date_gmt":"2025-06-16T17:55:26","guid":{"rendered":"https:\/\/nextsnkr.com\/product\/nike-sb-dunk-pro-x-why-so-sad-the-predatory-bird\/"},"modified":"2026-02-01T20:24:02","modified_gmt":"2026-02-01T17:24:02","slug":"nike-sb-dunk-pro-x-why-so-sad-the-predatory-bird","status":"publish","type":"product","link":"https:\/\/nextsnkr.com\/lt\/produktas\/nike-sb-dunk-pro-x-why-so-sad-the-predatory-bird\/","title":{"rendered":"Kedai Nike SB Dunk Pro x Why sad&#8217; the Predatory Bird &#8216; &#8211; odiniai stilingi"},"content":{"rendered":"<h2>Kedai Nike SB Dunk Pro x Why sad&#8217; the Predatory Bird &#8216; &#8211; odiniai stilingi<\/h2>\n<p>Nike SB Dunk Pro x Why sad &#8216;the Predatory Bird&#8217; &#8211; auk\u0161\u010diausios kokyb\u0117s odiniai sportba\u010diai, skirti aktyviam stiliui ir kasdieniam d\u0117v\u0117jimui. Modelis Pagamintas i\u0161 auk\u0161tos kokyb\u0117s odos, kuri u\u017etikrina ilgaam\u017ei\u0161kum\u0105, komfort\u0105 ir patikim\u0105 P\u0117dos palaikym\u0105. Unikalus &#8222;the Predatory Bird&#8221; dizainas suteikia originalumo ir modernumo \u012fvaizd\u017eiui, tod\u0117l sportba\u010diai yra pageidaujamas aksesuaras i\u0161skirtinio stiliaus gerb\u0117jams. Gaminami Vietname, \u0161ie Kedai sujungia legendin\u012f Nike prek\u0117s \u017eenkl\u0105, auk\u0161\u010diausios kokyb\u0117s ir komfort\u0105 kiekvienoje detal\u0117je.<\/p>\n","protected":false},"excerpt":{"rendered":"<p>Nike SB Dunk Pro x Why sad &#8216;the Predatory Bird&#8217; &#8211; auk\u0161\u010diausios kokyb\u0117s odiniai sportba\u010diai, skirti aktyviam stiliui ir kasdieniam d\u0117v\u0117jimui. Modelis Pagamintas i\u0161 auk\u0161tos kokyb\u0117s odos, kuri u\u017etikrina ilgaam\u017ei\u0161kum\u0105, komfort\u0105 ir patikim\u0105 P\u0117dos palaikym\u0105. Unikalus &#8222;the Predatory Bird&#8221; dizainas suteikia originalumo ir modernumo \u012fvaizd\u017eiui, tod\u0117l sportba\u010diai yra pageidaujamas aksesuaras i\u0161skirtinio stiliaus gerb\u0117jams. Gaminami Vietname, \u0161ie Kedai sujungia legendin\u012f Nike prek\u0117s \u017eenkl\u0105, auk\u0161\u010diausios kokyb\u0117s ir komfort\u0105 kiekvienoje detal\u0117je.<\/p>\n","protected":false},"featured_media":722528,"comment_status":"open","ping_status":"open","template":"","meta":[],"product_brand":[],"product_cat":[3264,3323],"product_tag":[],"class_list":{"0":"post-722527","1":"product","2":"type-product","3":"status-publish","4":"has-post-thumbnail","6":"product_cat-all-product","7":"product_cat-kedy","8":"pa_rozmir-910","9":"pa_rozmir-912","10":"pa_rozmir-914","11":"pa_rozmir-915","12":"pa_rozmir-916","13":"pa_rozmir-917","14":"pa_rozmir-918","15":"pa_rozmir-919","16":"pa_rozmir-920","17":"pa_rozmir-921","18":"pa_rozmir-922","20":"first","21":"onbackorder","22":"purchasable","23":"product-type-variable"},"_links":{"self":[{"href":"https:\/\/nextsnkr.com\/lt\/wp-json\/wp\/v2\/product\/722527","targetHints":{"allow":["GET"]}}],"collection":[{"href":"https:\/\/nextsnkr.com\/lt\/wp-json\/wp\/v2\/product"}],"about":[{"href":"https:\/\/nextsnkr.com\/lt\/wp-json\/wp\/v2\/types\/product"}],"replies":[{"embeddable":true,"href":"https:\/\/nextsnkr.com\/lt\/wp-json\/wp\/v2\/comments?post=722527"}],"version-history":[{"count":0,"href":"https:\/\/nextsnkr.com\/lt\/wp-json\/wp\/v2\/product\/722527\/revisions"}],"wp:featuredmedia":[{"embeddable":true,"href":"https:\/\/nextsnkr.com\/lt\/wp-json\/wp\/v2\/media\/722528"}],"wp:attachment":[{"href":"https:\/\/nextsnkr.com\/lt\/wp-json\/wp\/v2\/media?parent=722527"}],"wp:term":[{"taxonomy":"product_brand","embeddable":true,"href":"https:\/\/nextsnkr.com\/lt\/wp-json\/wp\/v2\/product_brand?post=722527"},{"taxonomy":"product_cat","embeddable":true,"href":"https:\/\/nextsnkr.com\/lt\/wp-json\/wp\/v2\/product_cat?post=722527"},{"taxonomy":"product_tag","embeddable":true,"href":"https:\/\/nextsnkr.com\/lt\/wp-json\/wp\/v2\/product_tag?post=722527"}],"curies":[{"name":"wp","href":"https:\/\/api.w.org\/{rel}","templated":true}]}}