{"id":722188,"date":"2025-06-16T20:56:11","date_gmt":"2025-06-16T17:56:11","guid":{"rendered":"https:\/\/nextsnkr.com\/product\/nike-sb-dunk-low-red-lobster\/"},"modified":"2026-02-01T20:23:53","modified_gmt":"2026-02-01T17:23:53","slug":"nike-sb-dunk-low-red-lobster","status":"publish","type":"product","link":"https:\/\/nextsnkr.com\/lt\/produktas\/nike-sb-dunk-low-red-lobster\/","title":{"rendered":"Kojin\u0117s Nike SB Dunk Low Red Lobster Nubuk \/ oda &#8211; stilingas ir ry\u0161kus"},"content":{"rendered":"<h2>Kojin\u0117s Nike SB Dunk Low Red Lobster Nubuk \/ oda &#8211; stilingas ir ry\u0161kus<\/h2>\n<p>Nike SB Dunk Low Red Lobster yra pagamintas i\u0161 nubuko ir auk\u0161tos kokyb\u0117s odos derinio, kuris u\u017etikrina stiprum\u0105, komfort\u0105 ir ilgaam\u017ei\u0161kum\u0105. Ry\u0161kus raudonos spalvos dizainas daro model\u012f i\u0161rai\u0161king\u0105 ir \u0161iuolaiki\u0161k\u0105, pabr\u0117\u017eiant &#8222;Nike SB&#8221; prek\u0117s \u017eenkl\u0105 ir sporto stili\u0173. Patogus amortizuojantis padas u\u017etikrina komfort\u0105 kasdien d\u0117vint, o \u017eemas pj\u016bvis suteikia jud\u0117jimo laisv\u0119. Pagaminti Vietname, \u0161ie batai bus puikus pasirinkimas aktyviam miesto gyvenimui ir stilingiems vaizdams.<\/p>\n","protected":false},"excerpt":{"rendered":"<p>Nike SB Dunk Low Red Lobster yra pagamintas i\u0161 nubuko ir auk\u0161tos kokyb\u0117s odos derinio, kuris u\u017etikrina stiprum\u0105, komfort\u0105 ir ilgaam\u017ei\u0161kum\u0105. Ry\u0161kus raudonos spalvos dizainas daro model\u012f i\u0161rai\u0161king\u0105 ir \u0161iuolaiki\u0161k\u0105, pabr\u0117\u017eiant &#8222;Nike SB&#8221; prek\u0117s \u017eenkl\u0105 ir sporto stili\u0173. Patogus amortizuojantis padas u\u017etikrina komfort\u0105 kasdien d\u0117vint, o \u017eemas pj\u016bvis suteikia jud\u0117jimo laisv\u0119. Pagaminti Vietname, \u0161ie batai bus puikus pasirinkimas aktyviam miesto gyvenimui ir stilingiems vaizdams.<\/p>\n","protected":false},"featured_media":722189,"comment_status":"open","ping_status":"open","template":"","meta":[],"product_brand":[],"product_cat":[3264,3323],"product_tag":[],"class_list":{"0":"post-722188","1":"product","2":"type-product","3":"status-publish","4":"has-post-thumbnail","6":"product_cat-all-product","7":"product_cat-kedy","8":"pa_rozmir-910","9":"pa_rozmir-912","10":"pa_rozmir-914","11":"pa_rozmir-915","12":"pa_rozmir-916","13":"pa_rozmir-917","14":"pa_rozmir-918","15":"pa_rozmir-919","16":"pa_rozmir-920","17":"pa_rozmir-921","18":"pa_rozmir-922","20":"first","21":"onbackorder","22":"purchasable","23":"product-type-variable"},"_links":{"self":[{"href":"https:\/\/nextsnkr.com\/lt\/wp-json\/wp\/v2\/product\/722188","targetHints":{"allow":["GET"]}}],"collection":[{"href":"https:\/\/nextsnkr.com\/lt\/wp-json\/wp\/v2\/product"}],"about":[{"href":"https:\/\/nextsnkr.com\/lt\/wp-json\/wp\/v2\/types\/product"}],"replies":[{"embeddable":true,"href":"https:\/\/nextsnkr.com\/lt\/wp-json\/wp\/v2\/comments?post=722188"}],"version-history":[{"count":0,"href":"https:\/\/nextsnkr.com\/lt\/wp-json\/wp\/v2\/product\/722188\/revisions"}],"wp:featuredmedia":[{"embeddable":true,"href":"https:\/\/nextsnkr.com\/lt\/wp-json\/wp\/v2\/media\/722189"}],"wp:attachment":[{"href":"https:\/\/nextsnkr.com\/lt\/wp-json\/wp\/v2\/media?parent=722188"}],"wp:term":[{"taxonomy":"product_brand","embeddable":true,"href":"https:\/\/nextsnkr.com\/lt\/wp-json\/wp\/v2\/product_brand?post=722188"},{"taxonomy":"product_cat","embeddable":true,"href":"https:\/\/nextsnkr.com\/lt\/wp-json\/wp\/v2\/product_cat?post=722188"},{"taxonomy":"product_tag","embeddable":true,"href":"https:\/\/nextsnkr.com\/lt\/wp-json\/wp\/v2\/product_tag?post=722188"}],"curies":[{"name":"wp","href":"https:\/\/api.w.org\/{rel}","templated":true}]}}