{"id":715141,"date":"2025-06-16T21:13:17","date_gmt":"2025-06-16T18:13:17","guid":{"rendered":"https:\/\/nextsnkr.com\/product\/nike-air-force-low-white-premium\/"},"modified":"2026-02-01T20:20:16","modified_gmt":"2026-02-01T17:20:16","slug":"nike-air-force-low-white-premium","status":"publish","type":"product","link":"https:\/\/nextsnkr.com\/lt\/produktas\/nike-air-force-low-white-premium\/","title":{"rendered":"Nike Air Force Low White Premium odiniai Kedai-stilius ir komfortas"},"content":{"rendered":"<h2>Nike Air Force Low White Premium odiniai Kedai-stilius ir komfortas<\/h2>\n<p>Nike Air Force Low White Premium k\u0117d\u0117s yra pagamintos i\u0161 auk\u0161tos kokyb\u0117s odos ir turi putplas\u010dio pad\u0105, skirt\u0105 nusid\u0117v\u0117jimui ir komfortui vaik\u0161\u010diojant. Klasikinis baltas dizainas daro model\u012f universal\u0173 ir lengvai derinamas su bet kokiu b\u016bdu, pabr\u0117\u017eiant Nike prek\u0117s \u017eenkl\u0105 ir modern\u0173 miesto stili\u0173. Tiekiama firmin\u0117je d\u0117\u017eut\u0117je su priedais, kurie patvirtina autenti\u0161kum\u0105. Idealiai tinka demisezoniniam naudojimui, \u0161ie ve\u017eim\u0117liai derina prakti\u0161kum\u0105, ilgaam\u017ei\u0161kum\u0105 ir mading\u0105 i\u0161vaizd\u0105.<\/p>\n","protected":false},"excerpt":{"rendered":"<p>Nike Air Force Low White Premium k\u0117d\u0117s yra pagamintos i\u0161 auk\u0161tos kokyb\u0117s odos ir turi putplas\u010dio pad\u0105, skirt\u0105 nusid\u0117v\u0117jimui ir komfortui vaik\u0161\u010diojant. Klasikinis baltas dizainas daro model\u012f universal\u0173 ir lengvai derinamas su bet kokiu b\u016bdu, pabr\u0117\u017eiant Nike prek\u0117s \u017eenkl\u0105 ir modern\u0173 miesto stili\u0173. Tiekiama firmin\u0117je d\u0117\u017eut\u0117je su priedais, kurie patvirtina autenti\u0161kum\u0105. Idealiai tinka demisezoniniam naudojimui, \u0161ie ve\u017eim\u0117liai derina prakti\u0161kum\u0105, ilgaam\u017ei\u0161kum\u0105 ir mading\u0105 i\u0161vaizd\u0105.<\/p>\n","protected":false},"featured_media":715145,"comment_status":"open","ping_status":"open","template":"","meta":[],"product_brand":[],"product_cat":[3264,3323],"product_tag":[],"class_list":{"0":"post-715141","1":"product","2":"type-product","3":"status-publish","4":"has-post-thumbnail","6":"product_cat-all-product","7":"product_cat-kedy","8":"pa_rozmir-910","9":"pa_rozmir-912","10":"pa_rozmir-914","11":"pa_rozmir-915","12":"pa_rozmir-916","13":"pa_rozmir-917","14":"pa_rozmir-918","15":"pa_rozmir-919","16":"pa_rozmir-920","17":"pa_rozmir-921","18":"pa_rozmir-922","20":"first","21":"instock","22":"purchasable","23":"product-type-variable"},"_links":{"self":[{"href":"https:\/\/nextsnkr.com\/lt\/wp-json\/wp\/v2\/product\/715141","targetHints":{"allow":["GET"]}}],"collection":[{"href":"https:\/\/nextsnkr.com\/lt\/wp-json\/wp\/v2\/product"}],"about":[{"href":"https:\/\/nextsnkr.com\/lt\/wp-json\/wp\/v2\/types\/product"}],"replies":[{"embeddable":true,"href":"https:\/\/nextsnkr.com\/lt\/wp-json\/wp\/v2\/comments?post=715141"}],"version-history":[{"count":0,"href":"https:\/\/nextsnkr.com\/lt\/wp-json\/wp\/v2\/product\/715141\/revisions"}],"wp:featuredmedia":[{"embeddable":true,"href":"https:\/\/nextsnkr.com\/lt\/wp-json\/wp\/v2\/media\/715145"}],"wp:attachment":[{"href":"https:\/\/nextsnkr.com\/lt\/wp-json\/wp\/v2\/media?parent=715141"}],"wp:term":[{"taxonomy":"product_brand","embeddable":true,"href":"https:\/\/nextsnkr.com\/lt\/wp-json\/wp\/v2\/product_brand?post=715141"},{"taxonomy":"product_cat","embeddable":true,"href":"https:\/\/nextsnkr.com\/lt\/wp-json\/wp\/v2\/product_cat?post=715141"},{"taxonomy":"product_tag","embeddable":true,"href":"https:\/\/nextsnkr.com\/lt\/wp-json\/wp\/v2\/product_tag?post=715141"}],"curies":[{"name":"wp","href":"https:\/\/api.w.org\/{rel}","templated":true}]}}