{"id":715099,"date":"2025-06-14T17:18:55","date_gmt":"2025-06-14T14:18:55","guid":{"rendered":"https:\/\/nextsnkr.com\/product\/air-jordan-retro-1-orange-patent-swoosh\/"},"modified":"2026-02-01T20:20:10","modified_gmt":"2026-02-01T17:20:10","slug":"air-jordan-retro-1-orange-patent-swoosh","status":"publish","type":"product","link":"https:\/\/nextsnkr.com\/lt\/produktas\/air-jordan-retro-1-orange-patent-swoosh\/","title":{"rendered":"Kedai Air JORDAN RETRO 1 Orange Patent Swoosh oda ir nubukas"},"content":{"rendered":"<h2>Kedai Air JORDAN RETRO 1 Orange Patent Swoosh oda ir nubukas<\/h2>\n<p>&#8222;AIR JORDAN RETRO 1 Orange Patent Swoosh&#8221; yra pagamintas i\u0161 auk\u0161tos kokyb\u0117s odos ir nubuko, kuris u\u017etikrina stiprum\u0105, komfort\u0105 ir ilgaam\u017ei\u0161kum\u0105. Ry\u0161kus oran\u017einis Swoosh prideda stiling\u0105 akcent\u0105 ir daro model\u012f unikal\u0173. \u0420\u0433onomi\u0161kas padas u\u017etikrina nusid\u0117v\u0117jim\u0105 ir patogum\u0105 vaik\u0161\u010diojant, o klasikinis dizainas pabr\u0117\u017eia Jordan prek\u0117s \u017eenkl\u0105 ir modern\u0173 miesto stili\u0173. Pagaminta Kinijoje, \u0161ie sportiniai bateliai bus puikus pasirinkimas aktyviam ir madingam vaizdui.<\/p>\n","protected":false},"excerpt":{"rendered":"<p>&#8222;AIR JORDAN RETRO 1 Orange Patent Swoosh&#8221; yra pagamintas i\u0161 auk\u0161tos kokyb\u0117s odos ir nubuko, kuris u\u017etikrina stiprum\u0105, komfort\u0105 ir ilgaam\u017ei\u0161kum\u0105. Ry\u0161kus oran\u017einis Swoosh prideda stiling\u0105 akcent\u0105 ir daro model\u012f unikal\u0173. \u0420\u0433onomi\u0161kas padas u\u017etikrina nusid\u0117v\u0117jim\u0105 ir patogum\u0105 vaik\u0161\u010diojant, o klasikinis dizainas pabr\u0117\u017eia Jordan prek\u0117s \u017eenkl\u0105 ir modern\u0173 miesto stili\u0173. Pagaminta Kinijoje, \u0161ie sportiniai bateliai bus puikus pasirinkimas aktyviam ir madingam vaizdui.<\/p>\n","protected":false},"featured_media":715103,"comment_status":"open","ping_status":"open","template":"","meta":[],"product_brand":[],"product_cat":[3388,3264,3323],"product_tag":[],"class_list":{"0":"post-715099","1":"product","2":"type-product","3":"status-publish","4":"has-post-thumbnail","6":"product_cat-nike-jordan","7":"product_cat-all-product","8":"product_cat-kedy","9":"pa_rozmir-910","10":"pa_rozmir-912","11":"pa_rozmir-914","12":"pa_rozmir-915","13":"pa_rozmir-916","14":"pa_rozmir-917","15":"pa_rozmir-918","16":"pa_rozmir-919","17":"pa_rozmir-920","18":"pa_rozmir-921","19":"pa_rozmir-922","21":"first","22":"onbackorder","23":"purchasable","24":"product-type-variable"},"_links":{"self":[{"href":"https:\/\/nextsnkr.com\/lt\/wp-json\/wp\/v2\/product\/715099","targetHints":{"allow":["GET"]}}],"collection":[{"href":"https:\/\/nextsnkr.com\/lt\/wp-json\/wp\/v2\/product"}],"about":[{"href":"https:\/\/nextsnkr.com\/lt\/wp-json\/wp\/v2\/types\/product"}],"replies":[{"embeddable":true,"href":"https:\/\/nextsnkr.com\/lt\/wp-json\/wp\/v2\/comments?post=715099"}],"version-history":[{"count":0,"href":"https:\/\/nextsnkr.com\/lt\/wp-json\/wp\/v2\/product\/715099\/revisions"}],"wp:featuredmedia":[{"embeddable":true,"href":"https:\/\/nextsnkr.com\/lt\/wp-json\/wp\/v2\/media\/715103"}],"wp:attachment":[{"href":"https:\/\/nextsnkr.com\/lt\/wp-json\/wp\/v2\/media?parent=715099"}],"wp:term":[{"taxonomy":"product_brand","embeddable":true,"href":"https:\/\/nextsnkr.com\/lt\/wp-json\/wp\/v2\/product_brand?post=715099"},{"taxonomy":"product_cat","embeddable":true,"href":"https:\/\/nextsnkr.com\/lt\/wp-json\/wp\/v2\/product_cat?post=715099"},{"taxonomy":"product_tag","embeddable":true,"href":"https:\/\/nextsnkr.com\/lt\/wp-json\/wp\/v2\/product_tag?post=715099"}],"curies":[{"name":"wp","href":"https:\/\/api.w.org\/{rel}","templated":true}]}}