{"id":711301,"date":"2025-06-14T17:28:09","date_gmt":"2025-06-14T14:28:09","guid":{"rendered":"https:\/\/nextsnkr.com\/product\/neumel-black-2\/"},"modified":"2026-02-01T20:18:14","modified_gmt":"2026-02-01T17:18:14","slug":"neumel-black-2","status":"publish","type":"product","link":"https:\/\/nextsnkr.com\/lt\/produktas\/neumel-black-2\/","title":{"rendered":"Batai UGG Neumel Black-\u0437\u0430\u043c\u0448\u0435\u0432\u044b\u0435 su \u043e\u0432\u0447\u0438\u043d\u043e\u0439 komforto"},"content":{"rendered":"<h2>Batai UGG Neumel Black-\u0437\u0430\u043c\u0448\u0435\u0432\u044b\u0435 su \u043e\u0432\u0447\u0438\u043d\u043e\u0439 komforto<\/h2>\n<p>UGG Neumel Black batai-stilingi ir \u0161ilti batai kasdieniam naudojimui. Pagaminti i\u0161 auk\u0161tos kokyb\u0117s zom\u0161os ir ap\u0161iltinti nat\u016bralia avikailiu, jie u\u017etikrina komfort\u0105, \u0161ilum\u0105 ir ilgalaik\u012f tarnavim\u0105. Klasikinis juodas dizainas lengvai derinamas su bet kokiu b\u016bdu, o lengvas ir lankstus padas suteikia patogumo vaik\u0161\u010diojant. Pasirinkite UGG Neumel-elegancijos, \u0161ilumos ir patikimumo derinys kasdieniam d\u0117v\u0117jimui.<\/p>\n","protected":false},"excerpt":{"rendered":"<p>UGG Neumel Black batai-stilingi ir \u0161ilti batai kasdieniam naudojimui. Pagaminti i\u0161 auk\u0161tos kokyb\u0117s zom\u0161os ir ap\u0161iltinti nat\u016bralia avikailiu, jie u\u017etikrina komfort\u0105, \u0161ilum\u0105 ir ilgalaik\u012f tarnavim\u0105. Klasikinis juodas dizainas lengvai derinamas su bet kokiu b\u016bdu, o lengvas ir lankstus padas suteikia patogumo vaik\u0161\u010diojant. Pasirinkite UGG Neumel-elegancijos, \u0161ilumos ir patikimumo derinys kasdieniam d\u0117v\u0117jimui.<\/p>\n","protected":false},"featured_media":711305,"comment_status":"open","ping_status":"open","template":"","meta":[],"product_brand":[],"product_cat":[3412,3264],"product_tag":[],"class_list":{"0":"post-711301","1":"product","2":"type-product","3":"status-publish","4":"has-post-thumbnail","6":"product_cat-ugg","7":"product_cat-all-product","8":"pa_rozmir-910","9":"pa_rozmir-912","10":"pa_rozmir-914","11":"pa_rozmir-915","12":"pa_rozmir-916","13":"pa_rozmir-917","14":"pa_rozmir-918","15":"pa_rozmir-919","16":"pa_rozmir-920","17":"pa_rozmir-921","18":"pa_rozmir-922","20":"first","21":"instock","22":"purchasable","23":"product-type-variable"},"_links":{"self":[{"href":"https:\/\/nextsnkr.com\/lt\/wp-json\/wp\/v2\/product\/711301","targetHints":{"allow":["GET"]}}],"collection":[{"href":"https:\/\/nextsnkr.com\/lt\/wp-json\/wp\/v2\/product"}],"about":[{"href":"https:\/\/nextsnkr.com\/lt\/wp-json\/wp\/v2\/types\/product"}],"replies":[{"embeddable":true,"href":"https:\/\/nextsnkr.com\/lt\/wp-json\/wp\/v2\/comments?post=711301"}],"version-history":[{"count":0,"href":"https:\/\/nextsnkr.com\/lt\/wp-json\/wp\/v2\/product\/711301\/revisions"}],"wp:featuredmedia":[{"embeddable":true,"href":"https:\/\/nextsnkr.com\/lt\/wp-json\/wp\/v2\/media\/711305"}],"wp:attachment":[{"href":"https:\/\/nextsnkr.com\/lt\/wp-json\/wp\/v2\/media?parent=711301"}],"wp:term":[{"taxonomy":"product_brand","embeddable":true,"href":"https:\/\/nextsnkr.com\/lt\/wp-json\/wp\/v2\/product_brand?post=711301"},{"taxonomy":"product_cat","embeddable":true,"href":"https:\/\/nextsnkr.com\/lt\/wp-json\/wp\/v2\/product_cat?post=711301"},{"taxonomy":"product_tag","embeddable":true,"href":"https:\/\/nextsnkr.com\/lt\/wp-json\/wp\/v2\/product_tag?post=711301"}],"curies":[{"name":"wp","href":"https:\/\/api.w.org\/{rel}","templated":true}]}}