{"id":710962,"date":"2025-06-14T17:28:39","date_gmt":"2025-06-14T14:28:39","guid":{"rendered":"https:\/\/nextsnkr.com\/product\/mini-zip-grey\/"},"modified":"2026-02-01T20:18:04","modified_gmt":"2026-02-01T17:18:04","slug":"mini-zip-grey","status":"publish","type":"product","link":"https:\/\/nextsnkr.com\/lt\/produktas\/mini-zip-grey\/","title":{"rendered":"UGG Mini Zip Grey &#8211; moter\u0173 zom\u0161iniai uggs pilka"},"content":{"rendered":"<h2>UGG Mini Zip Grey &#8211; moter\u0173 zom\u0161iniai uggs pilka<\/h2>\n<p>UGG Mini Zip Grey &#8211; stilingi ir patog\u016bs moteri\u0161ki uggs i\u0161 mink\u0161to zom\u0161os, u\u017etikrinantys \u0161ilum\u0105 ir patog\u0173 sodinim\u0105. Modelis apr\u016bpintas prakti\u0161ku u\u017etrauktuku lengviems batams ir nuimamu padu papildomam komfortui. Pilka spalva lengvai derinama su bet kokia drabu\u017ei\u0173 spinta, pridedant elegancijos kasdieniams vaizdams. Pagaminta Kinijoje, \u0161ie uggs derina kokyb\u0119, stiprum\u0105 ir \u0161iuolaiki\u0161k\u0105 dizain\u0105, Idealiai tinka \u0161altuoju met\u0173 laiku ir aktyviam miesto gyvenimui.<\/p>\n","protected":false},"excerpt":{"rendered":"<p>UGG Mini Zip Grey &#8211; stilingi ir patog\u016bs moteri\u0161ki uggs i\u0161 mink\u0161to zom\u0161os, u\u017etikrinantys \u0161ilum\u0105 ir patog\u0173 sodinim\u0105. Modelis apr\u016bpintas prakti\u0161ku u\u017etrauktuku lengviems batams ir nuimamu padu papildomam komfortui. Pilka spalva lengvai derinama su bet kokia drabu\u017ei\u0173 spinta, pridedant elegancijos kasdieniams vaizdams. Pagaminta Kinijoje, \u0161ie uggs derina kokyb\u0119, stiprum\u0105 ir \u0161iuolaiki\u0161k\u0105 dizain\u0105, Idealiai tinka \u0161altuoju met\u0173 laiku ir aktyviam miesto gyvenimui.<\/p>\n","protected":false},"featured_media":710966,"comment_status":"open","ping_status":"open","template":"","meta":[],"product_brand":[],"product_cat":[3412,3264],"product_tag":[],"class_list":{"0":"post-710962","1":"product","2":"type-product","3":"status-publish","4":"has-post-thumbnail","6":"product_cat-ugg","7":"product_cat-all-product","8":"pa_rozmir-910","9":"pa_rozmir-912","10":"pa_rozmir-914","11":"pa_rozmir-915","12":"pa_rozmir-916","13":"pa_rozmir-917","14":"pa_rozmir-918","15":"pa_rozmir-919","16":"pa_rozmir-920","17":"pa_rozmir-921","18":"pa_rozmir-922","20":"first","21":"instock","22":"purchasable","23":"product-type-variable"},"_links":{"self":[{"href":"https:\/\/nextsnkr.com\/lt\/wp-json\/wp\/v2\/product\/710962","targetHints":{"allow":["GET"]}}],"collection":[{"href":"https:\/\/nextsnkr.com\/lt\/wp-json\/wp\/v2\/product"}],"about":[{"href":"https:\/\/nextsnkr.com\/lt\/wp-json\/wp\/v2\/types\/product"}],"replies":[{"embeddable":true,"href":"https:\/\/nextsnkr.com\/lt\/wp-json\/wp\/v2\/comments?post=710962"}],"version-history":[{"count":0,"href":"https:\/\/nextsnkr.com\/lt\/wp-json\/wp\/v2\/product\/710962\/revisions"}],"wp:featuredmedia":[{"embeddable":true,"href":"https:\/\/nextsnkr.com\/lt\/wp-json\/wp\/v2\/media\/710966"}],"wp:attachment":[{"href":"https:\/\/nextsnkr.com\/lt\/wp-json\/wp\/v2\/media?parent=710962"}],"wp:term":[{"taxonomy":"product_brand","embeddable":true,"href":"https:\/\/nextsnkr.com\/lt\/wp-json\/wp\/v2\/product_brand?post=710962"},{"taxonomy":"product_cat","embeddable":true,"href":"https:\/\/nextsnkr.com\/lt\/wp-json\/wp\/v2\/product_cat?post=710962"},{"taxonomy":"product_tag","embeddable":true,"href":"https:\/\/nextsnkr.com\/lt\/wp-json\/wp\/v2\/product_tag?post=710962"}],"curies":[{"name":"wp","href":"https:\/\/api.w.org\/{rel}","templated":true}]}}