{"id":708353,"date":"2025-06-16T21:32:57","date_gmt":"2025-06-16T18:32:57","guid":{"rendered":"https:\/\/nextsnkr.com\/product\/nike-air-jordan-1-retro-reverse-shattered-backboard\/"},"modified":"2026-02-01T20:16:40","modified_gmt":"2026-02-01T17:16:40","slug":"nike-air-jordan-1-retro-reverse-shattered-backboard","status":"publish","type":"product","link":"https:\/\/nextsnkr.com\/lt\/produktas\/nike-air-jordan-1-retro-reverse-shattered-backboard\/","title":{"rendered":"Nike Air Jordan 1 Retro Reverse Shattered Backboard-auk\u0161\u010diausios kokyb\u0117s odiniai sportba\u010diai"},"content":{"rendered":"<h2>Nike Air Jordan 1 Retro Reverse Shattered Backboard-auk\u0161\u010diausios kokyb\u0117s odiniai sportba\u010diai<\/h2>\n<p>Nike Air Jordan 1 Retro Reverse Shattered Backboard-stilingas nat\u016bralios odos modelis su put\u0173 guminiu padu komfortui ir atsparumui dilimui. Demisezoninis dizainas u\u017etikrina optimal\u0173 komfort\u0105 bet kokiu oru, o legendinis &#8222;Jordan&#8221; dizainas pabr\u0117\u017eia individual\u0173 stili\u0173. Lengvi ir patvar\u016bs, \u0161ie sportba\u010diai Idealiai tinka miesto gyvenimui, sportiniam aktyviam naudojimui ir auk\u0161\u010diausios kokyb\u0117s prek\u0117s \u017eenklo \u017einovams.<\/p>\n","protected":false},"excerpt":{"rendered":"<p>Nike Air Jordan 1 Retro Reverse Shattered Backboard-stilingas nat\u016bralios odos modelis su put\u0173 guminiu padu komfortui ir atsparumui dilimui. Demisezoninis dizainas u\u017etikrina optimal\u0173 komfort\u0105 bet kokiu oru, o legendinis &#8222;Jordan&#8221; dizainas pabr\u0117\u017eia individual\u0173 stili\u0173. Lengvi ir patvar\u016bs, \u0161ie sportba\u010diai Idealiai tinka miesto gyvenimui, sportiniam aktyviam naudojimui ir auk\u0161\u010diausios kokyb\u0117s prek\u0117s \u017eenklo \u017einovams.<\/p>\n","protected":false},"featured_media":708354,"comment_status":"open","ping_status":"open","template":"","meta":[],"product_brand":[],"product_cat":[3388,3264,3323],"product_tag":[],"class_list":{"0":"post-708353","1":"product","2":"type-product","3":"status-publish","4":"has-post-thumbnail","6":"product_cat-nike-jordan","7":"product_cat-all-product","8":"product_cat-kedy","9":"pa_rozmir-910","10":"pa_rozmir-912","11":"pa_rozmir-914","12":"pa_rozmir-915","13":"pa_rozmir-916","14":"pa_rozmir-917","15":"pa_rozmir-918","16":"pa_rozmir-919","17":"pa_rozmir-920","18":"pa_rozmir-921","19":"pa_rozmir-922","21":"first","22":"onbackorder","23":"purchasable","24":"product-type-variable"},"_links":{"self":[{"href":"https:\/\/nextsnkr.com\/lt\/wp-json\/wp\/v2\/product\/708353","targetHints":{"allow":["GET"]}}],"collection":[{"href":"https:\/\/nextsnkr.com\/lt\/wp-json\/wp\/v2\/product"}],"about":[{"href":"https:\/\/nextsnkr.com\/lt\/wp-json\/wp\/v2\/types\/product"}],"replies":[{"embeddable":true,"href":"https:\/\/nextsnkr.com\/lt\/wp-json\/wp\/v2\/comments?post=708353"}],"version-history":[{"count":0,"href":"https:\/\/nextsnkr.com\/lt\/wp-json\/wp\/v2\/product\/708353\/revisions"}],"wp:featuredmedia":[{"embeddable":true,"href":"https:\/\/nextsnkr.com\/lt\/wp-json\/wp\/v2\/media\/708354"}],"wp:attachment":[{"href":"https:\/\/nextsnkr.com\/lt\/wp-json\/wp\/v2\/media?parent=708353"}],"wp:term":[{"taxonomy":"product_brand","embeddable":true,"href":"https:\/\/nextsnkr.com\/lt\/wp-json\/wp\/v2\/product_brand?post=708353"},{"taxonomy":"product_cat","embeddable":true,"href":"https:\/\/nextsnkr.com\/lt\/wp-json\/wp\/v2\/product_cat?post=708353"},{"taxonomy":"product_tag","embeddable":true,"href":"https:\/\/nextsnkr.com\/lt\/wp-json\/wp\/v2\/product_tag?post=708353"}],"curies":[{"name":"wp","href":"https:\/\/api.w.org\/{rel}","templated":true}]}}