{"id":707333,"date":"2025-06-16T21:37:56","date_gmt":"2025-06-16T18:37:56","guid":{"rendered":"https:\/\/nextsnkr.com\/product\/nike-air-jordan-1-retro-high-og-black-orange\/"},"modified":"2026-02-01T20:16:12","modified_gmt":"2026-02-01T17:16:12","slug":"nike-air-jordan-1-retro-high-og-black-orange","status":"publish","type":"product","link":"https:\/\/nextsnkr.com\/lt\/produktas\/nike-air-jordan-1-retro-high-og-black-orange\/","title":{"rendered":"Nike Air Jordan 1 Retro High BL black \/ Orange-lakuoti odiniai sportba\u010diai"},"content":{"rendered":"<h2>Nike Air Jordan 1 Retro High BL black \/ Orange-lakuoti odiniai sportba\u010diai<\/h2>\n<p>Legendiniai Nike Air Jordan 1 retro High BL black\/Orange gaminami i\u0161 auk\u0161tos kokyb\u0117s lakuotos odos, kuri u\u017etikrina ilgaam\u017ei\u0161kum\u0105 ir stiling\u0105 blizges\u012f. Auk\u0161tas siluetas palaiko kulk\u0161n\u012f, o amortizuojantis padas u\u017etikrina komfort\u0105 d\u0117vint kasdien. Kontrastingas juodos ir oran\u017ein\u0117s spalv\u0173 derinys daro model\u012f i\u0161rai\u0161kingu akcentu bet kokiu pavidalu. Puikus pasirinkimas Nike gerb\u0117jams, kurie vertina stili\u0173, auk\u0161\u010diausios kokyb\u0117s ir legendin\u012f Air Jordan dizain\u0105.<\/p>\n","protected":false},"excerpt":{"rendered":"<p>Legendiniai Nike Air Jordan 1 retro High BL black\/Orange gaminami i\u0161 auk\u0161tos kokyb\u0117s lakuotos odos, kuri u\u017etikrina ilgaam\u017ei\u0161kum\u0105 ir stiling\u0105 blizges\u012f. Auk\u0161tas siluetas palaiko kulk\u0161n\u012f, o amortizuojantis padas u\u017etikrina komfort\u0105 d\u0117vint kasdien. Kontrastingas juodos ir oran\u017ein\u0117s spalv\u0173 derinys daro model\u012f i\u0161rai\u0161kingu akcentu bet kokiu pavidalu. Puikus pasirinkimas Nike gerb\u0117jams, kurie vertina stili\u0173, auk\u0161\u010diausios kokyb\u0117s ir legendin\u012f Air Jordan dizain\u0105.<\/p>\n","protected":false},"featured_media":707334,"comment_status":"open","ping_status":"open","template":"","meta":[],"product_brand":[],"product_cat":[3388,3264,3323],"product_tag":[],"class_list":{"0":"post-707333","1":"product","2":"type-product","3":"status-publish","4":"has-post-thumbnail","6":"product_cat-nike-jordan","7":"product_cat-all-product","8":"product_cat-kedy","9":"pa_rozmir-910","10":"pa_rozmir-912","11":"pa_rozmir-914","12":"pa_rozmir-915","13":"pa_rozmir-916","14":"pa_rozmir-917","15":"pa_rozmir-918","16":"pa_rozmir-919","17":"pa_rozmir-920","18":"pa_rozmir-921","19":"pa_rozmir-922","21":"first","22":"onbackorder","23":"purchasable","24":"product-type-variable"},"_links":{"self":[{"href":"https:\/\/nextsnkr.com\/lt\/wp-json\/wp\/v2\/product\/707333","targetHints":{"allow":["GET"]}}],"collection":[{"href":"https:\/\/nextsnkr.com\/lt\/wp-json\/wp\/v2\/product"}],"about":[{"href":"https:\/\/nextsnkr.com\/lt\/wp-json\/wp\/v2\/types\/product"}],"replies":[{"embeddable":true,"href":"https:\/\/nextsnkr.com\/lt\/wp-json\/wp\/v2\/comments?post=707333"}],"version-history":[{"count":0,"href":"https:\/\/nextsnkr.com\/lt\/wp-json\/wp\/v2\/product\/707333\/revisions"}],"wp:featuredmedia":[{"embeddable":true,"href":"https:\/\/nextsnkr.com\/lt\/wp-json\/wp\/v2\/media\/707334"}],"wp:attachment":[{"href":"https:\/\/nextsnkr.com\/lt\/wp-json\/wp\/v2\/media?parent=707333"}],"wp:term":[{"taxonomy":"product_brand","embeddable":true,"href":"https:\/\/nextsnkr.com\/lt\/wp-json\/wp\/v2\/product_brand?post=707333"},{"taxonomy":"product_cat","embeddable":true,"href":"https:\/\/nextsnkr.com\/lt\/wp-json\/wp\/v2\/product_cat?post=707333"},{"taxonomy":"product_tag","embeddable":true,"href":"https:\/\/nextsnkr.com\/lt\/wp-json\/wp\/v2\/product_tag?post=707333"}],"curies":[{"name":"wp","href":"https:\/\/api.w.org\/{rel}","templated":true}]}}