{"id":704448,"date":"2025-06-14T17:36:59","date_gmt":"2025-06-14T14:36:59","guid":{"rendered":"https:\/\/nextsnkr.com\/product\/knu-old-skool-black-white-premium\/"},"modified":"2026-02-01T20:14:43","modified_gmt":"2026-02-01T17:14:43","slug":"knu-old-skool-black-white-premium","status":"publish","type":"product","link":"https:\/\/nextsnkr.com\/lt\/produktas\/knu-old-skool-black-white-premium\/","title":{"rendered":"KNU Old Skool Black \/ White Premium &#8211; stilingi tekstiliniai krep\u0161iai"},"content":{"rendered":"<h2>KNU Old Skool Black \/ White Premium &#8211; stilingi tekstiliniai krep\u0161iai<\/h2>\n<p>KNU Old Skool Black \/ White Premium gaminami i\u0161 kokybi\u0161kos tekstil\u0117s, kuri u\u017etikrina komfort\u0105, lengvum\u0105 ir ilgaam\u017ei\u0161kum\u0105 kasdien d\u0117vint. Klasikinis juodos ir baltos spalvos dizainas daro model\u012f universal\u0173 ir lengvai derinamas su bet kokiu kasdieniu stiliumi. Patikimas padas u\u017etikrina stabilum\u0105 ir komfort\u0105 vaik\u0161\u010diojant. Gamintojas-Vietnamas. Pasirinkite KNU Old Skool Premium, kad kasdien derintum\u0117te mading\u0105 stili\u0173, prakti\u0161kum\u0105 ir komfort\u0105.<\/p>\n","protected":false},"excerpt":{"rendered":"<p>KNU Old Skool Black \/ White Premium gaminami i\u0161 kokybi\u0161kos tekstil\u0117s, kuri u\u017etikrina komfort\u0105, lengvum\u0105 ir ilgaam\u017ei\u0161kum\u0105 kasdien d\u0117vint. Klasikinis juodos ir baltos spalvos dizainas daro model\u012f universal\u0173 ir lengvai derinamas su bet kokiu kasdieniu stiliumi. Patikimas padas u\u017etikrina stabilum\u0105 ir komfort\u0105 vaik\u0161\u010diojant. Gamintojas-Vietnamas. Pasirinkite KNU Old Skool Premium, kad kasdien derintum\u0117te mading\u0105 stili\u0173, prakti\u0161kum\u0105 ir komfort\u0105.<\/p>\n","protected":false},"featured_media":704449,"comment_status":"open","ping_status":"open","template":"","meta":[],"product_brand":[],"product_cat":[3264,3323],"product_tag":[],"class_list":{"0":"post-704448","1":"product","2":"type-product","3":"status-publish","4":"has-post-thumbnail","6":"product_cat-all-product","7":"product_cat-kedy","8":"pa_rozmir-910","9":"pa_rozmir-912","10":"pa_rozmir-914","11":"pa_rozmir-915","12":"pa_rozmir-916","13":"pa_rozmir-917","14":"pa_rozmir-918","15":"pa_rozmir-919","16":"pa_rozmir-920","17":"pa_rozmir-921","18":"pa_rozmir-922","20":"first","21":"onbackorder","22":"purchasable","23":"product-type-variable"},"_links":{"self":[{"href":"https:\/\/nextsnkr.com\/lt\/wp-json\/wp\/v2\/product\/704448","targetHints":{"allow":["GET"]}}],"collection":[{"href":"https:\/\/nextsnkr.com\/lt\/wp-json\/wp\/v2\/product"}],"about":[{"href":"https:\/\/nextsnkr.com\/lt\/wp-json\/wp\/v2\/types\/product"}],"replies":[{"embeddable":true,"href":"https:\/\/nextsnkr.com\/lt\/wp-json\/wp\/v2\/comments?post=704448"}],"version-history":[{"count":0,"href":"https:\/\/nextsnkr.com\/lt\/wp-json\/wp\/v2\/product\/704448\/revisions"}],"wp:featuredmedia":[{"embeddable":true,"href":"https:\/\/nextsnkr.com\/lt\/wp-json\/wp\/v2\/media\/704449"}],"wp:attachment":[{"href":"https:\/\/nextsnkr.com\/lt\/wp-json\/wp\/v2\/media?parent=704448"}],"wp:term":[{"taxonomy":"product_brand","embeddable":true,"href":"https:\/\/nextsnkr.com\/lt\/wp-json\/wp\/v2\/product_brand?post=704448"},{"taxonomy":"product_cat","embeddable":true,"href":"https:\/\/nextsnkr.com\/lt\/wp-json\/wp\/v2\/product_cat?post=704448"},{"taxonomy":"product_tag","embeddable":true,"href":"https:\/\/nextsnkr.com\/lt\/wp-json\/wp\/v2\/product_tag?post=704448"}],"curies":[{"name":"wp","href":"https:\/\/api.w.org\/{rel}","templated":true}]}}