{"id":699957,"date":"2025-06-14T17:53:00","date_gmt":"2025-06-14T14:53:00","guid":{"rendered":"https:\/\/nextsnkr.com\/product\/air-jordan-black-white\/"},"modified":"2026-02-01T20:12:05","modified_gmt":"2026-02-01T17:12:05","slug":"air-jordan-black-white","status":"publish","type":"product","link":"https:\/\/nextsnkr.com\/lt\/produktas\/air-jordan-black-white\/","title":{"rendered":"Batai Air Jordan Black \/ White &#8211; vyri\u0161ki odiniai sportba\u010diai"},"content":{"rendered":"<h2>Batai Air Jordan Black \/ White &#8211; vyri\u0161ki odiniai sportba\u010diai<\/h2>\n<p>&#8222;Air Jordan Black \/ White&#8221; k\u0117d\u0117s yra pagamintos i\u0161 auk\u0161tos kokyb\u0117s odos, kuri u\u017etikrina patvarum\u0105, komfort\u0105 ir ilgaam\u017ei\u0161kum\u0105. Klasikinis juodos ir baltos spalv\u0173 derinys suteikia stiling\u0105 akcent\u0105 bet kokiam miesto ar sporto \u012fvaizd\u017eiui. Patogus padas u\u017etikrina nusid\u0117v\u0117jim\u0105 ir komfort\u0105 vaik\u0161\u010diojant. Pasirinkite &#8222;Air Jordan Black \/ White&#8221;, kad suderintum\u0117te auk\u0161\u010diausios kokyb\u0117s, modernaus dizaino ir patogumo kasdieniam d\u0117v\u0117jimui.<\/p>\n","protected":false},"excerpt":{"rendered":"<p>&#8222;Air Jordan Black \/ White&#8221; k\u0117d\u0117s yra pagamintos i\u0161 auk\u0161tos kokyb\u0117s odos, kuri u\u017etikrina patvarum\u0105, komfort\u0105 ir ilgaam\u017ei\u0161kum\u0105. Klasikinis juodos ir baltos spalv\u0173 derinys suteikia stiling\u0105 akcent\u0105 bet kokiam miesto ar sporto \u012fvaizd\u017eiui. Patogus padas u\u017etikrina nusid\u0117v\u0117jim\u0105 ir komfort\u0105 vaik\u0161\u010diojant. Pasirinkite &#8222;Air Jordan Black \/ White&#8221;, kad suderintum\u0117te auk\u0161\u010diausios kokyb\u0117s, modernaus dizaino ir patogumo kasdieniam d\u0117v\u0117jimui.<\/p>\n","protected":false},"featured_media":699958,"comment_status":"open","ping_status":"open","template":"","meta":[],"product_brand":[],"product_cat":[3388,3264,3323],"product_tag":[],"class_list":{"0":"post-699957","1":"product","2":"type-product","3":"status-publish","4":"has-post-thumbnail","6":"product_cat-nike-jordan","7":"product_cat-all-product","8":"product_cat-kedy","9":"pa_rozmir-910","10":"pa_rozmir-912","11":"pa_rozmir-914","12":"pa_rozmir-915","13":"pa_rozmir-916","14":"pa_rozmir-917","15":"pa_rozmir-918","16":"pa_rozmir-919","17":"pa_rozmir-920","18":"pa_rozmir-921","19":"pa_rozmir-922","21":"first","22":"instock","23":"purchasable","24":"product-type-variable"},"_links":{"self":[{"href":"https:\/\/nextsnkr.com\/lt\/wp-json\/wp\/v2\/product\/699957","targetHints":{"allow":["GET"]}}],"collection":[{"href":"https:\/\/nextsnkr.com\/lt\/wp-json\/wp\/v2\/product"}],"about":[{"href":"https:\/\/nextsnkr.com\/lt\/wp-json\/wp\/v2\/types\/product"}],"replies":[{"embeddable":true,"href":"https:\/\/nextsnkr.com\/lt\/wp-json\/wp\/v2\/comments?post=699957"}],"version-history":[{"count":0,"href":"https:\/\/nextsnkr.com\/lt\/wp-json\/wp\/v2\/product\/699957\/revisions"}],"wp:featuredmedia":[{"embeddable":true,"href":"https:\/\/nextsnkr.com\/lt\/wp-json\/wp\/v2\/media\/699958"}],"wp:attachment":[{"href":"https:\/\/nextsnkr.com\/lt\/wp-json\/wp\/v2\/media?parent=699957"}],"wp:term":[{"taxonomy":"product_brand","embeddable":true,"href":"https:\/\/nextsnkr.com\/lt\/wp-json\/wp\/v2\/product_brand?post=699957"},{"taxonomy":"product_cat","embeddable":true,"href":"https:\/\/nextsnkr.com\/lt\/wp-json\/wp\/v2\/product_cat?post=699957"},{"taxonomy":"product_tag","embeddable":true,"href":"https:\/\/nextsnkr.com\/lt\/wp-json\/wp\/v2\/product_tag?post=699957"}],"curies":[{"name":"wp","href":"https:\/\/api.w.org\/{rel}","templated":true}]}}