{"id":699095,"date":"2025-06-14T19:43:27","date_gmt":"2025-06-14T16:43:27","guid":{"rendered":"https:\/\/nextsnkr.com\/product\/air-jordan-luka-2\/"},"modified":"2026-02-01T20:11:41","modified_gmt":"2026-02-01T17:11:41","slug":"air-jordan-luka-2","status":"publish","type":"product","link":"https:\/\/nextsnkr.com\/lt\/produktas\/air-jordan-luka-2\/","title":{"rendered":"&#8222;Air Jordan Luka 2&#8221; sportiniai bateliai-vyri\u0161ki odiniai sportiniai krosai"},"content":{"rendered":"<h2>&#8222;Air Jordan Luka 2&#8221; sportiniai bateliai-vyri\u0161ki odiniai sportiniai krosai<\/h2>\n<p>&#8222;Air Jordan Luka 2&#8221; sportiniai bateliai &#8211; auk\u0161tos kokyb\u0117s sportiniai bateliai i\u0161 nat\u016bralios odos, sukurti P\u0117dos komfortui ir palaikymui aktyvaus jud\u0117jimo metu. Tvirtas padas u\u017etikrina nusid\u0117v\u0117jim\u0105 ir atsparum\u0105 \u012fvairiems pavir\u0161iams, o stilingas dizainas pabr\u0117\u017eia \u0161iuolaiki\u0161k\u0105 sportin\u012f \u012fvaizd\u012f. Idealiai tinka kasdieniam d\u0117v\u0117jimui, treniruot\u0117ms ar krep\u0161inio \u017eaidimams, \u0161ie &#8222;Air Jordan&#8221; sportba\u010diai sujungia prek\u0117s \u017eenkl\u0105, kokyb\u0119 ir komfort\u0105, suteikiant patikimum\u0105 ir pasitik\u0117jim\u0105 kiekvienu \u017eingsniu.<\/p>\n","protected":false},"excerpt":{"rendered":"<p>&#8222;Air Jordan Luka 2&#8221; sportiniai bateliai &#8211; auk\u0161tos kokyb\u0117s sportiniai bateliai i\u0161 nat\u016bralios odos, sukurti P\u0117dos komfortui ir palaikymui aktyvaus jud\u0117jimo metu. Tvirtas padas u\u017etikrina nusid\u0117v\u0117jim\u0105 ir atsparum\u0105 \u012fvairiems pavir\u0161iams, o stilingas dizainas pabr\u0117\u017eia \u0161iuolaiki\u0161k\u0105 sportin\u012f \u012fvaizd\u012f. Idealiai tinka kasdieniam d\u0117v\u0117jimui, treniruot\u0117ms ar krep\u0161inio \u017eaidimams, \u0161ie &#8222;Air Jordan&#8221; sportba\u010diai sujungia prek\u0117s \u017eenkl\u0105, kokyb\u0119 ir komfort\u0105, suteikiant patikimum\u0105 ir pasitik\u0117jim\u0105 kiekvienu \u017eingsniu.<\/p>\n","protected":false},"featured_media":699096,"comment_status":"open","ping_status":"open","template":"","meta":[],"product_brand":[],"product_cat":[3388,3264,3265],"product_tag":[],"class_list":{"0":"post-699095","1":"product","2":"type-product","3":"status-publish","4":"has-post-thumbnail","6":"product_cat-nike-jordan","7":"product_cat-all-product","8":"product_cat-krosivky","9":"pa_rozmir-910","10":"pa_rozmir-912","11":"pa_rozmir-914","12":"pa_rozmir-915","13":"pa_rozmir-916","14":"pa_rozmir-917","15":"pa_rozmir-918","16":"pa_rozmir-919","17":"pa_rozmir-920","18":"pa_rozmir-921","19":"pa_rozmir-922","21":"first","22":"instock","23":"purchasable","24":"product-type-variable"},"_links":{"self":[{"href":"https:\/\/nextsnkr.com\/lt\/wp-json\/wp\/v2\/product\/699095","targetHints":{"allow":["GET"]}}],"collection":[{"href":"https:\/\/nextsnkr.com\/lt\/wp-json\/wp\/v2\/product"}],"about":[{"href":"https:\/\/nextsnkr.com\/lt\/wp-json\/wp\/v2\/types\/product"}],"replies":[{"embeddable":true,"href":"https:\/\/nextsnkr.com\/lt\/wp-json\/wp\/v2\/comments?post=699095"}],"version-history":[{"count":0,"href":"https:\/\/nextsnkr.com\/lt\/wp-json\/wp\/v2\/product\/699095\/revisions"}],"wp:featuredmedia":[{"embeddable":true,"href":"https:\/\/nextsnkr.com\/lt\/wp-json\/wp\/v2\/media\/699096"}],"wp:attachment":[{"href":"https:\/\/nextsnkr.com\/lt\/wp-json\/wp\/v2\/media?parent=699095"}],"wp:term":[{"taxonomy":"product_brand","embeddable":true,"href":"https:\/\/nextsnkr.com\/lt\/wp-json\/wp\/v2\/product_brand?post=699095"},{"taxonomy":"product_cat","embeddable":true,"href":"https:\/\/nextsnkr.com\/lt\/wp-json\/wp\/v2\/product_cat?post=699095"},{"taxonomy":"product_tag","embeddable":true,"href":"https:\/\/nextsnkr.com\/lt\/wp-json\/wp\/v2\/product_tag?post=699095"}],"curies":[{"name":"wp","href":"https:\/\/api.w.org\/{rel}","templated":true}]}}