{"id":698193,"date":"2025-06-16T21:43:32","date_gmt":"2025-06-16T18:43:32","guid":{"rendered":"https:\/\/nextsnkr.com\/product\/nike-air-jordan-1-retro-high-silver-toe\/"},"modified":"2026-02-01T20:11:17","modified_gmt":"2026-02-01T17:11:17","slug":"nike-air-jordan-1-retro-high-silver-toe","status":"publish","type":"product","link":"https:\/\/nextsnkr.com\/lt\/produktas\/nike-air-jordan-1-retro-high-silver-toe\/","title":{"rendered":"Dvira\u010diai Nike Air Jordan 1 Retro High Silver Toe oda"},"content":{"rendered":"<h2>Dvira\u010diai Nike Air Jordan 1 Retro High Silver Toe oda<\/h2>\n<p>Klasikiniai Nike Air Jordan 1 retro High Silver Toe gaminami i\u0161 nat\u016bralios odos su tvirtu guminiu padu komfortui ir stabilumui. Modelis pasi\u017eymi stilinga sidabrine kojine ir auk\u0161\u010diausios kokyb\u0117s komplektacija: Juoda Nike Jordan d\u0117\u017eut\u0117, pakavimo popierius, Stock X komplektas, Nike u\u017esegimas ir plastikin\u0117 kortel\u0117. Gaminami Vietname, \u0161ie k\u0117d\u0117s sveria 786 g ir sujungia legendin\u012f Nike prek\u0117s \u017eenklo dizain\u0105 su kokybe ir prakti\u0161kumu kasdieniniam d\u0117v\u0117jimui.<\/p>\n","protected":false},"excerpt":{"rendered":"<p>Klasikiniai Nike Air Jordan 1 retro High Silver Toe gaminami i\u0161 nat\u016bralios odos su tvirtu guminiu padu komfortui ir stabilumui. Modelis pasi\u017eymi stilinga sidabrine kojine ir auk\u0161\u010diausios kokyb\u0117s komplektacija: Juoda Nike Jordan d\u0117\u017eut\u0117, pakavimo popierius, Stock X komplektas, Nike u\u017esegimas ir plastikin\u0117 kortel\u0117. Gaminami Vietname, \u0161ie k\u0117d\u0117s sveria 786 g ir sujungia legendin\u012f Nike prek\u0117s \u017eenklo dizain\u0105 su kokybe ir prakti\u0161kumu kasdieniniam d\u0117v\u0117jimui.<\/p>\n","protected":false},"featured_media":698195,"comment_status":"open","ping_status":"open","template":"","meta":[],"product_brand":[],"product_cat":[3388,3264,3323],"product_tag":[],"class_list":{"0":"post-698193","1":"product","2":"type-product","3":"status-publish","4":"has-post-thumbnail","6":"product_cat-nike-jordan","7":"product_cat-all-product","8":"product_cat-kedy","9":"pa_rozmir-910","10":"pa_rozmir-912","11":"pa_rozmir-914","12":"pa_rozmir-915","13":"pa_rozmir-916","14":"pa_rozmir-917","15":"pa_rozmir-918","16":"pa_rozmir-919","17":"pa_rozmir-920","18":"pa_rozmir-921","19":"pa_rozmir-922","21":"first","22":"onbackorder","23":"purchasable","24":"product-type-variable"},"_links":{"self":[{"href":"https:\/\/nextsnkr.com\/lt\/wp-json\/wp\/v2\/product\/698193","targetHints":{"allow":["GET"]}}],"collection":[{"href":"https:\/\/nextsnkr.com\/lt\/wp-json\/wp\/v2\/product"}],"about":[{"href":"https:\/\/nextsnkr.com\/lt\/wp-json\/wp\/v2\/types\/product"}],"replies":[{"embeddable":true,"href":"https:\/\/nextsnkr.com\/lt\/wp-json\/wp\/v2\/comments?post=698193"}],"version-history":[{"count":0,"href":"https:\/\/nextsnkr.com\/lt\/wp-json\/wp\/v2\/product\/698193\/revisions"}],"wp:featuredmedia":[{"embeddable":true,"href":"https:\/\/nextsnkr.com\/lt\/wp-json\/wp\/v2\/media\/698195"}],"wp:attachment":[{"href":"https:\/\/nextsnkr.com\/lt\/wp-json\/wp\/v2\/media?parent=698193"}],"wp:term":[{"taxonomy":"product_brand","embeddable":true,"href":"https:\/\/nextsnkr.com\/lt\/wp-json\/wp\/v2\/product_brand?post=698193"},{"taxonomy":"product_cat","embeddable":true,"href":"https:\/\/nextsnkr.com\/lt\/wp-json\/wp\/v2\/product_cat?post=698193"},{"taxonomy":"product_tag","embeddable":true,"href":"https:\/\/nextsnkr.com\/lt\/wp-json\/wp\/v2\/product_tag?post=698193"}],"curies":[{"name":"wp","href":"https:\/\/api.w.org\/{rel}","templated":true}]}}