{"id":695518,"date":"2025-06-16T21:52:19","date_gmt":"2025-06-16T18:52:19","guid":{"rendered":"https:\/\/nextsnkr.com\/product\/nike-air-jordan-4-retro-royalty\/"},"modified":"2026-02-01T20:09:48","modified_gmt":"2026-02-01T17:09:48","slug":"nike-air-jordan-4-retro-royalty","status":"publish","type":"product","link":"https:\/\/nextsnkr.com\/lt\/produktas\/nike-air-jordan-4-retro-royalty\/","title":{"rendered":"Nike Air Jordan 4 Retro Royalty sportiniai bateliai"},"content":{"rendered":"<h2>Nike Air Jordan 4 Retro Royalty sportiniai bateliai<\/h2>\n<p>Nike Air Jordan 4 Retro Royalty \u2014 stilingas nubuko modelis, jungiantis komfort\u0105, patvarum\u0105 ir auk\u0161\u010diausios kokyb\u0117s dizain\u0105. Auk\u0161tas siluetas u\u017etikrina patikim\u0105 kulk\u0161nies palaikym\u0105, o apgalvotas padas u\u017etikrina patogum\u0105 d\u0117vint kasdien. So\u010di\u0173j\u0173 royalty spalva prideda elegancijos ir daro sportba\u010dius pastebimu akcentu bet kokiame \u012fvaizdyje. Idealus pasirinkimas &#8222;Jordan&#8221; gerb\u0117jams ir tiems, kurie vertina stili\u0173 ir kokyb\u0119.<\/p>\n","protected":false},"excerpt":{"rendered":"<p>Nike Air Jordan 4 Retro Royalty \u2014 stilingas nubuko modelis, jungiantis komfort\u0105, patvarum\u0105 ir auk\u0161\u010diausios kokyb\u0117s dizain\u0105. Auk\u0161tas siluetas u\u017etikrina patikim\u0105 kulk\u0161nies palaikym\u0105, o apgalvotas padas u\u017etikrina patogum\u0105 d\u0117vint kasdien. So\u010di\u0173j\u0173 royalty spalva prideda elegancijos ir daro sportba\u010dius pastebimu akcentu bet kokiame \u012fvaizdyje. Idealus pasirinkimas &#8222;Jordan&#8221; gerb\u0117jams ir tiems, kurie vertina stili\u0173 ir kokyb\u0119.<\/p>\n","protected":false},"featured_media":695521,"comment_status":"open","ping_status":"open","template":"","meta":[],"product_brand":[],"product_cat":[3388,3264,3265],"product_tag":[],"class_list":{"0":"post-695518","1":"product","2":"type-product","3":"status-publish","4":"has-post-thumbnail","6":"product_cat-nike-jordan","7":"product_cat-all-product","8":"product_cat-krosivky","9":"pa_rozmir-910","10":"pa_rozmir-912","11":"pa_rozmir-914","12":"pa_rozmir-915","13":"pa_rozmir-916","14":"pa_rozmir-917","15":"pa_rozmir-918","16":"pa_rozmir-919","17":"pa_rozmir-920","18":"pa_rozmir-921","19":"pa_rozmir-922","21":"first","22":"onbackorder","23":"purchasable","24":"product-type-variable"},"_links":{"self":[{"href":"https:\/\/nextsnkr.com\/lt\/wp-json\/wp\/v2\/product\/695518","targetHints":{"allow":["GET"]}}],"collection":[{"href":"https:\/\/nextsnkr.com\/lt\/wp-json\/wp\/v2\/product"}],"about":[{"href":"https:\/\/nextsnkr.com\/lt\/wp-json\/wp\/v2\/types\/product"}],"replies":[{"embeddable":true,"href":"https:\/\/nextsnkr.com\/lt\/wp-json\/wp\/v2\/comments?post=695518"}],"version-history":[{"count":0,"href":"https:\/\/nextsnkr.com\/lt\/wp-json\/wp\/v2\/product\/695518\/revisions"}],"wp:featuredmedia":[{"embeddable":true,"href":"https:\/\/nextsnkr.com\/lt\/wp-json\/wp\/v2\/media\/695521"}],"wp:attachment":[{"href":"https:\/\/nextsnkr.com\/lt\/wp-json\/wp\/v2\/media?parent=695518"}],"wp:term":[{"taxonomy":"product_brand","embeddable":true,"href":"https:\/\/nextsnkr.com\/lt\/wp-json\/wp\/v2\/product_brand?post=695518"},{"taxonomy":"product_cat","embeddable":true,"href":"https:\/\/nextsnkr.com\/lt\/wp-json\/wp\/v2\/product_cat?post=695518"},{"taxonomy":"product_tag","embeddable":true,"href":"https:\/\/nextsnkr.com\/lt\/wp-json\/wp\/v2\/product_tag?post=695518"}],"curies":[{"name":"wp","href":"https:\/\/api.w.org\/{rel}","templated":true}]}}