{"id":695416,"date":"2025-06-18T19:22:44","date_gmt":"2025-06-18T16:22:44","guid":{"rendered":"https:\/\/nextsnkr.com\/product\/givenchy-lime\/"},"modified":"2026-02-01T20:09:43","modified_gmt":"2026-02-01T17:09:43","slug":"givenchy-lime","status":"publish","type":"product","link":"https:\/\/nextsnkr.com\/lt\/produktas\/givenchy-lime\/","title":{"rendered":"Givenchy Lime \u0161lepet\u0117s i\u0161 auk\u0161tos kokyb\u0117s gumos patogiam d\u0117v\u0117jimui"},"content":{"rendered":"<h2>Givenchy Lime \u0161lepet\u0117s i\u0161 auk\u0161tos kokyb\u0117s gumos patogiam d\u0117v\u0117jimui<\/h2>\n<p>Stilingos ir ry\u0161kios &#8222;GIVENCHY Lime&#8221; \u0161lepet\u0117s yra pagamintos i\u0161 tvirtos gumos, kuri u\u017etikrina komfort\u0105 ir ilgaam\u017ei\u0161kum\u0105. Idealiai tinka kasdien\u0117ms kojin\u0117ms namuose, papl\u016bdimyje ar poilsiui gamtoje. Modelis sujungia modern\u0173 dizain\u0105 ir prakti\u0161kum\u0105, pabr\u0117\u017eia j\u016bs\u0173 stili\u0173 ir skon\u012f. Auk\u0161ta med\u017eiagos kokyb\u0117 garantuoja lengvum\u0105, lankstum\u0105 ir patikimum\u0105 bet kokiomis s\u0105lygomis.<\/p>\n","protected":false},"excerpt":{"rendered":"<p>Stilingos ir ry\u0161kios &#8222;GIVENCHY Lime&#8221; \u0161lepet\u0117s yra pagamintos i\u0161 tvirtos gumos, kuri u\u017etikrina komfort\u0105 ir ilgaam\u017ei\u0161kum\u0105. Idealiai tinka kasdien\u0117ms kojin\u0117ms namuose, papl\u016bdimyje ar poilsiui gamtoje. Modelis sujungia modern\u0173 dizain\u0105 ir prakti\u0161kum\u0105, pabr\u0117\u017eia j\u016bs\u0173 stili\u0173 ir skon\u012f. Auk\u0161ta med\u017eiagos kokyb\u0117 garantuoja lengvum\u0105, lankstum\u0105 ir patikimum\u0105 bet kokiomis s\u0105lygomis.<\/p>\n","protected":false},"featured_media":695418,"comment_status":"open","ping_status":"open","template":"","meta":[],"product_brand":[],"product_cat":[3264,3425],"product_tag":[],"class_list":{"0":"post-695416","1":"product","2":"type-product","3":"status-publish","4":"has-post-thumbnail","6":"product_cat-all-product","7":"product_cat-shlopantsi","8":"pa_rozmir-910","9":"pa_rozmir-912","10":"pa_rozmir-914","11":"pa_rozmir-915","12":"pa_rozmir-916","13":"pa_rozmir-917","14":"pa_rozmir-918","15":"pa_rozmir-919","16":"pa_rozmir-920","17":"pa_rozmir-921","18":"pa_rozmir-922","20":"first","21":"onbackorder","22":"purchasable","23":"product-type-variable"},"_links":{"self":[{"href":"https:\/\/nextsnkr.com\/lt\/wp-json\/wp\/v2\/product\/695416","targetHints":{"allow":["GET"]}}],"collection":[{"href":"https:\/\/nextsnkr.com\/lt\/wp-json\/wp\/v2\/product"}],"about":[{"href":"https:\/\/nextsnkr.com\/lt\/wp-json\/wp\/v2\/types\/product"}],"replies":[{"embeddable":true,"href":"https:\/\/nextsnkr.com\/lt\/wp-json\/wp\/v2\/comments?post=695416"}],"version-history":[{"count":0,"href":"https:\/\/nextsnkr.com\/lt\/wp-json\/wp\/v2\/product\/695416\/revisions"}],"wp:featuredmedia":[{"embeddable":true,"href":"https:\/\/nextsnkr.com\/lt\/wp-json\/wp\/v2\/media\/695418"}],"wp:attachment":[{"href":"https:\/\/nextsnkr.com\/lt\/wp-json\/wp\/v2\/media?parent=695416"}],"wp:term":[{"taxonomy":"product_brand","embeddable":true,"href":"https:\/\/nextsnkr.com\/lt\/wp-json\/wp\/v2\/product_brand?post=695416"},{"taxonomy":"product_cat","embeddable":true,"href":"https:\/\/nextsnkr.com\/lt\/wp-json\/wp\/v2\/product_cat?post=695416"},{"taxonomy":"product_tag","embeddable":true,"href":"https:\/\/nextsnkr.com\/lt\/wp-json\/wp\/v2\/product_tag?post=695416"}],"curies":[{"name":"wp","href":"https:\/\/api.w.org\/{rel}","templated":true}]}}