{"id":695085,"date":"2025-06-18T19:23:32","date_gmt":"2025-06-18T16:23:32","guid":{"rendered":"https:\/\/nextsnkr.com\/product\/trainer-sneaker\/"},"modified":"2026-02-01T20:09:34","modified_gmt":"2026-02-01T17:09:34","slug":"trainer-sneaker","status":"publish","type":"product","link":"https:\/\/nextsnkr.com\/lt\/produktas\/trainer-sneaker\/","title":{"rendered":"Trainer Sneaker sportba\u010diai &#8211; stilingi odiniai sportba\u010diai kasdieniam d\u0117v\u0117jimui"},"content":{"rendered":"<h2>Trainer Sneaker sportba\u010diai &#8211; stilingi odiniai sportba\u010diai kasdieniam d\u0117v\u0117jimui<\/h2>\n<p>Stilingi Trainer Sneaker sportiniai bateliai yra pagaminti i\u0161 nat\u016bralios odos, kuri u\u017etikrina ilgaam\u017ei\u0161kum\u0105, komfort\u0105 ir ilgaam\u017ei\u0161kum\u0105. Klasikinis dizainas lengvai derinamas su kasdieniais drabu\u017eiais, o apgalvotas padas u\u017etikrina nusid\u0117v\u0117jim\u0105 ir patogum\u0105 aktyvios dienos metu. Lengvas ir patvarus dizainas daro \u0161iuos sportinius batelius idealiu pasirinkimu miesto pasivaik\u0161\u010diojimams, darbui ar sportiniam stiliui. Idealiai tinka tiems, kurie vertina kokyb\u0119, komfort\u0105 ir \u0161iuolaiki\u0161k\u0105 dizain\u0105.<\/p>\n","protected":false},"excerpt":{"rendered":"<p>Stilingi Trainer Sneaker sportiniai bateliai yra pagaminti i\u0161 nat\u016bralios odos, kuri u\u017etikrina ilgaam\u017ei\u0161kum\u0105, komfort\u0105 ir ilgaam\u017ei\u0161kum\u0105. Klasikinis dizainas lengvai derinamas su kasdieniais drabu\u017eiais, o apgalvotas padas u\u017etikrina nusid\u0117v\u0117jim\u0105 ir patogum\u0105 aktyvios dienos metu. Lengvas ir patvarus dizainas daro \u0161iuos sportinius batelius idealiu pasirinkimu miesto pasivaik\u0161\u010diojimams, darbui ar sportiniam stiliui. Idealiai tinka tiems, kurie vertina kokyb\u0119, komfort\u0105 ir \u0161iuolaiki\u0161k\u0105 dizain\u0105.<\/p>\n","protected":false},"featured_media":695089,"comment_status":"open","ping_status":"open","template":"","meta":[],"product_brand":[],"product_cat":[3264,3323],"product_tag":[],"class_list":{"0":"post-695085","1":"product","2":"type-product","3":"status-publish","4":"has-post-thumbnail","6":"product_cat-all-product","7":"product_cat-kedy","8":"pa_rozmir-910","9":"pa_rozmir-912","10":"pa_rozmir-914","11":"pa_rozmir-915","12":"pa_rozmir-916","13":"pa_rozmir-917","14":"pa_rozmir-918","15":"pa_rozmir-919","16":"pa_rozmir-920","17":"pa_rozmir-921","18":"pa_rozmir-922","20":"first","21":"instock","22":"purchasable","23":"product-type-variable"},"_links":{"self":[{"href":"https:\/\/nextsnkr.com\/lt\/wp-json\/wp\/v2\/product\/695085","targetHints":{"allow":["GET"]}}],"collection":[{"href":"https:\/\/nextsnkr.com\/lt\/wp-json\/wp\/v2\/product"}],"about":[{"href":"https:\/\/nextsnkr.com\/lt\/wp-json\/wp\/v2\/types\/product"}],"replies":[{"embeddable":true,"href":"https:\/\/nextsnkr.com\/lt\/wp-json\/wp\/v2\/comments?post=695085"}],"version-history":[{"count":0,"href":"https:\/\/nextsnkr.com\/lt\/wp-json\/wp\/v2\/product\/695085\/revisions"}],"wp:featuredmedia":[{"embeddable":true,"href":"https:\/\/nextsnkr.com\/lt\/wp-json\/wp\/v2\/media\/695089"}],"wp:attachment":[{"href":"https:\/\/nextsnkr.com\/lt\/wp-json\/wp\/v2\/media?parent=695085"}],"wp:term":[{"taxonomy":"product_brand","embeddable":true,"href":"https:\/\/nextsnkr.com\/lt\/wp-json\/wp\/v2\/product_brand?post=695085"},{"taxonomy":"product_cat","embeddable":true,"href":"https:\/\/nextsnkr.com\/lt\/wp-json\/wp\/v2\/product_cat?post=695085"},{"taxonomy":"product_tag","embeddable":true,"href":"https:\/\/nextsnkr.com\/lt\/wp-json\/wp\/v2\/product_tag?post=695085"}],"curies":[{"name":"wp","href":"https:\/\/api.w.org\/{rel}","templated":true}]}}