{"id":694514,"date":"2025-06-16T21:54:41","date_gmt":"2025-06-16T18:54:41","guid":{"rendered":"https:\/\/nextsnkr.com\/product\/nike-air-jordan-4-retro-se-wet-cement\/"},"modified":"2026-02-01T20:09:21","modified_gmt":"2026-02-01T17:09:21","slug":"nike-air-jordan-4-retro-se-wet-cement","status":"publish","type":"product","link":"https:\/\/nextsnkr.com\/lt\/produktas\/nike-air-jordan-4-retro-se-wet-cement\/","title":{"rendered":"Nike Air Jordan 4 Retro se Wet Cement sportba\u010diai"},"content":{"rendered":"<h2>Nike Air Jordan 4 Retro se Wet Cement sportba\u010diai<\/h2>\n<p>Nike Air Jordan 4 Retro se Wet Cement sportba\u010diai pagaminti i\u0161 odos ir tekstil\u0117s derinio, kuris u\u017etikrina komfort\u0105, tvirtum\u0105 ir stiling\u0105 i\u0161vaizd\u0105. Klasikinis dizainas su cemento akcentais pabr\u0117\u017eia \u0161iuolaikin\u012f miesto stili\u0173 ir \u012fvaizd\u017eio universalum\u0105. Patikimas padas u\u017etikrina nusid\u0117v\u0117jim\u0105 ir patogum\u0105 kasdien d\u0117vint. \u0160ie sportiniai bateliai, pagaminti Vietname, derina puiki\u0105 kokyb\u0119, ilgaam\u017ei\u0161kum\u0105 ir legendin\u012f &#8222;Air Jordan&#8221; stili\u0173 aktyviam gyvenimo b\u016bdui.<\/p>\n","protected":false},"excerpt":{"rendered":"<p>Nike Air Jordan 4 Retro se Wet Cement sportba\u010diai pagaminti i\u0161 odos ir tekstil\u0117s derinio, kuris u\u017etikrina komfort\u0105, tvirtum\u0105 ir stiling\u0105 i\u0161vaizd\u0105. Klasikinis dizainas su cemento akcentais pabr\u0117\u017eia \u0161iuolaikin\u012f miesto stili\u0173 ir \u012fvaizd\u017eio universalum\u0105. Patikimas padas u\u017etikrina nusid\u0117v\u0117jim\u0105 ir patogum\u0105 kasdien d\u0117vint. \u0160ie sportiniai bateliai, pagaminti Vietname, derina puiki\u0105 kokyb\u0119, ilgaam\u017ei\u0161kum\u0105 ir legendin\u012f &#8222;Air Jordan&#8221; stili\u0173 aktyviam gyvenimo b\u016bdui.<\/p>\n","protected":false},"featured_media":694515,"comment_status":"open","ping_status":"open","template":"","meta":[],"product_brand":[],"product_cat":[3388,3264,3265],"product_tag":[],"class_list":{"0":"post-694514","1":"product","2":"type-product","3":"status-publish","4":"has-post-thumbnail","6":"product_cat-nike-jordan","7":"product_cat-all-product","8":"product_cat-krosivky","9":"pa_rozmir-910","10":"pa_rozmir-912","11":"pa_rozmir-914","12":"pa_rozmir-915","13":"pa_rozmir-916","14":"pa_rozmir-917","15":"pa_rozmir-918","16":"pa_rozmir-919","17":"pa_rozmir-920","18":"pa_rozmir-921","19":"pa_rozmir-922","21":"first","22":"onbackorder","23":"purchasable","24":"product-type-variable"},"_links":{"self":[{"href":"https:\/\/nextsnkr.com\/lt\/wp-json\/wp\/v2\/product\/694514","targetHints":{"allow":["GET"]}}],"collection":[{"href":"https:\/\/nextsnkr.com\/lt\/wp-json\/wp\/v2\/product"}],"about":[{"href":"https:\/\/nextsnkr.com\/lt\/wp-json\/wp\/v2\/types\/product"}],"replies":[{"embeddable":true,"href":"https:\/\/nextsnkr.com\/lt\/wp-json\/wp\/v2\/comments?post=694514"}],"version-history":[{"count":0,"href":"https:\/\/nextsnkr.com\/lt\/wp-json\/wp\/v2\/product\/694514\/revisions"}],"wp:featuredmedia":[{"embeddable":true,"href":"https:\/\/nextsnkr.com\/lt\/wp-json\/wp\/v2\/media\/694515"}],"wp:attachment":[{"href":"https:\/\/nextsnkr.com\/lt\/wp-json\/wp\/v2\/media?parent=694514"}],"wp:term":[{"taxonomy":"product_brand","embeddable":true,"href":"https:\/\/nextsnkr.com\/lt\/wp-json\/wp\/v2\/product_brand?post=694514"},{"taxonomy":"product_cat","embeddable":true,"href":"https:\/\/nextsnkr.com\/lt\/wp-json\/wp\/v2\/product_cat?post=694514"},{"taxonomy":"product_tag","embeddable":true,"href":"https:\/\/nextsnkr.com\/lt\/wp-json\/wp\/v2\/product_tag?post=694514"}],"curies":[{"name":"wp","href":"https:\/\/api.w.org\/{rel}","templated":true}]}}