{"id":694344,"date":"2025-06-18T19:25:08","date_gmt":"2025-06-18T16:25:08","guid":{"rendered":"https:\/\/nextsnkr.com\/product\/skate-sneaker-beige-white\/"},"modified":"2026-02-01T20:09:16","modified_gmt":"2026-02-01T17:09:16","slug":"skate-sneaker-beige-white","status":"publish","type":"product","link":"https:\/\/nextsnkr.com\/lt\/produktas\/skate-sneaker-beige-white\/","title":{"rendered":"Skate Sneaker Beige White &#8211; tekstiliniai stilingi krep\u0161iai"},"content":{"rendered":"<h2>Skate Sneaker Beige White &#8211; tekstiliniai stilingi krep\u0161iai<\/h2>\n<p>&#8222;Skate Sneaker Beige White&#8221; modeliai derina komfort\u0105 ir modern\u0173 dizain\u0105. Pagaminti i\u0161 auk\u0161tos kokyb\u0117s tekstil\u0117s, jie suteikia lengvumo ir kv\u0117pavimo savybes d\u0117vint. Idealiai tinka kasdieniam naudojimui ir aktyviam poilsiui. Prek\u0117s \u017eenklo &#8222;Skate Sneaker&#8221; modelis pasi\u017eymi stilingu Sm\u0117lio spalvos spalv\u0173 ir med\u017eiag\u0173 stiprumo deriniu. Gamintojas-Kinija. Rinkit\u0117s komfort\u0105 ir stili\u0173 kiekviename \u017eingsnyje.<\/p>\n","protected":false},"excerpt":{"rendered":"<p>&#8222;Skate Sneaker Beige White&#8221; modeliai derina komfort\u0105 ir modern\u0173 dizain\u0105. Pagaminti i\u0161 auk\u0161tos kokyb\u0117s tekstil\u0117s, jie suteikia lengvumo ir kv\u0117pavimo savybes d\u0117vint. Idealiai tinka kasdieniam naudojimui ir aktyviam poilsiui. Prek\u0117s \u017eenklo &#8222;Skate Sneaker&#8221; modelis pasi\u017eymi stilingu Sm\u0117lio spalvos spalv\u0173 ir med\u017eiag\u0173 stiprumo deriniu. Gamintojas-Kinija. Rinkit\u0117s komfort\u0105 ir stili\u0173 kiekviename \u017eingsnyje.<\/p>\n","protected":false},"featured_media":694345,"comment_status":"open","ping_status":"open","template":"","meta":[],"product_brand":[],"product_cat":[3264,3323],"product_tag":[],"class_list":{"0":"post-694344","1":"product","2":"type-product","3":"status-publish","4":"has-post-thumbnail","6":"product_cat-all-product","7":"product_cat-kedy","8":"pa_rozmir-910","9":"pa_rozmir-912","10":"pa_rozmir-914","11":"pa_rozmir-915","12":"pa_rozmir-916","13":"pa_rozmir-917","14":"pa_rozmir-918","15":"pa_rozmir-919","16":"pa_rozmir-920","17":"pa_rozmir-921","18":"pa_rozmir-922","20":"first","21":"onbackorder","22":"purchasable","23":"product-type-variable"},"_links":{"self":[{"href":"https:\/\/nextsnkr.com\/lt\/wp-json\/wp\/v2\/product\/694344","targetHints":{"allow":["GET"]}}],"collection":[{"href":"https:\/\/nextsnkr.com\/lt\/wp-json\/wp\/v2\/product"}],"about":[{"href":"https:\/\/nextsnkr.com\/lt\/wp-json\/wp\/v2\/types\/product"}],"replies":[{"embeddable":true,"href":"https:\/\/nextsnkr.com\/lt\/wp-json\/wp\/v2\/comments?post=694344"}],"version-history":[{"count":0,"href":"https:\/\/nextsnkr.com\/lt\/wp-json\/wp\/v2\/product\/694344\/revisions"}],"wp:featuredmedia":[{"embeddable":true,"href":"https:\/\/nextsnkr.com\/lt\/wp-json\/wp\/v2\/media\/694345"}],"wp:attachment":[{"href":"https:\/\/nextsnkr.com\/lt\/wp-json\/wp\/v2\/media?parent=694344"}],"wp:term":[{"taxonomy":"product_brand","embeddable":true,"href":"https:\/\/nextsnkr.com\/lt\/wp-json\/wp\/v2\/product_brand?post=694344"},{"taxonomy":"product_cat","embeddable":true,"href":"https:\/\/nextsnkr.com\/lt\/wp-json\/wp\/v2\/product_cat?post=694344"},{"taxonomy":"product_tag","embeddable":true,"href":"https:\/\/nextsnkr.com\/lt\/wp-json\/wp\/v2\/product_tag?post=694344"}],"curies":[{"name":"wp","href":"https:\/\/api.w.org\/{rel}","templated":true}]}}