{"id":693613,"date":"2025-06-16T21:57:57","date_gmt":"2025-06-16T18:57:57","guid":{"rendered":"https:\/\/nextsnkr.com\/product\/nike-air-jordan-4-white-tunder\/"},"modified":"2026-02-01T20:08:43","modified_gmt":"2026-02-01T17:08:43","slug":"nike-air-jordan-4-white-tunder","status":"publish","type":"product","link":"https:\/\/nextsnkr.com\/lt\/produktas\/nike-air-jordan-4-white-tunder\/","title":{"rendered":"Nike Air Jordan 4 White Thunder-Nubuk ta tekstil\u0117"},"content":{"rendered":"<h2>Nike Air Jordan 4 White Thunder-Nubuk ta tekstil\u0117<\/h2>\n<p>&#8222;Nike Air Jordan 4 White Thunder&#8221; sportba\u010diai yra stilingas ir patogus modelis, skirtas kasdieniniam d\u0117v\u0117jimui ir aktyviam gyvenimo b\u016bdui. Pagaminta i\u0161 nubuko ir tekstil\u0117s derinio, jie u\u017etikrina komfort\u0105, stiprum\u0105 ir ger\u0105 ventiliacij\u0105. Kontrastingas baltos spalvos derinys su Thunder atspalviu prideda modernumo ir universalumo. Gamyklin\u0117 gamyba Vietname garantuoja auk\u0161t\u0105 na\u0161umo kokyb\u0119 ir ilgaam\u017ei\u0161kum\u0105. Pasirinkite &#8222;Nike Air Jordan 4 White Thunder&#8221; stiliui, komfortui ir pasitik\u0117jimui kiekvienu \u017eingsniu.<\/p>\n","protected":false},"excerpt":{"rendered":"<p>&#8222;Nike Air Jordan 4 White Thunder&#8221; sportba\u010diai yra stilingas ir patogus modelis, skirtas kasdieniniam d\u0117v\u0117jimui ir aktyviam gyvenimo b\u016bdui. Pagaminta i\u0161 nubuko ir tekstil\u0117s derinio, jie u\u017etikrina komfort\u0105, stiprum\u0105 ir ger\u0105 ventiliacij\u0105. Kontrastingas baltos spalvos derinys su Thunder atspalviu prideda modernumo ir universalumo. Gamyklin\u0117 gamyba Vietname garantuoja auk\u0161t\u0105 na\u0161umo kokyb\u0119 ir ilgaam\u017ei\u0161kum\u0105. Pasirinkite &#8222;Nike Air Jordan 4 White Thunder&#8221; stiliui, komfortui ir pasitik\u0117jimui kiekvienu \u017eingsniu.<\/p>\n","protected":false},"featured_media":693614,"comment_status":"open","ping_status":"open","template":"","meta":[],"product_brand":[],"product_cat":[3388,3264,3265],"product_tag":[],"class_list":{"0":"post-693613","1":"product","2":"type-product","3":"status-publish","4":"has-post-thumbnail","6":"product_cat-nike-jordan","7":"product_cat-all-product","8":"product_cat-krosivky","9":"pa_rozmir-910","10":"pa_rozmir-912","11":"pa_rozmir-914","12":"pa_rozmir-915","13":"pa_rozmir-916","14":"pa_rozmir-917","15":"pa_rozmir-918","16":"pa_rozmir-919","17":"pa_rozmir-920","18":"pa_rozmir-921","19":"pa_rozmir-922","21":"first","22":"onbackorder","23":"purchasable","24":"product-type-variable"},"_links":{"self":[{"href":"https:\/\/nextsnkr.com\/lt\/wp-json\/wp\/v2\/product\/693613","targetHints":{"allow":["GET"]}}],"collection":[{"href":"https:\/\/nextsnkr.com\/lt\/wp-json\/wp\/v2\/product"}],"about":[{"href":"https:\/\/nextsnkr.com\/lt\/wp-json\/wp\/v2\/types\/product"}],"replies":[{"embeddable":true,"href":"https:\/\/nextsnkr.com\/lt\/wp-json\/wp\/v2\/comments?post=693613"}],"version-history":[{"count":0,"href":"https:\/\/nextsnkr.com\/lt\/wp-json\/wp\/v2\/product\/693613\/revisions"}],"wp:featuredmedia":[{"embeddable":true,"href":"https:\/\/nextsnkr.com\/lt\/wp-json\/wp\/v2\/media\/693614"}],"wp:attachment":[{"href":"https:\/\/nextsnkr.com\/lt\/wp-json\/wp\/v2\/media?parent=693613"}],"wp:term":[{"taxonomy":"product_brand","embeddable":true,"href":"https:\/\/nextsnkr.com\/lt\/wp-json\/wp\/v2\/product_brand?post=693613"},{"taxonomy":"product_cat","embeddable":true,"href":"https:\/\/nextsnkr.com\/lt\/wp-json\/wp\/v2\/product_cat?post=693613"},{"taxonomy":"product_tag","embeddable":true,"href":"https:\/\/nextsnkr.com\/lt\/wp-json\/wp\/v2\/product_tag?post=693613"}],"curies":[{"name":"wp","href":"https:\/\/api.w.org\/{rel}","templated":true}]}}