{"id":693101,"date":"2025-06-18T19:29:16","date_gmt":"2025-06-18T16:29:16","guid":{"rendered":"https:\/\/nextsnkr.com\/product\/jacquemus-5\/"},"modified":"2026-02-01T20:08:12","modified_gmt":"2026-02-01T17:08:12","slug":"jacquemus-5","status":"publish","type":"product","link":"https:\/\/nextsnkr.com\/lt\/produktas\/jacquemus-5\/","title":{"rendered":"Jacquemus krep\u0161ys i\u0161 ekologi\u0161kos odos &#8211; stilingas ir funkcionalus"},"content":{"rendered":"<h2>Jacquemus krep\u0161ys i\u0161 ekologi\u0161kos odos &#8211; stilingas ir funkcionalus<\/h2>\n<p>Stilingas jacquemus krep\u0161ys pagamintas i\u0161 auk\u0161tos kokyb\u0117s ekologi\u0161kos odos, kuri u\u017etikrina ilgaam\u017ei\u0161kum\u0105 ir lengv\u0105 prie\u017ei\u016br\u0105. Idealus pasirinkimas kasdieniam naudojimui ir specialiems i\u0161\u0117jimams. Kompakti\u0161kas, bet erdvus dizainas leid\u017eia patogiai laikyti visus reikalingus daiktus. Eleganti\u0161kas &#8222;Jacquemus&#8221; dizainas pabr\u0117\u017eia j\u016bs\u0173 skon\u012f ir papildo bet kok\u012f vaizd\u0105, derindamas prakti\u0161kum\u0105 su \u0161iuolaikiniu stiliumi.<\/p>\n","protected":false},"excerpt":{"rendered":"<p>Stilingas jacquemus krep\u0161ys pagamintas i\u0161 auk\u0161tos kokyb\u0117s ekologi\u0161kos odos, kuri u\u017etikrina ilgaam\u017ei\u0161kum\u0105 ir lengv\u0105 prie\u017ei\u016br\u0105. Idealus pasirinkimas kasdieniam naudojimui ir specialiems i\u0161\u0117jimams. Kompakti\u0161kas, bet erdvus dizainas leid\u017eia patogiai laikyti visus reikalingus daiktus. Eleganti\u0161kas &#8222;Jacquemus&#8221; dizainas pabr\u0117\u017eia j\u016bs\u0173 skon\u012f ir papildo bet kok\u012f vaizd\u0105, derindamas prakti\u0161kum\u0105 su \u0161iuolaikiniu stiliumi.<\/p>\n","protected":false},"featured_media":693102,"comment_status":"open","ping_status":"open","template":"","meta":[],"product_brand":[],"product_cat":[3264,3486],"product_tag":[],"class_list":{"0":"post-693101","1":"product","2":"type-product","3":"status-publish","4":"has-post-thumbnail","6":"product_cat-all-product","7":"product_cat-sumky","8":"pa_rozmir-18kh15kh6","10":"first","11":"instock","12":"purchasable","13":"product-type-simple"},"_links":{"self":[{"href":"https:\/\/nextsnkr.com\/lt\/wp-json\/wp\/v2\/product\/693101","targetHints":{"allow":["GET"]}}],"collection":[{"href":"https:\/\/nextsnkr.com\/lt\/wp-json\/wp\/v2\/product"}],"about":[{"href":"https:\/\/nextsnkr.com\/lt\/wp-json\/wp\/v2\/types\/product"}],"replies":[{"embeddable":true,"href":"https:\/\/nextsnkr.com\/lt\/wp-json\/wp\/v2\/comments?post=693101"}],"version-history":[{"count":0,"href":"https:\/\/nextsnkr.com\/lt\/wp-json\/wp\/v2\/product\/693101\/revisions"}],"wp:featuredmedia":[{"embeddable":true,"href":"https:\/\/nextsnkr.com\/lt\/wp-json\/wp\/v2\/media\/693102"}],"wp:attachment":[{"href":"https:\/\/nextsnkr.com\/lt\/wp-json\/wp\/v2\/media?parent=693101"}],"wp:term":[{"taxonomy":"product_brand","embeddable":true,"href":"https:\/\/nextsnkr.com\/lt\/wp-json\/wp\/v2\/product_brand?post=693101"},{"taxonomy":"product_cat","embeddable":true,"href":"https:\/\/nextsnkr.com\/lt\/wp-json\/wp\/v2\/product_cat?post=693101"},{"taxonomy":"product_tag","embeddable":true,"href":"https:\/\/nextsnkr.com\/lt\/wp-json\/wp\/v2\/product_tag?post=693101"}],"curies":[{"name":"wp","href":"https:\/\/api.w.org\/{rel}","templated":true}]}}