{"id":692901,"date":"2025-06-18T19:29:36","date_gmt":"2025-06-18T16:29:36","guid":{"rendered":"https:\/\/nextsnkr.com\/product\/jacquemus-4\/"},"modified":"2026-02-01T20:08:04","modified_gmt":"2026-02-01T17:08:04","slug":"jacquemus-4","status":"publish","type":"product","link":"https:\/\/nextsnkr.com\/lt\/produktas\/jacquemus-4\/","title":{"rendered":"Jacquemus krep\u0161ys i\u0161 ekologi\u0161kos odos-stilius ir elegancija kasdieniam naudojimui"},"content":{"rendered":"<h2>Jacquemus krep\u0161ys i\u0161 ekologi\u0161kos odos-stilius ir elegancija kasdieniam naudojimui<\/h2>\n<p>Eleganti\u0161kas jacquemus krep\u0161ys pagamintas i\u0161 auk\u0161tos kokyb\u0117s ekologi\u0161kos odos, kuri u\u017etikrina ilgaam\u017ei\u0161kum\u0105 ir atsparum\u0105 dilimui. Lengvas ir erdvus, tinka kasdien\u0117ms kojin\u0117ms, darbui ar pasivaik\u0161\u010diojimams. Stilingas dizainas ir prek\u0117s \u017eenklas Jacquemus pabr\u0117\u017eia j\u016bs\u0173 rafinuot\u0105 skon\u012f ir mading\u0105 \u012fvaizd\u012f. idealus pasirinkimas tiems, kurie vertina komfort\u0105, prakti\u0161kum\u0105 ir \u0161iuolaikin\u0119 estetik\u0105 aksesuaruose.<\/p>\n","protected":false},"excerpt":{"rendered":"<p>Eleganti\u0161kas jacquemus krep\u0161ys pagamintas i\u0161 auk\u0161tos kokyb\u0117s ekologi\u0161kos odos, kuri u\u017etikrina ilgaam\u017ei\u0161kum\u0105 ir atsparum\u0105 dilimui. Lengvas ir erdvus, tinka kasdien\u0117ms kojin\u0117ms, darbui ar pasivaik\u0161\u010diojimams. Stilingas dizainas ir prek\u0117s \u017eenklas Jacquemus pabr\u0117\u017eia j\u016bs\u0173 rafinuot\u0105 skon\u012f ir mading\u0105 \u012fvaizd\u012f. idealus pasirinkimas tiems, kurie vertina komfort\u0105, prakti\u0161kum\u0105 ir \u0161iuolaikin\u0119 estetik\u0105 aksesuaruose.<\/p>\n","protected":false},"featured_media":692902,"comment_status":"open","ping_status":"open","template":"","meta":[],"product_brand":[],"product_cat":[3264,3486],"product_tag":[],"class_list":{"0":"post-692901","1":"product","2":"type-product","3":"status-publish","4":"has-post-thumbnail","6":"product_cat-all-product","7":"product_cat-sumky","8":"pa_rozmir-sale-23x13","10":"first","11":"instock","12":"purchasable","13":"product-type-simple"},"_links":{"self":[{"href":"https:\/\/nextsnkr.com\/lt\/wp-json\/wp\/v2\/product\/692901","targetHints":{"allow":["GET"]}}],"collection":[{"href":"https:\/\/nextsnkr.com\/lt\/wp-json\/wp\/v2\/product"}],"about":[{"href":"https:\/\/nextsnkr.com\/lt\/wp-json\/wp\/v2\/types\/product"}],"replies":[{"embeddable":true,"href":"https:\/\/nextsnkr.com\/lt\/wp-json\/wp\/v2\/comments?post=692901"}],"version-history":[{"count":0,"href":"https:\/\/nextsnkr.com\/lt\/wp-json\/wp\/v2\/product\/692901\/revisions"}],"wp:featuredmedia":[{"embeddable":true,"href":"https:\/\/nextsnkr.com\/lt\/wp-json\/wp\/v2\/media\/692902"}],"wp:attachment":[{"href":"https:\/\/nextsnkr.com\/lt\/wp-json\/wp\/v2\/media?parent=692901"}],"wp:term":[{"taxonomy":"product_brand","embeddable":true,"href":"https:\/\/nextsnkr.com\/lt\/wp-json\/wp\/v2\/product_brand?post=692901"},{"taxonomy":"product_cat","embeddable":true,"href":"https:\/\/nextsnkr.com\/lt\/wp-json\/wp\/v2\/product_cat?post=692901"},{"taxonomy":"product_tag","embeddable":true,"href":"https:\/\/nextsnkr.com\/lt\/wp-json\/wp\/v2\/product_tag?post=692901"}],"curies":[{"name":"wp","href":"https:\/\/api.w.org\/{rel}","templated":true}]}}