{"id":692722,"date":"2025-06-18T19:30:03","date_gmt":"2025-06-18T16:30:03","guid":{"rendered":"https:\/\/nextsnkr.com\/product\/balenciaga-slides-big-logo-black\/"},"modified":"2026-02-01T20:08:00","modified_gmt":"2026-02-01T17:08:00","slug":"balenciaga-slides-big-logo-black","status":"publish","type":"product","link":"https:\/\/nextsnkr.com\/lt\/produktas\/balenciaga-slides-big-logo-black\/","title":{"rendered":"\u0160lepet\u0117s Balenciaga Slides Big Logo Black-stilingas gumos \u0448\u043b\u0435\u043f\u0430\u043d\u0446\u044b"},"content":{"rendered":"<h2>\u0160lepet\u0117s Balenciaga Slides Big Logo Black-stilingas gumos \u0448\u043b\u0435\u043f\u0430\u043d\u0446\u044b<\/h2>\n<p>Balenciaga slides Big Logo Black \u0161lepet\u0117s pagamintos i\u0161 auk\u0161tos kokyb\u0117s gumos, kuri u\u017etikrina patogum\u0105 ir ilgaam\u017ei\u0161kum\u0105 kasdieniniam naudojimui. Stilingas juodas dizainas su dideliu logotipu pabr\u0117\u017eia mados prek\u0117s \u017eenkl\u0105 ir daro \u0161iuos \u0161lepetes Idealiai tinka kasdieniam d\u0117v\u0117jimui ir poilsiui. Lengvas ir prakti\u0161kas, jie puikiai papildys bet kok\u012f vasaros vaizd\u0105 ir bet kuriuo metu suteiks komfort\u0105.<\/p>\n","protected":false},"excerpt":{"rendered":"<p>Balenciaga slides Big Logo Black \u0161lepet\u0117s pagamintos i\u0161 auk\u0161tos kokyb\u0117s gumos, kuri u\u017etikrina patogum\u0105 ir ilgaam\u017ei\u0161kum\u0105 kasdieniniam naudojimui. Stilingas juodas dizainas su dideliu logotipu pabr\u0117\u017eia mados prek\u0117s \u017eenkl\u0105 ir daro \u0161iuos \u0161lepetes Idealiai tinka kasdieniam d\u0117v\u0117jimui ir poilsiui. Lengvas ir prakti\u0161kas, jie puikiai papildys bet kok\u012f vasaros vaizd\u0105 ir bet kuriuo metu suteiks komfort\u0105.<\/p>\n","protected":false},"featured_media":692726,"comment_status":"open","ping_status":"open","template":"","meta":[],"product_brand":[],"product_cat":[3264,3425],"product_tag":[],"class_list":{"0":"post-692722","1":"product","2":"type-product","3":"status-publish","4":"has-post-thumbnail","6":"product_cat-all-product","7":"product_cat-shlopantsi","8":"pa_rozmir-910","9":"pa_rozmir-912","10":"pa_rozmir-914","11":"pa_rozmir-915","12":"pa_rozmir-916","13":"pa_rozmir-917","14":"pa_rozmir-918","15":"pa_rozmir-919","16":"pa_rozmir-920","17":"pa_rozmir-921","18":"pa_rozmir-922","20":"first","21":"instock","22":"purchasable","23":"product-type-variable"},"_links":{"self":[{"href":"https:\/\/nextsnkr.com\/lt\/wp-json\/wp\/v2\/product\/692722","targetHints":{"allow":["GET"]}}],"collection":[{"href":"https:\/\/nextsnkr.com\/lt\/wp-json\/wp\/v2\/product"}],"about":[{"href":"https:\/\/nextsnkr.com\/lt\/wp-json\/wp\/v2\/types\/product"}],"replies":[{"embeddable":true,"href":"https:\/\/nextsnkr.com\/lt\/wp-json\/wp\/v2\/comments?post=692722"}],"version-history":[{"count":0,"href":"https:\/\/nextsnkr.com\/lt\/wp-json\/wp\/v2\/product\/692722\/revisions"}],"wp:featuredmedia":[{"embeddable":true,"href":"https:\/\/nextsnkr.com\/lt\/wp-json\/wp\/v2\/media\/692726"}],"wp:attachment":[{"href":"https:\/\/nextsnkr.com\/lt\/wp-json\/wp\/v2\/media?parent=692722"}],"wp:term":[{"taxonomy":"product_brand","embeddable":true,"href":"https:\/\/nextsnkr.com\/lt\/wp-json\/wp\/v2\/product_brand?post=692722"},{"taxonomy":"product_cat","embeddable":true,"href":"https:\/\/nextsnkr.com\/lt\/wp-json\/wp\/v2\/product_cat?post=692722"},{"taxonomy":"product_tag","embeddable":true,"href":"https:\/\/nextsnkr.com\/lt\/wp-json\/wp\/v2\/product_tag?post=692722"}],"curies":[{"name":"wp","href":"https:\/\/api.w.org\/{rel}","templated":true}]}}