{"id":691149,"date":"2025-06-18T19:34:10","date_gmt":"2025-06-18T16:34:10","guid":{"rendered":"https:\/\/nextsnkr.com\/product\/yves-saint-laurent-green\/"},"modified":"2026-02-01T20:07:04","modified_gmt":"2026-02-01T17:07:04","slug":"yves-saint-laurent-green","status":"publish","type":"product","link":"https:\/\/nextsnkr.com\/lt\/produktas\/yves-saint-laurent-green\/","title":{"rendered":"&#8222;Yves Saint Laurent Green&#8221; krep\u0161ys &#8211; stilingas ekologi\u0161kas odos modelis"},"content":{"rendered":"<h2>&#8222;Yves Saint Laurent Green&#8221; krep\u0161ys &#8211; stilingas ekologi\u0161kas odos modelis<\/h2>\n<p>Yves Saint Laurent Green-eleganti\u0161kas krep\u0161ys nuo prek\u0117s Yves Saint Laurent, \u0432\u044b\u043f\u043e\u043b\u043d\u0435\u043d\u043d\u0430\u044f i\u0161 auk\u0161tos kokyb\u0117s eco-odos. Modelis sujungia modern\u0173 dizain\u0105 ir prakti\u0161kum\u0105, tinka kasdieniam naudojimui ir ypatingoms progoms. Stilinga \u017ealia spalva prideda ry\u0161kumo ir individualumo vaizd\u0105. Puikus pasirinkimas tiems, kurie vertina \u0431\u0440\u0435\u043d\u0434\u043e\u0432\u0443\u044e avalyn\u0117, komfort\u0105 ir patvarum\u0105 med\u017eiag\u0173.<\/p>\n","protected":false},"excerpt":{"rendered":"<p>Yves Saint Laurent Green-eleganti\u0161kas krep\u0161ys nuo prek\u0117s Yves Saint Laurent, \u0432\u044b\u043f\u043e\u043b\u043d\u0435\u043d\u043d\u0430\u044f i\u0161 auk\u0161tos kokyb\u0117s eco-odos. Modelis sujungia modern\u0173 dizain\u0105 ir prakti\u0161kum\u0105, tinka kasdieniam naudojimui ir ypatingoms progoms. Stilinga \u017ealia spalva prideda ry\u0161kumo ir individualumo vaizd\u0105. Puikus pasirinkimas tiems, kurie vertina \u0431\u0440\u0435\u043d\u0434\u043e\u0432\u0443\u044e avalyn\u0117, komfort\u0105 ir patvarum\u0105 med\u017eiag\u0173.<\/p>\n","protected":false},"featured_media":691152,"comment_status":"open","ping_status":"open","template":"","meta":[],"product_brand":[],"product_cat":[3264,3486],"product_tag":[],"class_list":{"0":"post-691149","1":"product","2":"type-product","3":"status-publish","4":"has-post-thumbnail","6":"product_cat-all-product","7":"product_cat-sumky","8":"pa_rozmir-one-size","10":"first","11":"instock","12":"purchasable","13":"product-type-simple"},"_links":{"self":[{"href":"https:\/\/nextsnkr.com\/lt\/wp-json\/wp\/v2\/product\/691149","targetHints":{"allow":["GET"]}}],"collection":[{"href":"https:\/\/nextsnkr.com\/lt\/wp-json\/wp\/v2\/product"}],"about":[{"href":"https:\/\/nextsnkr.com\/lt\/wp-json\/wp\/v2\/types\/product"}],"replies":[{"embeddable":true,"href":"https:\/\/nextsnkr.com\/lt\/wp-json\/wp\/v2\/comments?post=691149"}],"version-history":[{"count":0,"href":"https:\/\/nextsnkr.com\/lt\/wp-json\/wp\/v2\/product\/691149\/revisions"}],"wp:featuredmedia":[{"embeddable":true,"href":"https:\/\/nextsnkr.com\/lt\/wp-json\/wp\/v2\/media\/691152"}],"wp:attachment":[{"href":"https:\/\/nextsnkr.com\/lt\/wp-json\/wp\/v2\/media?parent=691149"}],"wp:term":[{"taxonomy":"product_brand","embeddable":true,"href":"https:\/\/nextsnkr.com\/lt\/wp-json\/wp\/v2\/product_brand?post=691149"},{"taxonomy":"product_cat","embeddable":true,"href":"https:\/\/nextsnkr.com\/lt\/wp-json\/wp\/v2\/product_cat?post=691149"},{"taxonomy":"product_tag","embeddable":true,"href":"https:\/\/nextsnkr.com\/lt\/wp-json\/wp\/v2\/product_tag?post=691149"}],"curies":[{"name":"wp","href":"https:\/\/api.w.org\/{rel}","templated":true}]}}