{"id":691085,"date":"2025-06-17T21:12:09","date_gmt":"2025-06-17T18:12:09","guid":{"rendered":"https:\/\/nextsnkr.com\/product\/slide-black-rasprodazha\/"},"modified":"2026-02-01T20:07:08","modified_gmt":"2026-02-01T17:07:08","slug":"slide-black-rasprodazha","status":"publish","type":"product","link":"https:\/\/nextsnkr.com\/lt\/produktas\/slide-black-rasprodazha\/","title":{"rendered":"\u0160lepet\u0117s Slide Black &#8211; lengvi Vyri\u0161ki \u0161lepet\u0117s i\u0161 EVA"},"content":{"rendered":"<h2>\u0160lepet\u0117s Slide Black &#8211; lengvi Vyri\u0161ki \u0161lepet\u0117s i\u0161 EVA<\/h2>\n<p>Slide Black \u0161lepet\u0117s pagamintos i\u0161 lengvos ir patvarios EVA med\u017eiagos, kuri u\u017etikrina komfort\u0105, amortizacij\u0105 ir patog\u0173 nusileidim\u0105 ant kojos. Juoda spalva daro model\u012f universal\u0173 ir lengvai derinama su bet kokia vasaros drabu\u017ei\u0173 spinta. Idealiai tinka namams, papl\u016bdimiui, baseinui ar kasdienin\u0117ms kojin\u0117ms vasar\u0105. Vietname gaminamos \u0161lepet\u0117s &#8222;Slide Black&#8221; derina prakti\u0161kum\u0105, ilgaam\u017ei\u0161kum\u0105 ir paprast\u0105 prie\u017ei\u016br\u0105, tapdamos patikimu pasirinkimu aktyviam poilsiui ir kasdieniam komfortui.<\/p>\n","protected":false},"excerpt":{"rendered":"<p>Slide Black \u0161lepet\u0117s pagamintos i\u0161 lengvos ir patvarios EVA med\u017eiagos, kuri u\u017etikrina komfort\u0105, amortizacij\u0105 ir patog\u0173 nusileidim\u0105 ant kojos. Juoda spalva daro model\u012f universal\u0173 ir lengvai derinama su bet kokia vasaros drabu\u017ei\u0173 spinta. Idealiai tinka namams, papl\u016bdimiui, baseinui ar kasdienin\u0117ms kojin\u0117ms vasar\u0105. Vietname gaminamos \u0161lepet\u0117s &#8222;Slide Black&#8221; derina prakti\u0161kum\u0105, ilgaam\u017ei\u0161kum\u0105 ir paprast\u0105 prie\u017ei\u016br\u0105, tapdamos patikimu pasirinkimu aktyviam poilsiui ir kasdieniam komfortui.<\/p>\n","protected":false},"featured_media":691086,"comment_status":"open","ping_status":"open","template":"","meta":[],"product_brand":[],"product_cat":[3264,3425],"product_tag":[],"class_list":{"0":"post-691085","1":"product","2":"type-product","3":"status-publish","4":"has-post-thumbnail","6":"product_cat-all-product","7":"product_cat-shlopantsi","8":"pa_rozmir-910","9":"pa_rozmir-912","10":"pa_rozmir-914","11":"pa_rozmir-915","12":"pa_rozmir-916","13":"pa_rozmir-917","14":"pa_rozmir-918","15":"pa_rozmir-919","16":"pa_rozmir-920","17":"pa_rozmir-921","18":"pa_rozmir-922","20":"first","21":"instock","22":"purchasable","23":"product-type-variable"},"_links":{"self":[{"href":"https:\/\/nextsnkr.com\/lt\/wp-json\/wp\/v2\/product\/691085","targetHints":{"allow":["GET"]}}],"collection":[{"href":"https:\/\/nextsnkr.com\/lt\/wp-json\/wp\/v2\/product"}],"about":[{"href":"https:\/\/nextsnkr.com\/lt\/wp-json\/wp\/v2\/types\/product"}],"replies":[{"embeddable":true,"href":"https:\/\/nextsnkr.com\/lt\/wp-json\/wp\/v2\/comments?post=691085"}],"version-history":[{"count":0,"href":"https:\/\/nextsnkr.com\/lt\/wp-json\/wp\/v2\/product\/691085\/revisions"}],"wp:featuredmedia":[{"embeddable":true,"href":"https:\/\/nextsnkr.com\/lt\/wp-json\/wp\/v2\/media\/691086"}],"wp:attachment":[{"href":"https:\/\/nextsnkr.com\/lt\/wp-json\/wp\/v2\/media?parent=691085"}],"wp:term":[{"taxonomy":"product_brand","embeddable":true,"href":"https:\/\/nextsnkr.com\/lt\/wp-json\/wp\/v2\/product_brand?post=691085"},{"taxonomy":"product_cat","embeddable":true,"href":"https:\/\/nextsnkr.com\/lt\/wp-json\/wp\/v2\/product_cat?post=691085"},{"taxonomy":"product_tag","embeddable":true,"href":"https:\/\/nextsnkr.com\/lt\/wp-json\/wp\/v2\/product_tag?post=691085"}],"curies":[{"name":"wp","href":"https:\/\/api.w.org\/{rel}","templated":true}]}}