{"id":690236,"date":"2025-06-18T19:36:42","date_gmt":"2025-06-18T16:36:42","guid":{"rendered":"https:\/\/nextsnkr.com\/product\/vans-old-skool-black-white\/"},"modified":"2026-02-01T20:06:41","modified_gmt":"2026-02-01T17:06:41","slug":"vans-old-skool-black-white","status":"publish","type":"product","link":"https:\/\/nextsnkr.com\/lt\/produktas\/vans-old-skool-black-white\/","title":{"rendered":"K\u0117d\u0117s Vans Old Skool Black \/ White-stilingi zom\u0161iniai tekstiliniai kasdien\u0117ms kojin\u0117ms"},"content":{"rendered":"<h2>K\u0117d\u0117s Vans Old Skool Black \/ White-stilingi zom\u0161iniai tekstiliniai kasdien\u0117ms kojin\u0117ms<\/h2>\n<p>Vans Old Skool Black \/ White gaminami i\u0161 tvirtos zom\u0161os ir tekstil\u0117s, kas u\u017etikrina ilgaam\u017ei\u0161kum\u0105 ir komfort\u0105 kasdieniniam naudojimui. Klasikinis juodai baltas dizainas pabr\u0117\u017eia stili\u0173 ir universalum\u0105 bet kokiam vaizdui. Lengvas ir patogus, jie idealiai tinka pasivaik\u0161\u010diojimams, miesto gyvenimui ir aktyviam poilsiui. Pasirink\u0119 Vans Old Skool, j\u016bs gaunate legendinio prek\u0117s \u017eenklo, patikimumo ir madingos i\u0161vaizdos derin\u012f.<\/p>\n","protected":false},"excerpt":{"rendered":"<p>Vans Old Skool Black \/ White gaminami i\u0161 tvirtos zom\u0161os ir tekstil\u0117s, kas u\u017etikrina ilgaam\u017ei\u0161kum\u0105 ir komfort\u0105 kasdieniniam naudojimui. Klasikinis juodai baltas dizainas pabr\u0117\u017eia stili\u0173 ir universalum\u0105 bet kokiam vaizdui. Lengvas ir patogus, jie idealiai tinka pasivaik\u0161\u010diojimams, miesto gyvenimui ir aktyviam poilsiui. Pasirink\u0119 Vans Old Skool, j\u016bs gaunate legendinio prek\u0117s \u017eenklo, patikimumo ir madingos i\u0161vaizdos derin\u012f.<\/p>\n","protected":false},"featured_media":690237,"comment_status":"open","ping_status":"open","template":"","meta":[],"product_brand":[],"product_cat":[3264,3323],"product_tag":[],"class_list":{"0":"post-690236","1":"product","2":"type-product","3":"status-publish","4":"has-post-thumbnail","6":"product_cat-all-product","7":"product_cat-kedy","8":"pa_rozmir-910","9":"pa_rozmir-912","10":"pa_rozmir-914","11":"pa_rozmir-915","12":"pa_rozmir-916","13":"pa_rozmir-917","14":"pa_rozmir-918","15":"pa_rozmir-919","16":"pa_rozmir-920","17":"pa_rozmir-921","18":"pa_rozmir-922","20":"first","21":"onbackorder","22":"purchasable","23":"product-type-variable"},"_links":{"self":[{"href":"https:\/\/nextsnkr.com\/lt\/wp-json\/wp\/v2\/product\/690236","targetHints":{"allow":["GET"]}}],"collection":[{"href":"https:\/\/nextsnkr.com\/lt\/wp-json\/wp\/v2\/product"}],"about":[{"href":"https:\/\/nextsnkr.com\/lt\/wp-json\/wp\/v2\/types\/product"}],"replies":[{"embeddable":true,"href":"https:\/\/nextsnkr.com\/lt\/wp-json\/wp\/v2\/comments?post=690236"}],"version-history":[{"count":0,"href":"https:\/\/nextsnkr.com\/lt\/wp-json\/wp\/v2\/product\/690236\/revisions"}],"wp:featuredmedia":[{"embeddable":true,"href":"https:\/\/nextsnkr.com\/lt\/wp-json\/wp\/v2\/media\/690237"}],"wp:attachment":[{"href":"https:\/\/nextsnkr.com\/lt\/wp-json\/wp\/v2\/media?parent=690236"}],"wp:term":[{"taxonomy":"product_brand","embeddable":true,"href":"https:\/\/nextsnkr.com\/lt\/wp-json\/wp\/v2\/product_brand?post=690236"},{"taxonomy":"product_cat","embeddable":true,"href":"https:\/\/nextsnkr.com\/lt\/wp-json\/wp\/v2\/product_cat?post=690236"},{"taxonomy":"product_tag","embeddable":true,"href":"https:\/\/nextsnkr.com\/lt\/wp-json\/wp\/v2\/product_tag?post=690236"}],"curies":[{"name":"wp","href":"https:\/\/api.w.org\/{rel}","templated":true}]}}