{"id":689362,"date":"2025-06-18T19:42:44","date_gmt":"2025-06-18T16:42:44","guid":{"rendered":"https:\/\/nextsnkr.com\/product\/prada-camel-triangle-sale\/"},"modified":"2026-02-01T20:06:03","modified_gmt":"2026-02-01T17:06:03","slug":"prada-camel-triangle-sale","status":"publish","type":"product","link":"https:\/\/nextsnkr.com\/lt\/produktas\/prada-camel-triangle-sale\/","title":{"rendered":"Prada Camel Triangle krep\u0161ys i\u0161 ekologi\u0161kos odos-stilius ir kokyb\u0117"},"content":{"rendered":"<h2>Prada Camel Triangle krep\u0161ys i\u0161 ekologi\u0161kos odos-stilius ir kokyb\u0117<\/h2>\n<p>Eleganti\u0161kas &#8222;Prada Camel Triangle&#8221; krep\u0161ys pagamintas i\u0161 auk\u0161tos kokyb\u0117s ekologi\u0161kos odos, kuri u\u017etikrina ilgaam\u017ei\u0161kum\u0105 ir maloni\u0105 tekst\u016br\u0105. Stilingas dizainas ir universali camel spalva tinka kasdieniam naudojimui ir ypatingiems renginiams. Lengvas, patogus ir erdvus-idealus pasirinkimas tiems, kurie vertina prek\u0117s \u017eenkl\u0105, komfort\u0105 ir modern\u0173 stili\u0173. Pirkite Prada Camel Triangle su nuolaida ir pabr\u0117\u017ekite savo status\u0105.<\/p>\n","protected":false},"excerpt":{"rendered":"<p>Eleganti\u0161kas &#8222;Prada Camel Triangle&#8221; krep\u0161ys pagamintas i\u0161 auk\u0161tos kokyb\u0117s ekologi\u0161kos odos, kuri u\u017etikrina ilgaam\u017ei\u0161kum\u0105 ir maloni\u0105 tekst\u016br\u0105. Stilingas dizainas ir universali camel spalva tinka kasdieniam naudojimui ir ypatingiems renginiams. Lengvas, patogus ir erdvus-idealus pasirinkimas tiems, kurie vertina prek\u0117s \u017eenkl\u0105, komfort\u0105 ir modern\u0173 stili\u0173. Pirkite Prada Camel Triangle su nuolaida ir pabr\u0117\u017ekite savo status\u0105.<\/p>\n","protected":false},"featured_media":689363,"comment_status":"open","ping_status":"open","template":"","meta":[],"product_brand":[],"product_cat":[3264,3486],"product_tag":[],"class_list":{"0":"post-689362","1":"product","2":"type-product","3":"status-publish","4":"has-post-thumbnail","6":"product_cat-all-product","7":"product_cat-sumky","8":"pa_rozmir-23kh20kh9","10":"first","11":"instock","12":"purchasable","13":"product-type-simple"},"_links":{"self":[{"href":"https:\/\/nextsnkr.com\/lt\/wp-json\/wp\/v2\/product\/689362","targetHints":{"allow":["GET"]}}],"collection":[{"href":"https:\/\/nextsnkr.com\/lt\/wp-json\/wp\/v2\/product"}],"about":[{"href":"https:\/\/nextsnkr.com\/lt\/wp-json\/wp\/v2\/types\/product"}],"replies":[{"embeddable":true,"href":"https:\/\/nextsnkr.com\/lt\/wp-json\/wp\/v2\/comments?post=689362"}],"version-history":[{"count":0,"href":"https:\/\/nextsnkr.com\/lt\/wp-json\/wp\/v2\/product\/689362\/revisions"}],"wp:featuredmedia":[{"embeddable":true,"href":"https:\/\/nextsnkr.com\/lt\/wp-json\/wp\/v2\/media\/689363"}],"wp:attachment":[{"href":"https:\/\/nextsnkr.com\/lt\/wp-json\/wp\/v2\/media?parent=689362"}],"wp:term":[{"taxonomy":"product_brand","embeddable":true,"href":"https:\/\/nextsnkr.com\/lt\/wp-json\/wp\/v2\/product_brand?post=689362"},{"taxonomy":"product_cat","embeddable":true,"href":"https:\/\/nextsnkr.com\/lt\/wp-json\/wp\/v2\/product_cat?post=689362"},{"taxonomy":"product_tag","embeddable":true,"href":"https:\/\/nextsnkr.com\/lt\/wp-json\/wp\/v2\/product_tag?post=689362"}],"curies":[{"name":"wp","href":"https:\/\/api.w.org\/{rel}","templated":true}]}}