{"id":687008,"date":"2025-06-18T19:49:03","date_gmt":"2025-06-18T16:49:03","guid":{"rendered":"https:\/\/nextsnkr.com\/product\/puma-white-m\/"},"modified":"2026-02-01T20:04:41","modified_gmt":"2026-02-01T17:04:41","slug":"puma-white-m","status":"publish","type":"product","link":"https:\/\/nextsnkr.com\/lt\/produktas\/puma-white-m\/","title":{"rendered":"Batai Puma White (M) &#8211; stilingas baltas sportas vyrams"},"content":{"rendered":"<h2>Batai Puma White (M) &#8211; stilingas baltas sportas vyrams<\/h2>\n<p>Puma White (M) Batai derina stili\u0173 ir komfort\u0105 kasdieniam d\u0117v\u0117jimui. Lengvi ir patvar\u016bs, jie pagaminti i\u0161 auk\u0161tos kokyb\u0117s med\u017eiag\u0173, u\u017etikrinan\u010di\u0173 ilgaam\u017ei\u0161kum\u0105 ir patogum\u0105 pasivaik\u0161\u010diojimo, treniruo\u010di\u0173 ar aktyvaus poilsio metu. Gryna balta spalva prideda universalumo ir pabr\u0117\u017eia \u0161iuolaikin\u012f sporto stili\u0173. Renkantis Puma, j\u016bs gaunate prek\u0117s \u017eenkl\u0105, patikimum\u0105 ir komfort\u0105 kiekviename \u017eingsnyje.<\/p>\n","protected":false},"excerpt":{"rendered":"<p>Puma White (M) Batai derina stili\u0173 ir komfort\u0105 kasdieniam d\u0117v\u0117jimui. Lengvi ir patvar\u016bs, jie pagaminti i\u0161 auk\u0161tos kokyb\u0117s med\u017eiag\u0173, u\u017etikrinan\u010di\u0173 ilgaam\u017ei\u0161kum\u0105 ir patogum\u0105 pasivaik\u0161\u010diojimo, treniruo\u010di\u0173 ar aktyvaus poilsio metu. Gryna balta spalva prideda universalumo ir pabr\u0117\u017eia \u0161iuolaikin\u012f sporto stili\u0173. Renkantis Puma, j\u016bs gaunate prek\u0117s \u017eenkl\u0105, patikimum\u0105 ir komfort\u0105 kiekviename \u017eingsnyje.<\/p>\n","protected":false},"featured_media":687012,"comment_status":"open","ping_status":"open","template":"","meta":[],"product_brand":[],"product_cat":[3264,3323],"product_tag":[],"class_list":{"0":"post-687008","1":"product","2":"type-product","3":"status-publish","4":"has-post-thumbnail","6":"product_cat-all-product","7":"product_cat-kedy","8":"pa_rozmir-910","9":"pa_rozmir-912","10":"pa_rozmir-914","11":"pa_rozmir-915","12":"pa_rozmir-916","13":"pa_rozmir-917","14":"pa_rozmir-918","15":"pa_rozmir-919","16":"pa_rozmir-920","17":"pa_rozmir-921","18":"pa_rozmir-922","20":"first","21":"onbackorder","22":"purchasable","23":"product-type-variable"},"_links":{"self":[{"href":"https:\/\/nextsnkr.com\/lt\/wp-json\/wp\/v2\/product\/687008","targetHints":{"allow":["GET"]}}],"collection":[{"href":"https:\/\/nextsnkr.com\/lt\/wp-json\/wp\/v2\/product"}],"about":[{"href":"https:\/\/nextsnkr.com\/lt\/wp-json\/wp\/v2\/types\/product"}],"replies":[{"embeddable":true,"href":"https:\/\/nextsnkr.com\/lt\/wp-json\/wp\/v2\/comments?post=687008"}],"version-history":[{"count":0,"href":"https:\/\/nextsnkr.com\/lt\/wp-json\/wp\/v2\/product\/687008\/revisions"}],"wp:featuredmedia":[{"embeddable":true,"href":"https:\/\/nextsnkr.com\/lt\/wp-json\/wp\/v2\/media\/687012"}],"wp:attachment":[{"href":"https:\/\/nextsnkr.com\/lt\/wp-json\/wp\/v2\/media?parent=687008"}],"wp:term":[{"taxonomy":"product_brand","embeddable":true,"href":"https:\/\/nextsnkr.com\/lt\/wp-json\/wp\/v2\/product_brand?post=687008"},{"taxonomy":"product_cat","embeddable":true,"href":"https:\/\/nextsnkr.com\/lt\/wp-json\/wp\/v2\/product_cat?post=687008"},{"taxonomy":"product_tag","embeddable":true,"href":"https:\/\/nextsnkr.com\/lt\/wp-json\/wp\/v2\/product_tag?post=687008"}],"curies":[{"name":"wp","href":"https:\/\/api.w.org\/{rel}","templated":true}]}}