{"id":685749,"date":"2025-06-17T21:29:29","date_gmt":"2025-06-17T18:29:29","guid":{"rendered":"https:\/\/nextsnkr.com\/product\/nike-zoom-2k-black-white\/"},"modified":"2026-02-01T20:04:06","modified_gmt":"2026-02-01T17:04:06","slug":"nike-zoom-2k-black-white","status":"publish","type":"product","link":"https:\/\/nextsnkr.com\/lt\/produktas\/nike-zoom-2k-black-white\/","title":{"rendered":"Nike Zoom 2k Black White sportba\u010diai-odiniai tinkleliai miestui"},"content":{"rendered":"<h2>Nike Zoom 2k Black White sportba\u010diai-odiniai tinkleliai miestui<\/h2>\n<p>&#8222;Nike Zoom 2k Black White&#8221; sportba\u010diai sujungia tvirt\u0105 od\u0105 ir kv\u0117puojan\u010di\u0105 tinklel\u012f, kad b\u016bt\u0173 patogu ir stilinga. Kontrastinga juoda ir balta spalva daro model\u012f universal\u0173 bet kokiam vaizdui, o lengvas ir amortizuotas padas suteikia patogum\u0105 d\u0117v\u0117ti kasdien. Pagaminti Vietname, \u0161ie sportba\u010diai Idealiai tinka aktyviam miesto gyvenimui, treniruot\u0117ms ir pasivaik\u0161\u010diojimams, derinant auk\u0161\u010diausios kokyb\u0117s, modern\u0173 dizain\u0105 ir Nike prek\u0117s \u017eenklo ilgaam\u017ei\u0161kum\u0105.<\/p>\n","protected":false},"excerpt":{"rendered":"<p>&#8222;Nike Zoom 2k Black White&#8221; sportba\u010diai sujungia tvirt\u0105 od\u0105 ir kv\u0117puojan\u010di\u0105 tinklel\u012f, kad b\u016bt\u0173 patogu ir stilinga. Kontrastinga juoda ir balta spalva daro model\u012f universal\u0173 bet kokiam vaizdui, o lengvas ir amortizuotas padas suteikia patogum\u0105 d\u0117v\u0117ti kasdien. Pagaminti Vietname, \u0161ie sportba\u010diai Idealiai tinka aktyviam miesto gyvenimui, treniruot\u0117ms ir pasivaik\u0161\u010diojimams, derinant auk\u0161\u010diausios kokyb\u0117s, modern\u0173 dizain\u0105 ir Nike prek\u0117s \u017eenklo ilgaam\u017ei\u0161kum\u0105.<\/p>\n","protected":false},"featured_media":685750,"comment_status":"open","ping_status":"open","template":"","meta":[],"product_brand":[],"product_cat":[3264,3265],"product_tag":[],"class_list":{"0":"post-685749","1":"product","2":"type-product","3":"status-publish","4":"has-post-thumbnail","6":"product_cat-all-product","7":"product_cat-krosivky","8":"pa_rozmir-910","9":"pa_rozmir-912","10":"pa_rozmir-914","11":"pa_rozmir-915","12":"pa_rozmir-916","13":"pa_rozmir-917","14":"pa_rozmir-918","15":"pa_rozmir-919","16":"pa_rozmir-920","17":"pa_rozmir-921","18":"pa_rozmir-922","20":"first","21":"instock","22":"purchasable","23":"product-type-variable"},"_links":{"self":[{"href":"https:\/\/nextsnkr.com\/lt\/wp-json\/wp\/v2\/product\/685749","targetHints":{"allow":["GET"]}}],"collection":[{"href":"https:\/\/nextsnkr.com\/lt\/wp-json\/wp\/v2\/product"}],"about":[{"href":"https:\/\/nextsnkr.com\/lt\/wp-json\/wp\/v2\/types\/product"}],"replies":[{"embeddable":true,"href":"https:\/\/nextsnkr.com\/lt\/wp-json\/wp\/v2\/comments?post=685749"}],"version-history":[{"count":0,"href":"https:\/\/nextsnkr.com\/lt\/wp-json\/wp\/v2\/product\/685749\/revisions"}],"wp:featuredmedia":[{"embeddable":true,"href":"https:\/\/nextsnkr.com\/lt\/wp-json\/wp\/v2\/media\/685750"}],"wp:attachment":[{"href":"https:\/\/nextsnkr.com\/lt\/wp-json\/wp\/v2\/media?parent=685749"}],"wp:term":[{"taxonomy":"product_brand","embeddable":true,"href":"https:\/\/nextsnkr.com\/lt\/wp-json\/wp\/v2\/product_brand?post=685749"},{"taxonomy":"product_cat","embeddable":true,"href":"https:\/\/nextsnkr.com\/lt\/wp-json\/wp\/v2\/product_cat?post=685749"},{"taxonomy":"product_tag","embeddable":true,"href":"https:\/\/nextsnkr.com\/lt\/wp-json\/wp\/v2\/product_tag?post=685749"}],"curies":[{"name":"wp","href":"https:\/\/api.w.org\/{rel}","templated":true}]}}