{"id":683332,"date":"2025-06-18T20:49:12","date_gmt":"2025-06-18T17:49:12","guid":{"rendered":"https:\/\/nextsnkr.com\/product\/nike-sb-dunk-high-x-ambush-black-white\/"},"modified":"2026-02-01T20:02:42","modified_gmt":"2026-02-01T17:02:42","slug":"nike-sb-dunk-high-x-ambush-black-white","status":"publish","type":"product","link":"https:\/\/nextsnkr.com\/lt\/produktas\/nike-sb-dunk-high-x-ambush-black-white\/","title":{"rendered":"Dvira\u010diai NIKE SB DUNK HIGH X Ambush Black \/ White-stilius ir komfortas"},"content":{"rendered":"<h2>Dvira\u010diai NIKE SB DUNK HIGH X Ambush Black \/ White-stilius ir komfortas<\/h2>\n<p>NIKE SB Dunk HIGH X AMBUSH Black \/ White yra pagaminti i\u0161 auk\u0161tos kokyb\u0117s odos, kuri u\u017etikrina ilgaam\u017ei\u0161kum\u0105 ir komfort\u0105 d\u0117vint. Nike prek\u0117s \u017eenklo modelis idealiai tinka kasdieniam naudojimui ir aktyviam poilsiui. Stilingas juodas ir baltas dizainas pabr\u0117\u017eia individualum\u0105 ir mading\u0105 skon\u012f. Auk\u0161tos kokyb\u0117s med\u017eiagos ir patogus sodinimas daro \u0161iuos must-have k\u0117des tiems, kurie vertina komfort\u0105 ir stili\u0173 kiekviename \u017eingsnyje.<\/p>\n","protected":false},"excerpt":{"rendered":"<p>NIKE SB Dunk HIGH X AMBUSH Black \/ White yra pagaminti i\u0161 auk\u0161tos kokyb\u0117s odos, kuri u\u017etikrina ilgaam\u017ei\u0161kum\u0105 ir komfort\u0105 d\u0117vint. Nike prek\u0117s \u017eenklo modelis idealiai tinka kasdieniam naudojimui ir aktyviam poilsiui. Stilingas juodas ir baltas dizainas pabr\u0117\u017eia individualum\u0105 ir mading\u0105 skon\u012f. Auk\u0161tos kokyb\u0117s med\u017eiagos ir patogus sodinimas daro \u0161iuos must-have k\u0117des tiems, kurie vertina komfort\u0105 ir stili\u0173 kiekviename \u017eingsnyje.<\/p>\n","protected":false},"featured_media":683333,"comment_status":"open","ping_status":"open","template":"","meta":[],"product_brand":[],"product_cat":[3264,3323],"product_tag":[],"class_list":{"0":"post-683332","1":"product","2":"type-product","3":"status-publish","4":"has-post-thumbnail","6":"product_cat-all-product","7":"product_cat-kedy","8":"pa_rozmir-910","9":"pa_rozmir-912","10":"pa_rozmir-914","11":"pa_rozmir-915","12":"pa_rozmir-916","13":"pa_rozmir-917","14":"pa_rozmir-918","15":"pa_rozmir-919","16":"pa_rozmir-920","17":"pa_rozmir-921","18":"pa_rozmir-922","20":"first","21":"instock","22":"purchasable","23":"product-type-variable"},"_links":{"self":[{"href":"https:\/\/nextsnkr.com\/lt\/wp-json\/wp\/v2\/product\/683332","targetHints":{"allow":["GET"]}}],"collection":[{"href":"https:\/\/nextsnkr.com\/lt\/wp-json\/wp\/v2\/product"}],"about":[{"href":"https:\/\/nextsnkr.com\/lt\/wp-json\/wp\/v2\/types\/product"}],"replies":[{"embeddable":true,"href":"https:\/\/nextsnkr.com\/lt\/wp-json\/wp\/v2\/comments?post=683332"}],"version-history":[{"count":0,"href":"https:\/\/nextsnkr.com\/lt\/wp-json\/wp\/v2\/product\/683332\/revisions"}],"wp:featuredmedia":[{"embeddable":true,"href":"https:\/\/nextsnkr.com\/lt\/wp-json\/wp\/v2\/media\/683333"}],"wp:attachment":[{"href":"https:\/\/nextsnkr.com\/lt\/wp-json\/wp\/v2\/media?parent=683332"}],"wp:term":[{"taxonomy":"product_brand","embeddable":true,"href":"https:\/\/nextsnkr.com\/lt\/wp-json\/wp\/v2\/product_brand?post=683332"},{"taxonomy":"product_cat","embeddable":true,"href":"https:\/\/nextsnkr.com\/lt\/wp-json\/wp\/v2\/product_cat?post=683332"},{"taxonomy":"product_tag","embeddable":true,"href":"https:\/\/nextsnkr.com\/lt\/wp-json\/wp\/v2\/product_tag?post=683332"}],"curies":[{"name":"wp","href":"https:\/\/api.w.org\/{rel}","templated":true}]}}