{"id":681802,"date":"2025-06-17T21:39:17","date_gmt":"2025-06-17T18:39:17","guid":{"rendered":"https:\/\/nextsnkr.com\/product\/nike-hot-step-air-terra-drake-nocta-white\/"},"modified":"2026-02-01T20:01:49","modified_gmt":"2026-02-01T17:01:49","slug":"nike-hot-step-air-terra-drake-nocta-white","status":"publish","type":"product","link":"https:\/\/nextsnkr.com\/lt\/produktas\/nike-hot-step-air-terra-drake-nocta-white\/","title":{"rendered":"Mar\u0161kin\u0117liai Nike Hot Step Air Terra Drake nocta balta oda"},"content":{"rendered":"<h2>Mar\u0161kin\u0117liai Nike Hot Step Air Terra Drake nocta balta oda<\/h2>\n<p>&#8222;Nike Hot Step Air Terra Drake Nocta White&#8221; &#8211; stilingi ir patog\u016bs batai kasdieniam d\u0117v\u0117jimui ir aktyviam miesto gyvenimui. Pagaminti i\u0161 auk\u0161tos kokyb\u0117s odos, jie u\u017etikrina ilgaam\u017ei\u0161kum\u0105, patikim\u0105 P\u0117dos fiksacij\u0105 ir patog\u0173 sodinim\u0105. Balta spalva suteikia \u0161vie\u017eumo ir universalumo \u012fvaizd\u017eiui, tinka bet kokiam drabu\u017ei\u0173 stiliui. Nike modelis pasi\u017eymi auk\u0161\u010diausios kokyb\u0117s, \u0161iuolaiki\u0161ku dizainu ir prakti\u0161kumu, tod\u0117l jis yra idealus pasirinkimas pasivaik\u0161\u010diojimams, sportui ir kasdieniam naudojimui.<\/p>\n","protected":false},"excerpt":{"rendered":"<p>&#8222;Nike Hot Step Air Terra Drake Nocta White&#8221; &#8211; stilingi ir patog\u016bs batai kasdieniam d\u0117v\u0117jimui ir aktyviam miesto gyvenimui. Pagaminti i\u0161 auk\u0161tos kokyb\u0117s odos, jie u\u017etikrina ilgaam\u017ei\u0161kum\u0105, patikim\u0105 P\u0117dos fiksacij\u0105 ir patog\u0173 sodinim\u0105. Balta spalva suteikia \u0161vie\u017eumo ir universalumo \u012fvaizd\u017eiui, tinka bet kokiam drabu\u017ei\u0173 stiliui. Nike modelis pasi\u017eymi auk\u0161\u010diausios kokyb\u0117s, \u0161iuolaiki\u0161ku dizainu ir prakti\u0161kumu, tod\u0117l jis yra idealus pasirinkimas pasivaik\u0161\u010diojimams, sportui ir kasdieniam naudojimui.<\/p>\n","protected":false},"featured_media":681803,"comment_status":"open","ping_status":"open","template":"","meta":[],"product_brand":[],"product_cat":[3264,3265],"product_tag":[],"class_list":{"0":"post-681802","1":"product","2":"type-product","3":"status-publish","4":"has-post-thumbnail","6":"product_cat-all-product","7":"product_cat-krosivky","8":"pa_rozmir-910","9":"pa_rozmir-912","10":"pa_rozmir-914","11":"pa_rozmir-915","12":"pa_rozmir-916","13":"pa_rozmir-917","14":"pa_rozmir-918","15":"pa_rozmir-919","16":"pa_rozmir-920","17":"pa_rozmir-921","18":"pa_rozmir-922","20":"first","21":"instock","22":"purchasable","23":"product-type-variable"},"_links":{"self":[{"href":"https:\/\/nextsnkr.com\/lt\/wp-json\/wp\/v2\/product\/681802","targetHints":{"allow":["GET"]}}],"collection":[{"href":"https:\/\/nextsnkr.com\/lt\/wp-json\/wp\/v2\/product"}],"about":[{"href":"https:\/\/nextsnkr.com\/lt\/wp-json\/wp\/v2\/types\/product"}],"replies":[{"embeddable":true,"href":"https:\/\/nextsnkr.com\/lt\/wp-json\/wp\/v2\/comments?post=681802"}],"version-history":[{"count":0,"href":"https:\/\/nextsnkr.com\/lt\/wp-json\/wp\/v2\/product\/681802\/revisions"}],"wp:featuredmedia":[{"embeddable":true,"href":"https:\/\/nextsnkr.com\/lt\/wp-json\/wp\/v2\/media\/681803"}],"wp:attachment":[{"href":"https:\/\/nextsnkr.com\/lt\/wp-json\/wp\/v2\/media?parent=681802"}],"wp:term":[{"taxonomy":"product_brand","embeddable":true,"href":"https:\/\/nextsnkr.com\/lt\/wp-json\/wp\/v2\/product_brand?post=681802"},{"taxonomy":"product_cat","embeddable":true,"href":"https:\/\/nextsnkr.com\/lt\/wp-json\/wp\/v2\/product_cat?post=681802"},{"taxonomy":"product_tag","embeddable":true,"href":"https:\/\/nextsnkr.com\/lt\/wp-json\/wp\/v2\/product_tag?post=681802"}],"curies":[{"name":"wp","href":"https:\/\/api.w.org\/{rel}","templated":true}]}}