{"id":681450,"date":"2025-06-13T12:42:11","date_gmt":"2025-06-13T09:42:11","guid":{"rendered":"https:\/\/nextsnkr.com\/product\/louis-vuitton-lv-trainer-white-beige\/"},"modified":"2026-02-01T20:01:39","modified_gmt":"2026-02-01T17:01:39","slug":"louis-vuitton-lv-trainer-white-beige","status":"publish","type":"product","link":"https:\/\/nextsnkr.com\/lt\/produktas\/louis-vuitton-lv-trainer-white-beige\/","title":{"rendered":"Louis Vuitton LV Trainer White \u2014 Beige-stilingi odiniai sportba\u010diai"},"content":{"rendered":"<h2>Louis Vuitton LV Trainer White \u2014 Beige-stilingi odiniai sportba\u010diai<\/h2>\n<p>Louis Vuitton LV Trainer White \/ Beige \u2014 auk\u0161\u010diausios kokyb\u0117s odos ir kv\u0117puojan\u010dio tinklo modelis, sukurtas maksimaliam komfortui ir stilingam kasdieniam naudojimui. Lengvas siluetas, auk\u0161tos kokyb\u0117s med\u017eiagos ir atpa\u017e\u012fstamas Louis Vuitton dizainas, kad \u0161i pora Idealiai tinka miesto \u012fvaizd\u017eiui. Mink\u0161tas nusid\u0117v\u0117jimas ir patikima parama u\u017etikrina komfort\u0105 net ilg\u0105 d\u0117v\u0117jim\u0105.<\/p>\n","protected":false},"excerpt":{"rendered":"<p>Louis Vuitton LV Trainer White \/ Beige \u2014 auk\u0161\u010diausios kokyb\u0117s odos ir kv\u0117puojan\u010dio tinklo modelis, sukurtas maksimaliam komfortui ir stilingam kasdieniam naudojimui. Lengvas siluetas, auk\u0161tos kokyb\u0117s med\u017eiagos ir atpa\u017e\u012fstamas Louis Vuitton dizainas, kad \u0161i pora Idealiai tinka miesto \u012fvaizd\u017eiui. Mink\u0161tas nusid\u0117v\u0117jimas ir patikima parama u\u017etikrina komfort\u0105 net ilg\u0105 d\u0117v\u0117jim\u0105.<\/p>\n","protected":false},"featured_media":681451,"comment_status":"open","ping_status":"open","template":"","meta":[],"product_brand":[],"product_cat":[3264,3265],"product_tag":[],"class_list":{"0":"post-681450","1":"product","2":"type-product","3":"status-publish","4":"has-post-thumbnail","6":"product_cat-all-product","7":"product_cat-krosivky","8":"pa_rozmir-910","9":"pa_rozmir-912","10":"pa_rozmir-914","11":"pa_rozmir-915","12":"pa_rozmir-916","13":"pa_rozmir-917","14":"pa_rozmir-918","15":"pa_rozmir-919","16":"pa_rozmir-920","17":"pa_rozmir-921","18":"pa_rozmir-922","20":"first","21":"instock","22":"purchasable","23":"product-type-variable"},"_links":{"self":[{"href":"https:\/\/nextsnkr.com\/lt\/wp-json\/wp\/v2\/product\/681450","targetHints":{"allow":["GET"]}}],"collection":[{"href":"https:\/\/nextsnkr.com\/lt\/wp-json\/wp\/v2\/product"}],"about":[{"href":"https:\/\/nextsnkr.com\/lt\/wp-json\/wp\/v2\/types\/product"}],"replies":[{"embeddable":true,"href":"https:\/\/nextsnkr.com\/lt\/wp-json\/wp\/v2\/comments?post=681450"}],"version-history":[{"count":0,"href":"https:\/\/nextsnkr.com\/lt\/wp-json\/wp\/v2\/product\/681450\/revisions"}],"wp:featuredmedia":[{"embeddable":true,"href":"https:\/\/nextsnkr.com\/lt\/wp-json\/wp\/v2\/media\/681451"}],"wp:attachment":[{"href":"https:\/\/nextsnkr.com\/lt\/wp-json\/wp\/v2\/media?parent=681450"}],"wp:term":[{"taxonomy":"product_brand","embeddable":true,"href":"https:\/\/nextsnkr.com\/lt\/wp-json\/wp\/v2\/product_brand?post=681450"},{"taxonomy":"product_cat","embeddable":true,"href":"https:\/\/nextsnkr.com\/lt\/wp-json\/wp\/v2\/product_cat?post=681450"},{"taxonomy":"product_tag","embeddable":true,"href":"https:\/\/nextsnkr.com\/lt\/wp-json\/wp\/v2\/product_tag?post=681450"}],"curies":[{"name":"wp","href":"https:\/\/api.w.org\/{rel}","templated":true}]}}