{"id":679764,"date":"2025-06-13T12:45:20","date_gmt":"2025-06-13T09:45:20","guid":{"rendered":"https:\/\/nextsnkr.com\/product\/veneta-lug-boots-mekh\/"},"modified":"2026-02-01T20:00:51","modified_gmt":"2026-02-01T17:00:51","slug":"veneta-lug-boots-mekh","status":"publish","type":"product","link":"https:\/\/nextsnkr.com\/lt\/produktas\/veneta-lug-boots-mekh\/","title":{"rendered":"Batai Veneta Lug Boots i\u0161 nat\u016bralios odos ir \u0161ilto kailio"},"content":{"rendered":"<h2>Batai Veneta Lug Boots i\u0161 nat\u016bralios odos ir \u0161ilto kailio<\/h2>\n<p>Veneta Lug Boots batai-stilingi ir \u0161ilti batai, pagaminti i\u0161 auk\u0161tos kokyb\u0117s odos ir dirbtinio kailio. D\u0117l didelio protektorinio pado modelis u\u017etikrina patikim\u0105 sukibim\u0105 ir komfort\u0105 \u0161altuoju met\u0173 laiku. Pagaminti Italijoje, \u0161ie batai yra auk\u0161\u010diausios kokyb\u0117s, modernaus dizaino ir ilgaam\u017ei\u0161kumo. Idealus pasirinkimas ie\u0161kantiems stiliaus, \u0161ilumos ir prakti\u0161kumo derinio.<\/p>\n","protected":false},"excerpt":{"rendered":"<p>Veneta Lug Boots batai-stilingi ir \u0161ilti batai, pagaminti i\u0161 auk\u0161tos kokyb\u0117s odos ir dirbtinio kailio. D\u0117l didelio protektorinio pado modelis u\u017etikrina patikim\u0105 sukibim\u0105 ir komfort\u0105 \u0161altuoju met\u0173 laiku. Pagaminti Italijoje, \u0161ie batai yra auk\u0161\u010diausios kokyb\u0117s, modernaus dizaino ir ilgaam\u017ei\u0161kumo. Idealus pasirinkimas ie\u0161kantiems stiliaus, \u0161ilumos ir prakti\u0161kumo derinio.<\/p>\n","protected":false},"featured_media":679765,"comment_status":"open","ping_status":"open","template":"","meta":[],"product_brand":[],"product_cat":[3264,3336],"product_tag":[],"class_list":{"0":"post-679764","1":"product","2":"type-product","3":"status-publish","4":"has-post-thumbnail","6":"product_cat-all-product","7":"product_cat-cherevyky","8":"pa_rozmir-910","9":"pa_rozmir-912","10":"pa_rozmir-914","11":"pa_rozmir-915","12":"pa_rozmir-916","13":"pa_rozmir-917","14":"pa_rozmir-918","15":"pa_rozmir-919","16":"pa_rozmir-920","17":"pa_rozmir-921","18":"pa_rozmir-922","20":"first","21":"instock","22":"purchasable","23":"product-type-variable"},"_links":{"self":[{"href":"https:\/\/nextsnkr.com\/lt\/wp-json\/wp\/v2\/product\/679764","targetHints":{"allow":["GET"]}}],"collection":[{"href":"https:\/\/nextsnkr.com\/lt\/wp-json\/wp\/v2\/product"}],"about":[{"href":"https:\/\/nextsnkr.com\/lt\/wp-json\/wp\/v2\/types\/product"}],"replies":[{"embeddable":true,"href":"https:\/\/nextsnkr.com\/lt\/wp-json\/wp\/v2\/comments?post=679764"}],"version-history":[{"count":0,"href":"https:\/\/nextsnkr.com\/lt\/wp-json\/wp\/v2\/product\/679764\/revisions"}],"wp:featuredmedia":[{"embeddable":true,"href":"https:\/\/nextsnkr.com\/lt\/wp-json\/wp\/v2\/media\/679765"}],"wp:attachment":[{"href":"https:\/\/nextsnkr.com\/lt\/wp-json\/wp\/v2\/media?parent=679764"}],"wp:term":[{"taxonomy":"product_brand","embeddable":true,"href":"https:\/\/nextsnkr.com\/lt\/wp-json\/wp\/v2\/product_brand?post=679764"},{"taxonomy":"product_cat","embeddable":true,"href":"https:\/\/nextsnkr.com\/lt\/wp-json\/wp\/v2\/product_cat?post=679764"},{"taxonomy":"product_tag","embeddable":true,"href":"https:\/\/nextsnkr.com\/lt\/wp-json\/wp\/v2\/product_tag?post=679764"}],"curies":[{"name":"wp","href":"https:\/\/api.w.org\/{rel}","templated":true}]}}