{"id":677554,"date":"2025-06-13T12:48:12","date_gmt":"2025-06-13T09:48:12","guid":{"rendered":"https:\/\/nextsnkr.com\/product\/slide-black-no-logo\/"},"modified":"2026-02-01T19:59:39","modified_gmt":"2026-02-01T16:59:39","slug":"slide-black-no-logo","status":"publish","type":"product","link":"https:\/\/nextsnkr.com\/lt\/produktas\/slide-black-no-logo\/","title":{"rendered":"\u0160lepet\u0117s Slide Black EVA-lengvi ir patog\u016bs Vyri\u0161ki \u0161lepet\u0117s"},"content":{"rendered":"<h2>\u0160lepet\u0117s Slide Black EVA-lengvi ir patog\u016bs Vyri\u0161ki \u0161lepet\u0117s<\/h2>\n<p>Slide Black No Logo \u0161lepet\u0117s pagamintos i\u0161 mink\u0161tos ir elastingos EVA med\u017eiagos, kuri u\u017etikrina lengvum\u0105, komfort\u0105 ir atsparum\u0105 d\u0117v\u0117jimuisi kasdienio naudojimo metu. Modelis idealiai tinka namams, papl\u016bdimiui, baseinui ar poilsiui gamtoje. D\u0117l minimalistinio dizaino be logotip\u0173 \u0161lepet\u0117s atrodo universalios ir modernios. Pagaminta Vietname, jie bus prakti\u0161kas pasirinkimas tiems, kurie vertina komfort\u0105 ir paprastum\u0105.<\/p>\n","protected":false},"excerpt":{"rendered":"<p>Slide Black No Logo \u0161lepet\u0117s pagamintos i\u0161 mink\u0161tos ir elastingos EVA med\u017eiagos, kuri u\u017etikrina lengvum\u0105, komfort\u0105 ir atsparum\u0105 d\u0117v\u0117jimuisi kasdienio naudojimo metu. Modelis idealiai tinka namams, papl\u016bdimiui, baseinui ar poilsiui gamtoje. D\u0117l minimalistinio dizaino be logotip\u0173 \u0161lepet\u0117s atrodo universalios ir modernios. Pagaminta Vietname, jie bus prakti\u0161kas pasirinkimas tiems, kurie vertina komfort\u0105 ir paprastum\u0105.<\/p>\n","protected":false},"featured_media":677555,"comment_status":"open","ping_status":"open","template":"","meta":[],"product_brand":[],"product_cat":[3264,3425],"product_tag":[],"class_list":{"0":"post-677554","1":"product","2":"type-product","3":"status-publish","4":"has-post-thumbnail","6":"product_cat-all-product","7":"product_cat-shlopantsi","8":"pa_rozmir-910","9":"pa_rozmir-912","10":"pa_rozmir-914","11":"pa_rozmir-915","12":"pa_rozmir-916","13":"pa_rozmir-917","14":"pa_rozmir-918","15":"pa_rozmir-919","16":"pa_rozmir-920","17":"pa_rozmir-921","18":"pa_rozmir-922","20":"first","21":"instock","22":"purchasable","23":"product-type-variable"},"_links":{"self":[{"href":"https:\/\/nextsnkr.com\/lt\/wp-json\/wp\/v2\/product\/677554","targetHints":{"allow":["GET"]}}],"collection":[{"href":"https:\/\/nextsnkr.com\/lt\/wp-json\/wp\/v2\/product"}],"about":[{"href":"https:\/\/nextsnkr.com\/lt\/wp-json\/wp\/v2\/types\/product"}],"replies":[{"embeddable":true,"href":"https:\/\/nextsnkr.com\/lt\/wp-json\/wp\/v2\/comments?post=677554"}],"version-history":[{"count":0,"href":"https:\/\/nextsnkr.com\/lt\/wp-json\/wp\/v2\/product\/677554\/revisions"}],"wp:featuredmedia":[{"embeddable":true,"href":"https:\/\/nextsnkr.com\/lt\/wp-json\/wp\/v2\/media\/677555"}],"wp:attachment":[{"href":"https:\/\/nextsnkr.com\/lt\/wp-json\/wp\/v2\/media?parent=677554"}],"wp:term":[{"taxonomy":"product_brand","embeddable":true,"href":"https:\/\/nextsnkr.com\/lt\/wp-json\/wp\/v2\/product_brand?post=677554"},{"taxonomy":"product_cat","embeddable":true,"href":"https:\/\/nextsnkr.com\/lt\/wp-json\/wp\/v2\/product_cat?post=677554"},{"taxonomy":"product_tag","embeddable":true,"href":"https:\/\/nextsnkr.com\/lt\/wp-json\/wp\/v2\/product_tag?post=677554"}],"curies":[{"name":"wp","href":"https:\/\/api.w.org\/{rel}","templated":true}]}}