{"id":676874,"date":"2025-06-13T12:49:09","date_gmt":"2025-06-13T09:49:09","guid":{"rendered":"https:\/\/nextsnkr.com\/product\/slide-earth-bone-no-logo\/"},"modified":"2026-02-01T19:59:21","modified_gmt":"2026-02-01T16:59:21","slug":"slide-earth-bone-no-logo","status":"publish","type":"product","link":"https:\/\/nextsnkr.com\/lt\/produktas\/slide-earth-bone-no-logo\/","title":{"rendered":"\u0160lepet\u0117s Slide Earth Bone EVA-lengvi vyr\u0173 skal\u016bnai be logotipo"},"content":{"rendered":"<h2>\u0160lepet\u0117s Slide Earth Bone EVA-lengvi vyr\u0173 skal\u016bnai be logotipo<\/h2>\n<p>Slide Earth Bone No Logo-patogios ir itin lengvos \u0161lepet\u0117s, pagamintos i\u0161 tvirtos EVA med\u017eiagos, kuri u\u017etikrina amortizacij\u0105, lankstum\u0105 ir komfort\u0105 vaik\u0161\u010diojant. Lakoni\u0161kas dizainas be logotip\u0173 daro model\u012f universal\u0173 namams, papl\u016bdimiui, baseinui ar poilsiui gamtoje. Vietname pagaminti skal\u016bnai pasi\u017eymi atsparumu dilimui ir maloniu nusileidimu ant kojos. Idealus pasirinkimas tiems, kurie vertina komfort\u0105, paprastum\u0105 ir prakti\u0161kum\u0105 kasdieniame naudojime.<\/p>\n","protected":false},"excerpt":{"rendered":"<p>Slide Earth Bone No Logo-patogios ir itin lengvos \u0161lepet\u0117s, pagamintos i\u0161 tvirtos EVA med\u017eiagos, kuri u\u017etikrina amortizacij\u0105, lankstum\u0105 ir komfort\u0105 vaik\u0161\u010diojant. Lakoni\u0161kas dizainas be logotip\u0173 daro model\u012f universal\u0173 namams, papl\u016bdimiui, baseinui ar poilsiui gamtoje. Vietname pagaminti skal\u016bnai pasi\u017eymi atsparumu dilimui ir maloniu nusileidimu ant kojos. Idealus pasirinkimas tiems, kurie vertina komfort\u0105, paprastum\u0105 ir prakti\u0161kum\u0105 kasdieniame naudojime.<\/p>\n","protected":false},"featured_media":676875,"comment_status":"open","ping_status":"open","template":"","meta":[],"product_brand":[],"product_cat":[3264,3425],"product_tag":[],"class_list":{"0":"post-676874","1":"product","2":"type-product","3":"status-publish","4":"has-post-thumbnail","6":"product_cat-all-product","7":"product_cat-shlopantsi","8":"pa_rozmir-910","9":"pa_rozmir-912","10":"pa_rozmir-914","11":"pa_rozmir-915","12":"pa_rozmir-916","13":"pa_rozmir-917","14":"pa_rozmir-918","15":"pa_rozmir-919","16":"pa_rozmir-920","17":"pa_rozmir-921","18":"pa_rozmir-922","20":"first","21":"instock","22":"purchasable","23":"product-type-variable"},"_links":{"self":[{"href":"https:\/\/nextsnkr.com\/lt\/wp-json\/wp\/v2\/product\/676874","targetHints":{"allow":["GET"]}}],"collection":[{"href":"https:\/\/nextsnkr.com\/lt\/wp-json\/wp\/v2\/product"}],"about":[{"href":"https:\/\/nextsnkr.com\/lt\/wp-json\/wp\/v2\/types\/product"}],"replies":[{"embeddable":true,"href":"https:\/\/nextsnkr.com\/lt\/wp-json\/wp\/v2\/comments?post=676874"}],"version-history":[{"count":0,"href":"https:\/\/nextsnkr.com\/lt\/wp-json\/wp\/v2\/product\/676874\/revisions"}],"wp:featuredmedia":[{"embeddable":true,"href":"https:\/\/nextsnkr.com\/lt\/wp-json\/wp\/v2\/media\/676875"}],"wp:attachment":[{"href":"https:\/\/nextsnkr.com\/lt\/wp-json\/wp\/v2\/media?parent=676874"}],"wp:term":[{"taxonomy":"product_brand","embeddable":true,"href":"https:\/\/nextsnkr.com\/lt\/wp-json\/wp\/v2\/product_brand?post=676874"},{"taxonomy":"product_cat","embeddable":true,"href":"https:\/\/nextsnkr.com\/lt\/wp-json\/wp\/v2\/product_cat?post=676874"},{"taxonomy":"product_tag","embeddable":true,"href":"https:\/\/nextsnkr.com\/lt\/wp-json\/wp\/v2\/product_tag?post=676874"}],"curies":[{"name":"wp","href":"https:\/\/api.w.org\/{rel}","templated":true}]}}