{"id":675163,"date":"2025-06-13T12:51:37","date_gmt":"2025-06-13T09:51:37","guid":{"rendered":"https:\/\/nextsnkr.com\/product\/new-beige-no-brand\/"},"modified":"2026-02-01T19:58:26","modified_gmt":"2026-02-01T16:58:26","slug":"new-beige-no-brand","status":"publish","type":"product","link":"https:\/\/nextsnkr.com\/lt\/produktas\/new-beige-no-brand\/","title":{"rendered":"Nauji Beige sportba\u010diai &#8211; tekstil\u0117 ir ekologi\u0161ka oda, stilingi kasdieniai batai"},"content":{"rendered":"<h2>Nauji Beige sportba\u010diai &#8211; tekstil\u0117 ir ekologi\u0161ka oda, stilingi kasdieniai batai<\/h2>\n<p>&#8222;New Beige&#8221; sportba\u010diai yra lengvas ir universalus modelis, Pagamintas i\u0161 kv\u0117puojan\u010dios tekstil\u0117s ir ekologi\u0161kos odos. Jie suteikia komfort\u0105 kasdienio d\u0117v\u0117jimo metu ir puikiai tinka miesto ritmui. Mink\u0161tas padas amortizuoja \u017eingsn\u012f, o modernus Sm\u0117lio spalvos dizainas derinamas su bet kokia spinta. Pagaminti Vietname, \u0161ie sportba\u010diai si\u016blo optimal\u0173 kokyb\u0117s ir stiliaus santyk\u012f. Idealus pasirinkimas pasivaik\u0161\u010diojimams, treniruot\u0117ms ir kasdieninei veiklai.<\/p>\n","protected":false},"excerpt":{"rendered":"<p>&#8222;New Beige&#8221; sportba\u010diai yra lengvas ir universalus modelis, Pagamintas i\u0161 kv\u0117puojan\u010dios tekstil\u0117s ir ekologi\u0161kos odos. Jie suteikia komfort\u0105 kasdienio d\u0117v\u0117jimo metu ir puikiai tinka miesto ritmui. Mink\u0161tas padas amortizuoja \u017eingsn\u012f, o modernus Sm\u0117lio spalvos dizainas derinamas su bet kokia spinta. Pagaminti Vietname, \u0161ie sportba\u010diai si\u016blo optimal\u0173 kokyb\u0117s ir stiliaus santyk\u012f. Idealus pasirinkimas pasivaik\u0161\u010diojimams, treniruot\u0117ms ir kasdieninei veiklai.<\/p>\n","protected":false},"featured_media":675167,"comment_status":"open","ping_status":"open","template":"","meta":[],"product_brand":[],"product_cat":[3264,3265],"product_tag":[],"class_list":{"0":"post-675163","1":"product","2":"type-product","3":"status-publish","4":"has-post-thumbnail","6":"product_cat-all-product","7":"product_cat-krosivky","8":"pa_rozmir-910","9":"pa_rozmir-912","10":"pa_rozmir-914","11":"pa_rozmir-915","12":"pa_rozmir-916","13":"pa_rozmir-917","14":"pa_rozmir-918","15":"pa_rozmir-919","16":"pa_rozmir-920","17":"pa_rozmir-921","18":"pa_rozmir-922","20":"first","21":"instock","22":"purchasable","23":"product-type-variable"},"_links":{"self":[{"href":"https:\/\/nextsnkr.com\/lt\/wp-json\/wp\/v2\/product\/675163","targetHints":{"allow":["GET"]}}],"collection":[{"href":"https:\/\/nextsnkr.com\/lt\/wp-json\/wp\/v2\/product"}],"about":[{"href":"https:\/\/nextsnkr.com\/lt\/wp-json\/wp\/v2\/types\/product"}],"replies":[{"embeddable":true,"href":"https:\/\/nextsnkr.com\/lt\/wp-json\/wp\/v2\/comments?post=675163"}],"version-history":[{"count":0,"href":"https:\/\/nextsnkr.com\/lt\/wp-json\/wp\/v2\/product\/675163\/revisions"}],"wp:featuredmedia":[{"embeddable":true,"href":"https:\/\/nextsnkr.com\/lt\/wp-json\/wp\/v2\/media\/675167"}],"wp:attachment":[{"href":"https:\/\/nextsnkr.com\/lt\/wp-json\/wp\/v2\/media?parent=675163"}],"wp:term":[{"taxonomy":"product_brand","embeddable":true,"href":"https:\/\/nextsnkr.com\/lt\/wp-json\/wp\/v2\/product_brand?post=675163"},{"taxonomy":"product_cat","embeddable":true,"href":"https:\/\/nextsnkr.com\/lt\/wp-json\/wp\/v2\/product_cat?post=675163"},{"taxonomy":"product_tag","embeddable":true,"href":"https:\/\/nextsnkr.com\/lt\/wp-json\/wp\/v2\/product_tag?post=675163"}],"curies":[{"name":"wp","href":"https:\/\/api.w.org\/{rel}","templated":true}]}}