{"id":673425,"date":"2025-06-13T12:53:43","date_gmt":"2025-06-13T09:53:43","guid":{"rendered":"https:\/\/nextsnkr.com\/product\/see-refl-no-brand\/"},"modified":"2026-02-01T19:57:38","modified_gmt":"2026-02-01T16:57:38","slug":"see-refl-no-brand","status":"publish","type":"product","link":"https:\/\/nextsnkr.com\/lt\/produktas\/see-refl-no-brand\/","title":{"rendered":"&#8222;No Brand See Refl&#8221; sportba\u010diai-lengvi tekstiliniai sportba\u010diai"},"content":{"rendered":"<h2>&#8222;No Brand See Refl&#8221; sportba\u010diai-lengvi tekstiliniai sportba\u010diai<\/h2>\n<p>Stilingi sportba\u010diai &#8222;No Brand See Refl&#8221; yra sukurti patogiam kasdieniniam d\u0117v\u0117jimui. Modelis Pagamintas i\u0161 tekstil\u0117s ir ekologi\u0161kos odos derinio, kuris u\u017etikrina lengvum\u0105, kv\u0117pavim\u0105 ir atsparum\u0105 dilimui. \u0160iuolaikinio dizaino d\u0117ka sportba\u010diai puikiai tinka miesto stiliui, aktyviam poilsiui ir kasdieniams vaizdams. Pagaminti Vietname, jie sujungia auk\u0161tos kokyb\u0117s med\u017eiagas ir malon\u0173 sodinim\u0105. Prakti\u0161kas ir prieinamas pasirinkimas tiems, kurie ie\u0161ko stiling\u0173 ir universali\u0173 bat\u0173.<\/p>\n","protected":false},"excerpt":{"rendered":"<p>Stilingi sportba\u010diai &#8222;No Brand See Refl&#8221; yra sukurti patogiam kasdieniniam d\u0117v\u0117jimui. Modelis Pagamintas i\u0161 tekstil\u0117s ir ekologi\u0161kos odos derinio, kuris u\u017etikrina lengvum\u0105, kv\u0117pavim\u0105 ir atsparum\u0105 dilimui. \u0160iuolaikinio dizaino d\u0117ka sportba\u010diai puikiai tinka miesto stiliui, aktyviam poilsiui ir kasdieniams vaizdams. Pagaminti Vietname, jie sujungia auk\u0161tos kokyb\u0117s med\u017eiagas ir malon\u0173 sodinim\u0105. Prakti\u0161kas ir prieinamas pasirinkimas tiems, kurie ie\u0161ko stiling\u0173 ir universali\u0173 bat\u0173.<\/p>\n","protected":false},"featured_media":673429,"comment_status":"open","ping_status":"open","template":"","meta":[],"product_brand":[],"product_cat":[3264,3265],"product_tag":[],"class_list":{"0":"post-673425","1":"product","2":"type-product","3":"status-publish","4":"has-post-thumbnail","6":"product_cat-all-product","7":"product_cat-krosivky","8":"pa_rozmir-910","9":"pa_rozmir-912","10":"pa_rozmir-914","11":"pa_rozmir-915","12":"pa_rozmir-916","13":"pa_rozmir-917","14":"pa_rozmir-918","15":"pa_rozmir-919","16":"pa_rozmir-920","17":"pa_rozmir-921","18":"pa_rozmir-922","20":"first","21":"onbackorder","22":"purchasable","23":"product-type-variable"},"_links":{"self":[{"href":"https:\/\/nextsnkr.com\/lt\/wp-json\/wp\/v2\/product\/673425","targetHints":{"allow":["GET"]}}],"collection":[{"href":"https:\/\/nextsnkr.com\/lt\/wp-json\/wp\/v2\/product"}],"about":[{"href":"https:\/\/nextsnkr.com\/lt\/wp-json\/wp\/v2\/types\/product"}],"replies":[{"embeddable":true,"href":"https:\/\/nextsnkr.com\/lt\/wp-json\/wp\/v2\/comments?post=673425"}],"version-history":[{"count":0,"href":"https:\/\/nextsnkr.com\/lt\/wp-json\/wp\/v2\/product\/673425\/revisions"}],"wp:featuredmedia":[{"embeddable":true,"href":"https:\/\/nextsnkr.com\/lt\/wp-json\/wp\/v2\/media\/673429"}],"wp:attachment":[{"href":"https:\/\/nextsnkr.com\/lt\/wp-json\/wp\/v2\/media?parent=673425"}],"wp:term":[{"taxonomy":"product_brand","embeddable":true,"href":"https:\/\/nextsnkr.com\/lt\/wp-json\/wp\/v2\/product_brand?post=673425"},{"taxonomy":"product_cat","embeddable":true,"href":"https:\/\/nextsnkr.com\/lt\/wp-json\/wp\/v2\/product_cat?post=673425"},{"taxonomy":"product_tag","embeddable":true,"href":"https:\/\/nextsnkr.com\/lt\/wp-json\/wp\/v2\/product_tag?post=673425"}],"curies":[{"name":"wp","href":"https:\/\/api.w.org\/{rel}","templated":true}]}}