{"id":670062,"date":"2025-06-18T21:25:24","date_gmt":"2025-06-18T18:25:24","guid":{"rendered":"https:\/\/nextsnkr.com\/product\/nike-sb-dunk-purple-suede\/"},"modified":"2026-02-01T19:55:52","modified_gmt":"2026-02-01T16:55:52","slug":"nike-sb-dunk-purple-suede","status":"publish","type":"product","link":"https:\/\/nextsnkr.com\/lt\/produktas\/nike-sb-dunk-purple-suede\/","title":{"rendered":"Dvira\u010diai NIKE SB DUNK &#8222;Purple Suede&#8221; &#8211; zom\u0161a, oda, stilingi miestui"},"content":{"rendered":"<h2>Dvira\u010diai NIKE SB DUNK &#8222;Purple Suede&#8221; &#8211; zom\u0161a, oda, stilingi miestui<\/h2>\n<p>Nike SB Dunk &#8222;Purple Suede&#8221; gaminami i\u0161 nat\u016bralaus zom\u0161os ir odos, o tai u\u017etikrina patvarum\u0105 ir komfort\u0105 kasdien d\u0117vint. Stilingas violetinis dizainas pabr\u0117\u017eia individualum\u0105 ir tinka miesto pasivaik\u0161\u010diojimams ir aktyviam poilsiui. Lengvas padas ir\u043e\u043d\u043e\u043conomi\u0161ka forma garantuoja komfort\u0105, o Nike prek\u0117s \u017eenklo med\u017eiag\u0173 kokyb\u0117 daro \u0161iuos batus patikimu pasirinkimu bet kokiai drabu\u017ei\u0173 spinta. Idealiai tinka tiems, kurie vertina stili\u0173 ir funkcionalum\u0105.<\/p>\n","protected":false},"excerpt":{"rendered":"<p>Nike SB Dunk &#8222;Purple Suede&#8221; gaminami i\u0161 nat\u016bralaus zom\u0161os ir odos, o tai u\u017etikrina patvarum\u0105 ir komfort\u0105 kasdien d\u0117vint. Stilingas violetinis dizainas pabr\u0117\u017eia individualum\u0105 ir tinka miesto pasivaik\u0161\u010diojimams ir aktyviam poilsiui. Lengvas padas ir\u043e\u043d\u043e\u043conomi\u0161ka forma garantuoja komfort\u0105, o Nike prek\u0117s \u017eenklo med\u017eiag\u0173 kokyb\u0117 daro \u0161iuos batus patikimu pasirinkimu bet kokiai drabu\u017ei\u0173 spinta. Idealiai tinka tiems, kurie vertina stili\u0173 ir funkcionalum\u0105.<\/p>\n","protected":false},"featured_media":670063,"comment_status":"open","ping_status":"open","template":"","meta":[],"product_brand":[],"product_cat":[3264,3323],"product_tag":[],"class_list":{"0":"post-670062","1":"product","2":"type-product","3":"status-publish","4":"has-post-thumbnail","6":"product_cat-all-product","7":"product_cat-kedy","8":"pa_rozmir-910","9":"pa_rozmir-912","10":"pa_rozmir-914","11":"pa_rozmir-915","12":"pa_rozmir-916","13":"pa_rozmir-917","14":"pa_rozmir-918","15":"pa_rozmir-919","16":"pa_rozmir-920","17":"pa_rozmir-921","18":"pa_rozmir-922","20":"first","21":"instock","22":"purchasable","23":"product-type-variable"},"_links":{"self":[{"href":"https:\/\/nextsnkr.com\/lt\/wp-json\/wp\/v2\/product\/670062","targetHints":{"allow":["GET"]}}],"collection":[{"href":"https:\/\/nextsnkr.com\/lt\/wp-json\/wp\/v2\/product"}],"about":[{"href":"https:\/\/nextsnkr.com\/lt\/wp-json\/wp\/v2\/types\/product"}],"replies":[{"embeddable":true,"href":"https:\/\/nextsnkr.com\/lt\/wp-json\/wp\/v2\/comments?post=670062"}],"version-history":[{"count":0,"href":"https:\/\/nextsnkr.com\/lt\/wp-json\/wp\/v2\/product\/670062\/revisions"}],"wp:featuredmedia":[{"embeddable":true,"href":"https:\/\/nextsnkr.com\/lt\/wp-json\/wp\/v2\/media\/670063"}],"wp:attachment":[{"href":"https:\/\/nextsnkr.com\/lt\/wp-json\/wp\/v2\/media?parent=670062"}],"wp:term":[{"taxonomy":"product_brand","embeddable":true,"href":"https:\/\/nextsnkr.com\/lt\/wp-json\/wp\/v2\/product_brand?post=670062"},{"taxonomy":"product_cat","embeddable":true,"href":"https:\/\/nextsnkr.com\/lt\/wp-json\/wp\/v2\/product_cat?post=670062"},{"taxonomy":"product_tag","embeddable":true,"href":"https:\/\/nextsnkr.com\/lt\/wp-json\/wp\/v2\/product_tag?post=670062"}],"curies":[{"name":"wp","href":"https:\/\/api.w.org\/{rel}","templated":true}]}}