{"id":669576,"date":"2025-06-13T12:58:19","date_gmt":"2025-06-13T09:58:19","guid":{"rendered":"https:\/\/nextsnkr.com\/product\/ash-black-no-brand\/"},"modified":"2026-02-01T19:55:38","modified_gmt":"2026-02-01T16:55:38","slug":"ash-black-no-brand","status":"publish","type":"product","link":"https:\/\/nextsnkr.com\/lt\/produktas\/ash-black-no-brand\/","title":{"rendered":"&#8222;Ash Black&#8221; sportba\u010diai-stilingi juodos spalvos tekstiliniai sportba\u010diai"},"content":{"rendered":"<h2>&#8222;Ash Black&#8221; sportba\u010diai-stilingi juodos spalvos tekstiliniai sportba\u010diai<\/h2>\n<p>&#8222;Ash Black&#8221; sportba\u010diai yra pagaminti i\u0161 tekstil\u0117s ir ekologi\u0161kos odos derinio, kuris u\u017etikrina lengvum\u0105, komfort\u0105 ir atsparum\u0105 dilimui. D\u0117l universalaus juodo dizaino modelis tinka kasdieniam d\u0117v\u0117jimui, pasivaik\u0161\u010diojimams ir aktyviam poilsiui. Mink\u0161tas padas gerai amortizuoja ir palaiko p\u0117d\u0105, suteikiant patogum\u0105 vis\u0105 dien\u0105. Prakti\u0161ki, \u0161iuolaiki\u0161ki ir patog\u016bs-puikus pasirinkimas ie\u0161kantiems patikim\u0173 sportba\u010di\u0173 kiekvienai dienai.<\/p>\n","protected":false},"excerpt":{"rendered":"<p>&#8222;Ash Black&#8221; sportba\u010diai yra pagaminti i\u0161 tekstil\u0117s ir ekologi\u0161kos odos derinio, kuris u\u017etikrina lengvum\u0105, komfort\u0105 ir atsparum\u0105 dilimui. D\u0117l universalaus juodo dizaino modelis tinka kasdieniam d\u0117v\u0117jimui, pasivaik\u0161\u010diojimams ir aktyviam poilsiui. Mink\u0161tas padas gerai amortizuoja ir palaiko p\u0117d\u0105, suteikiant patogum\u0105 vis\u0105 dien\u0105. Prakti\u0161ki, \u0161iuolaiki\u0161ki ir patog\u016bs-puikus pasirinkimas ie\u0161kantiems patikim\u0173 sportba\u010di\u0173 kiekvienai dienai.<\/p>\n","protected":false},"featured_media":669580,"comment_status":"open","ping_status":"open","template":"","meta":[],"product_brand":[],"product_cat":[3264,3265],"product_tag":[],"class_list":{"0":"post-669576","1":"product","2":"type-product","3":"status-publish","4":"has-post-thumbnail","6":"product_cat-all-product","7":"product_cat-krosivky","8":"pa_rozmir-910","9":"pa_rozmir-912","10":"pa_rozmir-914","11":"pa_rozmir-915","12":"pa_rozmir-916","13":"pa_rozmir-917","14":"pa_rozmir-918","15":"pa_rozmir-919","16":"pa_rozmir-920","17":"pa_rozmir-921","18":"pa_rozmir-922","20":"first","21":"onbackorder","22":"purchasable","23":"product-type-variable"},"_links":{"self":[{"href":"https:\/\/nextsnkr.com\/lt\/wp-json\/wp\/v2\/product\/669576","targetHints":{"allow":["GET"]}}],"collection":[{"href":"https:\/\/nextsnkr.com\/lt\/wp-json\/wp\/v2\/product"}],"about":[{"href":"https:\/\/nextsnkr.com\/lt\/wp-json\/wp\/v2\/types\/product"}],"replies":[{"embeddable":true,"href":"https:\/\/nextsnkr.com\/lt\/wp-json\/wp\/v2\/comments?post=669576"}],"version-history":[{"count":0,"href":"https:\/\/nextsnkr.com\/lt\/wp-json\/wp\/v2\/product\/669576\/revisions"}],"wp:featuredmedia":[{"embeddable":true,"href":"https:\/\/nextsnkr.com\/lt\/wp-json\/wp\/v2\/media\/669580"}],"wp:attachment":[{"href":"https:\/\/nextsnkr.com\/lt\/wp-json\/wp\/v2\/media?parent=669576"}],"wp:term":[{"taxonomy":"product_brand","embeddable":true,"href":"https:\/\/nextsnkr.com\/lt\/wp-json\/wp\/v2\/product_brand?post=669576"},{"taxonomy":"product_cat","embeddable":true,"href":"https:\/\/nextsnkr.com\/lt\/wp-json\/wp\/v2\/product_cat?post=669576"},{"taxonomy":"product_tag","embeddable":true,"href":"https:\/\/nextsnkr.com\/lt\/wp-json\/wp\/v2\/product_tag?post=669576"}],"curies":[{"name":"wp","href":"https:\/\/api.w.org\/{rel}","templated":true}]}}