{"id":669229,"date":"2025-06-13T12:58:41","date_gmt":"2025-06-13T09:58:41","guid":{"rendered":"https:\/\/nextsnkr.com\/product\/ozw-grey-no-brand\/"},"modified":"2026-02-01T19:55:29","modified_gmt":"2026-02-01T16:55:29","slug":"ozw-grey-no-brand","status":"publish","type":"product","link":"https:\/\/nextsnkr.com\/lt\/produktas\/ozw-grey-no-brand\/","title":{"rendered":"Sportba\u010diai GW Grey No Brand &#8211; lengvi tekstiliniai sportba\u010diai su ekologi\u0161ka oda"},"content":{"rendered":"<h2>Sportba\u010diai GW Grey No Brand &#8211; lengvi tekstiliniai sportba\u010diai su ekologi\u0161ka oda<\/h2>\n<p>&#8222;GW Grey No Brand&#8221; sportba\u010diai yra stilingas ir universalus modelis kasdieniam naudojimui. Derinys tekstil\u0117s ir \u044d\u043a\u043e\u043a\u043e\u0436\u0438 suteikia patogumo, komforto ir atsparumo dilimui, o pilka atspalvis daro pora universalus bet kokio \u012fvaizd\u017eio. Pagamintas vietname, \u0161ie sneakers u\u017etikrina \u0430\u043a\u043a\u0443\u0440\u0430\u0442\u043d\u0443\u044e surinkimas ir patikimum\u0105. Pasirinkite Ozw Grey No Brand, jei ie\u0161kote patogus, prakti\u0161kas ir modernus storulis aktyv\u0173 gyvenimo b\u016bd\u0105.<\/p>\n","protected":false},"excerpt":{"rendered":"<p>&#8222;GW Grey No Brand&#8221; sportba\u010diai yra stilingas ir universalus modelis kasdieniam naudojimui. Derinys tekstil\u0117s ir \u044d\u043a\u043e\u043a\u043e\u0436\u0438 suteikia patogumo, komforto ir atsparumo dilimui, o pilka atspalvis daro pora universalus bet kokio \u012fvaizd\u017eio. Pagamintas vietname, \u0161ie sneakers u\u017etikrina \u0430\u043a\u043a\u0443\u0440\u0430\u0442\u043d\u0443\u044e surinkimas ir patikimum\u0105. Pasirinkite Ozw Grey No Brand, jei ie\u0161kote patogus, prakti\u0161kas ir modernus storulis aktyv\u0173 gyvenimo b\u016bd\u0105.<\/p>\n","protected":false},"featured_media":669234,"comment_status":"open","ping_status":"open","template":"","meta":[],"product_brand":[],"product_cat":[3264,3265],"product_tag":[],"class_list":{"0":"post-669229","1":"product","2":"type-product","3":"status-publish","4":"has-post-thumbnail","6":"product_cat-all-product","7":"product_cat-krosivky","8":"pa_rozmir-910","9":"pa_rozmir-912","10":"pa_rozmir-914","11":"pa_rozmir-915","12":"pa_rozmir-916","13":"pa_rozmir-917","14":"pa_rozmir-918","15":"pa_rozmir-919","16":"pa_rozmir-920","17":"pa_rozmir-921","18":"pa_rozmir-922","20":"first","21":"onbackorder","22":"purchasable","23":"product-type-variable"},"_links":{"self":[{"href":"https:\/\/nextsnkr.com\/lt\/wp-json\/wp\/v2\/product\/669229","targetHints":{"allow":["GET"]}}],"collection":[{"href":"https:\/\/nextsnkr.com\/lt\/wp-json\/wp\/v2\/product"}],"about":[{"href":"https:\/\/nextsnkr.com\/lt\/wp-json\/wp\/v2\/types\/product"}],"replies":[{"embeddable":true,"href":"https:\/\/nextsnkr.com\/lt\/wp-json\/wp\/v2\/comments?post=669229"}],"version-history":[{"count":0,"href":"https:\/\/nextsnkr.com\/lt\/wp-json\/wp\/v2\/product\/669229\/revisions"}],"wp:featuredmedia":[{"embeddable":true,"href":"https:\/\/nextsnkr.com\/lt\/wp-json\/wp\/v2\/media\/669234"}],"wp:attachment":[{"href":"https:\/\/nextsnkr.com\/lt\/wp-json\/wp\/v2\/media?parent=669229"}],"wp:term":[{"taxonomy":"product_brand","embeddable":true,"href":"https:\/\/nextsnkr.com\/lt\/wp-json\/wp\/v2\/product_brand?post=669229"},{"taxonomy":"product_cat","embeddable":true,"href":"https:\/\/nextsnkr.com\/lt\/wp-json\/wp\/v2\/product_cat?post=669229"},{"taxonomy":"product_tag","embeddable":true,"href":"https:\/\/nextsnkr.com\/lt\/wp-json\/wp\/v2\/product_tag?post=669229"}],"curies":[{"name":"wp","href":"https:\/\/api.w.org\/{rel}","templated":true}]}}