{"id":669044,"date":"2025-06-18T21:27:50","date_gmt":"2025-06-18T18:27:50","guid":{"rendered":"https:\/\/nextsnkr.com\/product\/nike-sb-dunk-x-off-white-pine-green-orange-laces-premium\/"},"modified":"2026-02-01T19:55:24","modified_gmt":"2026-02-01T16:55:24","slug":"nike-sb-dunk-x-off-white-pine-green-orange-laces-premium","status":"publish","type":"product","link":"https:\/\/nextsnkr.com\/lt\/produktas\/nike-sb-dunk-x-off-white-pine-green-orange-laces-premium\/","title":{"rendered":"Nike SB Dunk-balti Pu\u0161iniai \u017eali \/ oran\u017einiai rai\u0161teliai Premium"},"content":{"rendered":"<h2>Nike SB Dunk-balti Pu\u0161iniai \u017eali \/ oran\u017einiai rai\u0161teliai Premium<\/h2>\n<p>Stilingi Nike SB Dunk x Off-White Pine Green \/ Orange Laces gaminami i\u0161 auk\u0161tos kokyb\u0117s odos, derinant auk\u0161\u010diausios kokyb\u0117s dizain\u0105 ir komfort\u0105 kasdieniam d\u0117v\u0117jimui. Ry\u0161k\u016bs \u017ealieji ir oran\u017einiai akcentai pabr\u0117\u017eia unikal\u0173 stili\u0173 ir individualum\u0105. \u0160ie &#8222;Nike SB Dunk&#8221; k\u0117d\u0117s Idealiai tinka pasivaik\u0161\u010diojimams, aktyviam poilsiui ir madingo \u012fvaizd\u017eio k\u016brimui.<\/p>\n","protected":false},"excerpt":{"rendered":"<p>Stilingi Nike SB Dunk x Off-White Pine Green \/ Orange Laces gaminami i\u0161 auk\u0161tos kokyb\u0117s odos, derinant auk\u0161\u010diausios kokyb\u0117s dizain\u0105 ir komfort\u0105 kasdieniam d\u0117v\u0117jimui. Ry\u0161k\u016bs \u017ealieji ir oran\u017einiai akcentai pabr\u0117\u017eia unikal\u0173 stili\u0173 ir individualum\u0105. \u0160ie &#8222;Nike SB Dunk&#8221; k\u0117d\u0117s Idealiai tinka pasivaik\u0161\u010diojimams, aktyviam poilsiui ir madingo \u012fvaizd\u017eio k\u016brimui.<\/p>\n","protected":false},"featured_media":669045,"comment_status":"open","ping_status":"open","template":"","meta":[],"product_brand":[],"product_cat":[3264,3323],"product_tag":[],"class_list":{"0":"post-669044","1":"product","2":"type-product","3":"status-publish","4":"has-post-thumbnail","6":"product_cat-all-product","7":"product_cat-kedy","8":"pa_rozmir-910","9":"pa_rozmir-912","10":"pa_rozmir-914","11":"pa_rozmir-915","12":"pa_rozmir-916","13":"pa_rozmir-917","14":"pa_rozmir-918","15":"pa_rozmir-919","16":"pa_rozmir-920","17":"pa_rozmir-921","18":"pa_rozmir-922","20":"first","21":"instock","22":"purchasable","23":"product-type-variable"},"_links":{"self":[{"href":"https:\/\/nextsnkr.com\/lt\/wp-json\/wp\/v2\/product\/669044","targetHints":{"allow":["GET"]}}],"collection":[{"href":"https:\/\/nextsnkr.com\/lt\/wp-json\/wp\/v2\/product"}],"about":[{"href":"https:\/\/nextsnkr.com\/lt\/wp-json\/wp\/v2\/types\/product"}],"replies":[{"embeddable":true,"href":"https:\/\/nextsnkr.com\/lt\/wp-json\/wp\/v2\/comments?post=669044"}],"version-history":[{"count":0,"href":"https:\/\/nextsnkr.com\/lt\/wp-json\/wp\/v2\/product\/669044\/revisions"}],"wp:featuredmedia":[{"embeddable":true,"href":"https:\/\/nextsnkr.com\/lt\/wp-json\/wp\/v2\/media\/669045"}],"wp:attachment":[{"href":"https:\/\/nextsnkr.com\/lt\/wp-json\/wp\/v2\/media?parent=669044"}],"wp:term":[{"taxonomy":"product_brand","embeddable":true,"href":"https:\/\/nextsnkr.com\/lt\/wp-json\/wp\/v2\/product_brand?post=669044"},{"taxonomy":"product_cat","embeddable":true,"href":"https:\/\/nextsnkr.com\/lt\/wp-json\/wp\/v2\/product_cat?post=669044"},{"taxonomy":"product_tag","embeddable":true,"href":"https:\/\/nextsnkr.com\/lt\/wp-json\/wp\/v2\/product_tag?post=669044"}],"curies":[{"name":"wp","href":"https:\/\/api.w.org\/{rel}","templated":true}]}}