{"id":668364,"date":"2025-06-18T21:29:40","date_gmt":"2025-06-18T18:29:40","guid":{"rendered":"https:\/\/nextsnkr.com\/product\/nike-sb-dunk-white-sole-gum\/"},"modified":"2026-02-01T19:54:53","modified_gmt":"2026-02-01T16:54:53","slug":"nike-sb-dunk-white-sole-gum","status":"publish","type":"product","link":"https:\/\/nextsnkr.com\/lt\/produktas\/nike-sb-dunk-white-sole-gum\/","title":{"rendered":"Nike SB Dunk balta \/ Vienintelis guma"},"content":{"rendered":"<h2>Nike SB Dunk balta \/ Vienintelis guma<\/h2>\n<p>Stilingi &#8222;Nike SB Dunk White \/ Sole Gum&#8221; k\u0117d\u0117s yra pagamintos i\u0161 auk\u0161tos kokyb\u0117s odos, kuri u\u017etikrina ilgaam\u017ei\u0161kum\u0105 ir komfort\u0105 d\u0117vint. Idealiai tinka kasdieniam naudojimui ir aktyviam poilsiui, \u0161ie &#8222;Nike SB Dunk&#8221; sportba\u010diai derina modern\u0173 dizain\u0105 ir prakti\u0161kum\u0105. Gryna balta spalva su &#8222;Sole Gum&#8221; akcentu daro model\u012f universal\u0173 ir lengvai derinam\u0105 su bet kokiu stiliumi, u\u017etikrinan\u010diu pasitik\u0117jim\u0105 ir komfort\u0105 kiekvien\u0105 dien\u0105.<\/p>\n","protected":false},"excerpt":{"rendered":"<p>Stilingi &#8222;Nike SB Dunk White \/ Sole Gum&#8221; k\u0117d\u0117s yra pagamintos i\u0161 auk\u0161tos kokyb\u0117s odos, kuri u\u017etikrina ilgaam\u017ei\u0161kum\u0105 ir komfort\u0105 d\u0117vint. Idealiai tinka kasdieniam naudojimui ir aktyviam poilsiui, \u0161ie &#8222;Nike SB Dunk&#8221; sportba\u010diai derina modern\u0173 dizain\u0105 ir prakti\u0161kum\u0105. Gryna balta spalva su &#8222;Sole Gum&#8221; akcentu daro model\u012f universal\u0173 ir lengvai derinam\u0105 su bet kokiu stiliumi, u\u017etikrinan\u010diu pasitik\u0117jim\u0105 ir komfort\u0105 kiekvien\u0105 dien\u0105.<\/p>\n","protected":false},"featured_media":668365,"comment_status":"open","ping_status":"open","template":"","meta":[],"product_brand":[],"product_cat":[3264,3323],"product_tag":[],"class_list":{"0":"post-668364","1":"product","2":"type-product","3":"status-publish","4":"has-post-thumbnail","6":"product_cat-all-product","7":"product_cat-kedy","8":"pa_rozmir-910","9":"pa_rozmir-912","10":"pa_rozmir-914","11":"pa_rozmir-915","12":"pa_rozmir-916","13":"pa_rozmir-917","14":"pa_rozmir-918","15":"pa_rozmir-919","16":"pa_rozmir-920","17":"pa_rozmir-921","18":"pa_rozmir-922","20":"first","21":"instock","22":"purchasable","23":"product-type-variable"},"_links":{"self":[{"href":"https:\/\/nextsnkr.com\/lt\/wp-json\/wp\/v2\/product\/668364","targetHints":{"allow":["GET"]}}],"collection":[{"href":"https:\/\/nextsnkr.com\/lt\/wp-json\/wp\/v2\/product"}],"about":[{"href":"https:\/\/nextsnkr.com\/lt\/wp-json\/wp\/v2\/types\/product"}],"replies":[{"embeddable":true,"href":"https:\/\/nextsnkr.com\/lt\/wp-json\/wp\/v2\/comments?post=668364"}],"version-history":[{"count":0,"href":"https:\/\/nextsnkr.com\/lt\/wp-json\/wp\/v2\/product\/668364\/revisions"}],"wp:featuredmedia":[{"embeddable":true,"href":"https:\/\/nextsnkr.com\/lt\/wp-json\/wp\/v2\/media\/668365"}],"wp:attachment":[{"href":"https:\/\/nextsnkr.com\/lt\/wp-json\/wp\/v2\/media?parent=668364"}],"wp:term":[{"taxonomy":"product_brand","embeddable":true,"href":"https:\/\/nextsnkr.com\/lt\/wp-json\/wp\/v2\/product_brand?post=668364"},{"taxonomy":"product_cat","embeddable":true,"href":"https:\/\/nextsnkr.com\/lt\/wp-json\/wp\/v2\/product_cat?post=668364"},{"taxonomy":"product_tag","embeddable":true,"href":"https:\/\/nextsnkr.com\/lt\/wp-json\/wp\/v2\/product_tag?post=668364"}],"curies":[{"name":"wp","href":"https:\/\/api.w.org\/{rel}","templated":true}]}}