{"id":668195,"date":"2025-06-13T13:00:01","date_gmt":"2025-06-13T10:00:01","guid":{"rendered":"https:\/\/nextsnkr.com\/product\/prada-black-brushed-leather-loafers\/"},"modified":"2026-02-01T19:54:48","modified_gmt":"2026-02-01T16:54:48","slug":"prada-black-brushed-leather-loafers","status":"publish","type":"product","link":"https:\/\/nextsnkr.com\/lt\/produktas\/prada-black-brushed-leather-loafers\/","title":{"rendered":"Loferiai Prada Black &#8211; Vyri\u0161ki lakuoti odiniai batai"},"content":{"rendered":"<h2>Loferiai Prada Black &#8211; Vyri\u0161ki lakuoti odiniai batai<\/h2>\n<p>Prada Black Brushed Leather Loafers-eleganti\u0161ki auk\u0161\u010diausios kokyb\u0117s lakuotos odos loferiai, pagaminti Italijoje. Jie sujungia prabang\u0173 dizain\u0105, ideal\u0173 sodinim\u0105 ir auk\u0161t\u0105 med\u017eiag\u0173 kokyb\u0119. Modelis tinka verslo vaizdams, i\u0161kilmingiems renginiams ir kasdieniam naudojimui, pridedant stiliaus ir pasitik\u0117jimo. Patvarus padas ir nepriekai\u0161tingas itali\u0161kas atlikimas garantuoja komfort\u0105 ir ilgaam\u017ei\u0161kum\u0105. Pasirinkite Prada, kad pabr\u0117\u017etum\u0117te savo status\u0105 ir nepriekai\u0161ting\u0105 skon\u012f.<\/p>\n","protected":false},"excerpt":{"rendered":"<p>Prada Black Brushed Leather Loafers-eleganti\u0161ki auk\u0161\u010diausios kokyb\u0117s lakuotos odos loferiai, pagaminti Italijoje. Jie sujungia prabang\u0173 dizain\u0105, ideal\u0173 sodinim\u0105 ir auk\u0161t\u0105 med\u017eiag\u0173 kokyb\u0119. Modelis tinka verslo vaizdams, i\u0161kilmingiems renginiams ir kasdieniam naudojimui, pridedant stiliaus ir pasitik\u0117jimo. Patvarus padas ir nepriekai\u0161tingas itali\u0161kas atlikimas garantuoja komfort\u0105 ir ilgaam\u017ei\u0161kum\u0105. Pasirinkite Prada, kad pabr\u0117\u017etum\u0117te savo status\u0105 ir nepriekai\u0161ting\u0105 skon\u012f.<\/p>\n","protected":false},"featured_media":668196,"comment_status":"open","ping_status":"open","template":"","meta":[],"product_brand":[],"product_cat":[3264,4245],"product_tag":[],"class_list":{"0":"post-668195","1":"product","2":"type-product","3":"status-publish","4":"has-post-thumbnail","6":"product_cat-all-product","7":"product_cat-lofery","8":"pa_rozmir-910","9":"pa_rozmir-912","10":"pa_rozmir-914","11":"pa_rozmir-915","12":"pa_rozmir-916","13":"pa_rozmir-917","14":"pa_rozmir-918","15":"pa_rozmir-919","16":"pa_rozmir-920","17":"pa_rozmir-921","18":"pa_rozmir-922","20":"first","21":"instock","22":"purchasable","23":"product-type-variable"},"_links":{"self":[{"href":"https:\/\/nextsnkr.com\/lt\/wp-json\/wp\/v2\/product\/668195","targetHints":{"allow":["GET"]}}],"collection":[{"href":"https:\/\/nextsnkr.com\/lt\/wp-json\/wp\/v2\/product"}],"about":[{"href":"https:\/\/nextsnkr.com\/lt\/wp-json\/wp\/v2\/types\/product"}],"replies":[{"embeddable":true,"href":"https:\/\/nextsnkr.com\/lt\/wp-json\/wp\/v2\/comments?post=668195"}],"version-history":[{"count":0,"href":"https:\/\/nextsnkr.com\/lt\/wp-json\/wp\/v2\/product\/668195\/revisions"}],"wp:featuredmedia":[{"embeddable":true,"href":"https:\/\/nextsnkr.com\/lt\/wp-json\/wp\/v2\/media\/668196"}],"wp:attachment":[{"href":"https:\/\/nextsnkr.com\/lt\/wp-json\/wp\/v2\/media?parent=668195"}],"wp:term":[{"taxonomy":"product_brand","embeddable":true,"href":"https:\/\/nextsnkr.com\/lt\/wp-json\/wp\/v2\/product_brand?post=668195"},{"taxonomy":"product_cat","embeddable":true,"href":"https:\/\/nextsnkr.com\/lt\/wp-json\/wp\/v2\/product_cat?post=668195"},{"taxonomy":"product_tag","embeddable":true,"href":"https:\/\/nextsnkr.com\/lt\/wp-json\/wp\/v2\/product_tag?post=668195"}],"curies":[{"name":"wp","href":"https:\/\/api.w.org\/{rel}","templated":true}]}}