{"id":667229,"date":"2025-06-13T13:01:08","date_gmt":"2025-06-13T10:01:08","guid":{"rendered":"https:\/\/nextsnkr.com\/product\/louis-vuitton-diane\/"},"modified":"2026-02-01T19:54:15","modified_gmt":"2026-02-01T16:54:15","slug":"louis-vuitton-diane","status":"publish","type":"product","link":"https:\/\/nextsnkr.com\/lt\/produktas\/louis-vuitton-diane\/","title":{"rendered":"Louis Vuitton Diane rankin\u0117-stilingas moteri\u0161kas krep\u0161ys i\u0161 ekologi\u0161kos odos"},"content":{"rendered":"<h2>Louis Vuitton Diane rankin\u0117-stilingas moteri\u0161kas krep\u0161ys i\u0161 ekologi\u0161kos odos<\/h2>\n<p>&#8222;Louis Vuitton Diane&#8221; krep\u0161ys yra eleganti\u0161kas aksesuaras, sukurtas tiems, kurie vertina stili\u0173 ir prakti\u0161kum\u0105. Pagaminta i\u0161 auk\u0161tos kokyb\u0117s ekologi\u0161kos odos, ji i\u0161laiko savo form\u0105, atspari nusid\u0117v\u0117jimui ir yra maloni liesti. Modelis turi patog\u0173 format\u0105 kasdieniam naudojimui: erdvus pagrindinis skyrius, tvarkinga furnit\u016bra ir atpa\u017e\u012fstamas Louis Vuitton dizainas. Idealiai tinka miesto stiliui, darbui ir pasivaik\u0161\u010diojimams, papildant bet kok\u012f vaizd\u0105.<\/p>\n","protected":false},"excerpt":{"rendered":"<p>&#8222;Louis Vuitton Diane&#8221; krep\u0161ys yra eleganti\u0161kas aksesuaras, sukurtas tiems, kurie vertina stili\u0173 ir prakti\u0161kum\u0105. Pagaminta i\u0161 auk\u0161tos kokyb\u0117s ekologi\u0161kos odos, ji i\u0161laiko savo form\u0105, atspari nusid\u0117v\u0117jimui ir yra maloni liesti. Modelis turi patog\u0173 format\u0105 kasdieniam naudojimui: erdvus pagrindinis skyrius, tvarkinga furnit\u016bra ir atpa\u017e\u012fstamas Louis Vuitton dizainas. Idealiai tinka miesto stiliui, darbui ir pasivaik\u0161\u010diojimams, papildant bet kok\u012f vaizd\u0105.<\/p>\n","protected":false},"featured_media":667230,"comment_status":"open","ping_status":"open","template":"","meta":[],"product_brand":[],"product_cat":[3264,3486],"product_tag":[],"class_list":{"0":"post-667229","1":"product","2":"type-product","3":"status-publish","4":"has-post-thumbnail","6":"product_cat-all-product","7":"product_cat-sumky","8":"pa_rozmir-24kh17","10":"first","11":"instock","12":"purchasable","13":"product-type-simple"},"_links":{"self":[{"href":"https:\/\/nextsnkr.com\/lt\/wp-json\/wp\/v2\/product\/667229","targetHints":{"allow":["GET"]}}],"collection":[{"href":"https:\/\/nextsnkr.com\/lt\/wp-json\/wp\/v2\/product"}],"about":[{"href":"https:\/\/nextsnkr.com\/lt\/wp-json\/wp\/v2\/types\/product"}],"replies":[{"embeddable":true,"href":"https:\/\/nextsnkr.com\/lt\/wp-json\/wp\/v2\/comments?post=667229"}],"version-history":[{"count":0,"href":"https:\/\/nextsnkr.com\/lt\/wp-json\/wp\/v2\/product\/667229\/revisions"}],"wp:featuredmedia":[{"embeddable":true,"href":"https:\/\/nextsnkr.com\/lt\/wp-json\/wp\/v2\/media\/667230"}],"wp:attachment":[{"href":"https:\/\/nextsnkr.com\/lt\/wp-json\/wp\/v2\/media?parent=667229"}],"wp:term":[{"taxonomy":"product_brand","embeddable":true,"href":"https:\/\/nextsnkr.com\/lt\/wp-json\/wp\/v2\/product_brand?post=667229"},{"taxonomy":"product_cat","embeddable":true,"href":"https:\/\/nextsnkr.com\/lt\/wp-json\/wp\/v2\/product_cat?post=667229"},{"taxonomy":"product_tag","embeddable":true,"href":"https:\/\/nextsnkr.com\/lt\/wp-json\/wp\/v2\/product_tag?post=667229"}],"curies":[{"name":"wp","href":"https:\/\/api.w.org\/{rel}","templated":true}]}}