{"id":666900,"date":"2025-06-13T13:03:41","date_gmt":"2025-06-13T10:03:41","guid":{"rendered":"https:\/\/nextsnkr.com\/product\/dior-plaj\/"},"modified":"2026-02-01T19:53:46","modified_gmt":"2026-02-01T16:53:46","slug":"dior-plaj","status":"publish","type":"product","link":"https:\/\/nextsnkr.com\/lt\/produktas\/dior-plaj\/","title":{"rendered":"Dior Play krep\u0161ys-stilingas plastikinis papl\u016bdimio krep\u0161ys"},"content":{"rendered":"<h2>Dior Play krep\u0161ys-stilingas plastikinis papl\u016bdimio krep\u0161ys<\/h2>\n<p>&#8222;Dior PLAJ&#8221; krep\u0161ys pagamintas i\u0161 lengvo ir prakti\u0161ko polietileno, kuris yra atsparus dr\u0117gmei ir lengvai valomas. Tai puikus pasirinkimas papl\u016bdimiui, poilsiui prie vandens ar vasaros pasivaik\u0161\u010diojimams. Modelis turi stiling\u0105 dizain\u0105 ir pakankam\u0105 kiek\u012f visiems reikalingiems dalykams. Lengvas, erdvus ir patogus naudoti \u2014 &#8222;Dior PLAJ&#8221; krep\u0161ys taps nepakei\u010diamu priedu \u0161iltuoju met\u0173 laiku.<\/p>\n","protected":false},"excerpt":{"rendered":"<p>&#8222;Dior PLAJ&#8221; krep\u0161ys pagamintas i\u0161 lengvo ir prakti\u0161ko polietileno, kuris yra atsparus dr\u0117gmei ir lengvai valomas. Tai puikus pasirinkimas papl\u016bdimiui, poilsiui prie vandens ar vasaros pasivaik\u0161\u010diojimams. Modelis turi stiling\u0105 dizain\u0105 ir pakankam\u0105 kiek\u012f visiems reikalingiems dalykams. Lengvas, erdvus ir patogus naudoti \u2014 &#8222;Dior PLAJ&#8221; krep\u0161ys taps nepakei\u010diamu priedu \u0161iltuoju met\u0173 laiku.<\/p>\n","protected":false},"featured_media":666901,"comment_status":"open","ping_status":"open","template":"","meta":[],"product_brand":[],"product_cat":[3264,3486],"product_tag":[],"class_list":{"0":"post-666900","1":"product","2":"type-product","3":"status-publish","4":"has-post-thumbnail","6":"product_cat-all-product","7":"product_cat-sumky","8":"pa_rozmir-41kh32kh16","10":"first","11":"instock","12":"purchasable","13":"product-type-simple"},"_links":{"self":[{"href":"https:\/\/nextsnkr.com\/lt\/wp-json\/wp\/v2\/product\/666900","targetHints":{"allow":["GET"]}}],"collection":[{"href":"https:\/\/nextsnkr.com\/lt\/wp-json\/wp\/v2\/product"}],"about":[{"href":"https:\/\/nextsnkr.com\/lt\/wp-json\/wp\/v2\/types\/product"}],"replies":[{"embeddable":true,"href":"https:\/\/nextsnkr.com\/lt\/wp-json\/wp\/v2\/comments?post=666900"}],"version-history":[{"count":0,"href":"https:\/\/nextsnkr.com\/lt\/wp-json\/wp\/v2\/product\/666900\/revisions"}],"wp:featuredmedia":[{"embeddable":true,"href":"https:\/\/nextsnkr.com\/lt\/wp-json\/wp\/v2\/media\/666901"}],"wp:attachment":[{"href":"https:\/\/nextsnkr.com\/lt\/wp-json\/wp\/v2\/media?parent=666900"}],"wp:term":[{"taxonomy":"product_brand","embeddable":true,"href":"https:\/\/nextsnkr.com\/lt\/wp-json\/wp\/v2\/product_brand?post=666900"},{"taxonomy":"product_cat","embeddable":true,"href":"https:\/\/nextsnkr.com\/lt\/wp-json\/wp\/v2\/product_cat?post=666900"},{"taxonomy":"product_tag","embeddable":true,"href":"https:\/\/nextsnkr.com\/lt\/wp-json\/wp\/v2\/product_tag?post=666900"}],"curies":[{"name":"wp","href":"https:\/\/api.w.org\/{rel}","templated":true}]}}