{"id":666846,"date":"2025-06-13T13:03:41","date_gmt":"2025-06-13T10:03:41","guid":{"rendered":"https:\/\/nextsnkr.com\/product\/c-dior-book\/"},"modified":"2026-02-01T19:53:39","modified_gmt":"2026-02-01T16:53:39","slug":"c-dior-book","status":"publish","type":"product","link":"https:\/\/nextsnkr.com\/lt\/produktas\/c-dior-book\/","title":{"rendered":"C. Dior Book krep\u0161ys-stilingas tekstil\u0117s moter\u0173 krep\u0161ys"},"content":{"rendered":"<h2>C. Dior Book krep\u0161ys-stilingas tekstil\u0117s moter\u0173 krep\u0161ys<\/h2>\n<p>&#8222;C. Dior Book&#8221; krep\u0161ys yra pagamintas i\u0161 auk\u0161tos kokyb\u0117s tekstil\u0117s ir turi erdv\u0173 format\u0105, tod\u0117l jis idealiai tinka kasdieniam naudojimui. Lengvas, patogus ir stilingas-tai papildys j\u016bs\u0173 \u012fvaizd\u012f mieste, kelion\u0117se ar pirkimuose. D\u0117l tvirtos med\u017eiagos krep\u0161ys i\u0161laiko savo form\u0105 ir atlaiko kasdien\u0119 apkrov\u0105. Pasirinkite prakti\u0161k\u0105 ir mading\u0105 aksesuar\u0105, kuris pabr\u0117\u017es j\u016bs\u0173 i\u0161skirtin\u012f stili\u0173.<\/p>\n","protected":false},"excerpt":{"rendered":"<p>&#8222;C. Dior Book&#8221; krep\u0161ys yra pagamintas i\u0161 auk\u0161tos kokyb\u0117s tekstil\u0117s ir turi erdv\u0173 format\u0105, tod\u0117l jis idealiai tinka kasdieniam naudojimui. Lengvas, patogus ir stilingas-tai papildys j\u016bs\u0173 \u012fvaizd\u012f mieste, kelion\u0117se ar pirkimuose. D\u0117l tvirtos med\u017eiagos krep\u0161ys i\u0161laiko savo form\u0105 ir atlaiko kasdien\u0119 apkrov\u0105. Pasirinkite prakti\u0161k\u0105 ir mading\u0105 aksesuar\u0105, kuris pabr\u0117\u017es j\u016bs\u0173 i\u0161skirtin\u012f stili\u0173.<\/p>\n","protected":false},"featured_media":666847,"comment_status":"open","ping_status":"open","template":"","meta":[],"product_brand":[],"product_cat":[3264,3486],"product_tag":[],"class_list":{"0":"post-666846","1":"product","2":"type-product","3":"status-publish","4":"has-post-thumbnail","6":"product_cat-all-product","7":"product_cat-sumky","8":"pa_rozmir-42kh33kh18","10":"first","11":"instock","12":"purchasable","13":"product-type-simple"},"_links":{"self":[{"href":"https:\/\/nextsnkr.com\/lt\/wp-json\/wp\/v2\/product\/666846","targetHints":{"allow":["GET"]}}],"collection":[{"href":"https:\/\/nextsnkr.com\/lt\/wp-json\/wp\/v2\/product"}],"about":[{"href":"https:\/\/nextsnkr.com\/lt\/wp-json\/wp\/v2\/types\/product"}],"replies":[{"embeddable":true,"href":"https:\/\/nextsnkr.com\/lt\/wp-json\/wp\/v2\/comments?post=666846"}],"version-history":[{"count":0,"href":"https:\/\/nextsnkr.com\/lt\/wp-json\/wp\/v2\/product\/666846\/revisions"}],"wp:featuredmedia":[{"embeddable":true,"href":"https:\/\/nextsnkr.com\/lt\/wp-json\/wp\/v2\/media\/666847"}],"wp:attachment":[{"href":"https:\/\/nextsnkr.com\/lt\/wp-json\/wp\/v2\/media?parent=666846"}],"wp:term":[{"taxonomy":"product_brand","embeddable":true,"href":"https:\/\/nextsnkr.com\/lt\/wp-json\/wp\/v2\/product_brand?post=666846"},{"taxonomy":"product_cat","embeddable":true,"href":"https:\/\/nextsnkr.com\/lt\/wp-json\/wp\/v2\/product_cat?post=666846"},{"taxonomy":"product_tag","embeddable":true,"href":"https:\/\/nextsnkr.com\/lt\/wp-json\/wp\/v2\/product_tag?post=666846"}],"curies":[{"name":"wp","href":"https:\/\/api.w.org\/{rel}","templated":true}]}}