{"id":666819,"date":"2025-06-13T13:03:55","date_gmt":"2025-06-13T10:03:55","guid":{"rendered":"https:\/\/nextsnkr.com\/product\/guess-2\/"},"modified":"2026-02-01T19:53:22","modified_gmt":"2026-02-01T16:53:22","slug":"guess-2","status":"publish","type":"product","link":"https:\/\/nextsnkr.com\/lt\/produktas\/guess-2\/","title":{"rendered":"Guess krep\u0161ys &#8211; stilingas moteri\u0161kas krep\u0161ys i\u0161 auk\u0161tos kokyb\u0117s ekologi\u0161kos odos"},"content":{"rendered":"<h2>Guess krep\u0161ys &#8211; stilingas moteri\u0161kas krep\u0161ys i\u0161 auk\u0161tos kokyb\u0117s ekologi\u0161kos odos<\/h2>\n<p>&#8222;Guess&#8221; krep\u0161ys yra modernus moter\u0173 aksesuaras, pagamintas i\u0161 tvirtos ir malonios ekologi\u0161kos odos. Lengvas ir prakti\u0161kas, jis sujungia stiling\u0105 dizain\u0105 ir patogum\u0105 kasdieniniam naudojimui. Optimalus dydis leid\u017eia patalpinti visus reikalingus daiktus, o charakteringas Guess vaizdas i\u0161ry\u0161kins j\u016bs\u0173 \u012fvaizd\u012f bet kokioje situacijoje. Idealus pasirinkimas tiems, kurie vertina mad\u0105, komfort\u0105 ir universalum\u0105.<\/p>\n","protected":false},"excerpt":{"rendered":"<p>&#8222;Guess&#8221; krep\u0161ys yra modernus moter\u0173 aksesuaras, pagamintas i\u0161 tvirtos ir malonios ekologi\u0161kos odos. Lengvas ir prakti\u0161kas, jis sujungia stiling\u0105 dizain\u0105 ir patogum\u0105 kasdieniniam naudojimui. Optimalus dydis leid\u017eia patalpinti visus reikalingus daiktus, o charakteringas Guess vaizdas i\u0161ry\u0161kins j\u016bs\u0173 \u012fvaizd\u012f bet kokioje situacijoje. Idealus pasirinkimas tiems, kurie vertina mad\u0105, komfort\u0105 ir universalum\u0105.<\/p>\n","protected":false},"featured_media":666820,"comment_status":"open","ping_status":"open","template":"","meta":[],"product_brand":[],"product_cat":[3264,3486],"product_tag":[],"class_list":{"0":"post-666819","1":"product","2":"type-product","3":"status-publish","4":"has-post-thumbnail","6":"product_cat-all-product","7":"product_cat-sumky","8":"pa_rozmir-20kh13kh5","10":"first","11":"instock","12":"purchasable","13":"product-type-simple"},"_links":{"self":[{"href":"https:\/\/nextsnkr.com\/lt\/wp-json\/wp\/v2\/product\/666819","targetHints":{"allow":["GET"]}}],"collection":[{"href":"https:\/\/nextsnkr.com\/lt\/wp-json\/wp\/v2\/product"}],"about":[{"href":"https:\/\/nextsnkr.com\/lt\/wp-json\/wp\/v2\/types\/product"}],"replies":[{"embeddable":true,"href":"https:\/\/nextsnkr.com\/lt\/wp-json\/wp\/v2\/comments?post=666819"}],"version-history":[{"count":0,"href":"https:\/\/nextsnkr.com\/lt\/wp-json\/wp\/v2\/product\/666819\/revisions"}],"wp:featuredmedia":[{"embeddable":true,"href":"https:\/\/nextsnkr.com\/lt\/wp-json\/wp\/v2\/media\/666820"}],"wp:attachment":[{"href":"https:\/\/nextsnkr.com\/lt\/wp-json\/wp\/v2\/media?parent=666819"}],"wp:term":[{"taxonomy":"product_brand","embeddable":true,"href":"https:\/\/nextsnkr.com\/lt\/wp-json\/wp\/v2\/product_brand?post=666819"},{"taxonomy":"product_cat","embeddable":true,"href":"https:\/\/nextsnkr.com\/lt\/wp-json\/wp\/v2\/product_cat?post=666819"},{"taxonomy":"product_tag","embeddable":true,"href":"https:\/\/nextsnkr.com\/lt\/wp-json\/wp\/v2\/product_tag?post=666819"}],"curies":[{"name":"wp","href":"https:\/\/api.w.org\/{rel}","templated":true}]}}