{"id":666686,"date":"2025-06-13T13:04:17","date_gmt":"2025-06-13T10:04:17","guid":{"rendered":"https:\/\/nextsnkr.com\/product\/guess-crossbody\/"},"modified":"2026-02-01T19:53:10","modified_gmt":"2026-02-01T16:53:10","slug":"guess-crossbody","status":"publish","type":"product","link":"https:\/\/nextsnkr.com\/lt\/produktas\/guess-crossbody\/","title":{"rendered":"Guess crossbody krep\u0161ys &#8211; stilingas moter\u0173 krep\u0161ys per pet\u012f i\u0161 ekologi\u0161kos odos"},"content":{"rendered":"<h2>Guess crossbody krep\u0161ys &#8211; stilingas moter\u0173 krep\u0161ys per pet\u012f i\u0161 ekologi\u0161kos odos<\/h2>\n<p>&#8222;Guess crossbody&#8221; krep\u0161ys yra kompakti\u0161kas ir patogus Moteri\u0161kas krep\u0161ys, pagamintas i\u0161 auk\u0161tos kokyb\u0117s ekologi\u0161kos odos. Jis sujungia stiling\u0105 dizain\u0105, stiprum\u0105 ir prakti\u0161kum\u0105, Idealiai tinka kasdieniniam d\u0117v\u0117jimui. &#8222;Crossbody&#8221; formatas suteikia komfort\u0105 ir jud\u0117jimo laisv\u0119, o apgalvotas vidinis u\u017epildymas leid\u017eia patalpinti visus reikalingus daiktus. Stilingas ir universalus, &#8222;guess&#8221; krep\u0161ys bus ry\u0161kus j\u016bs\u0173 \u012fvaizd\u017eio akcentas.<\/p>\n","protected":false},"excerpt":{"rendered":"<p>&#8222;Guess crossbody&#8221; krep\u0161ys yra kompakti\u0161kas ir patogus Moteri\u0161kas krep\u0161ys, pagamintas i\u0161 auk\u0161tos kokyb\u0117s ekologi\u0161kos odos. Jis sujungia stiling\u0105 dizain\u0105, stiprum\u0105 ir prakti\u0161kum\u0105, Idealiai tinka kasdieniniam d\u0117v\u0117jimui. &#8222;Crossbody&#8221; formatas suteikia komfort\u0105 ir jud\u0117jimo laisv\u0119, o apgalvotas vidinis u\u017epildymas leid\u017eia patalpinti visus reikalingus daiktus. Stilingas ir universalus, &#8222;guess&#8221; krep\u0161ys bus ry\u0161kus j\u016bs\u0173 \u012fvaizd\u017eio akcentas.<\/p>\n","protected":false},"featured_media":666689,"comment_status":"open","ping_status":"open","template":"","meta":[],"product_brand":[],"product_cat":[3264,3486],"product_tag":[],"class_list":{"0":"post-666686","1":"product","2":"type-product","3":"status-publish","4":"has-post-thumbnail","6":"product_cat-all-product","7":"product_cat-sumky","8":"pa_rozmir-21x13x7","10":"first","11":"instock","12":"purchasable","13":"product-type-simple"},"_links":{"self":[{"href":"https:\/\/nextsnkr.com\/lt\/wp-json\/wp\/v2\/product\/666686","targetHints":{"allow":["GET"]}}],"collection":[{"href":"https:\/\/nextsnkr.com\/lt\/wp-json\/wp\/v2\/product"}],"about":[{"href":"https:\/\/nextsnkr.com\/lt\/wp-json\/wp\/v2\/types\/product"}],"replies":[{"embeddable":true,"href":"https:\/\/nextsnkr.com\/lt\/wp-json\/wp\/v2\/comments?post=666686"}],"version-history":[{"count":0,"href":"https:\/\/nextsnkr.com\/lt\/wp-json\/wp\/v2\/product\/666686\/revisions"}],"wp:featuredmedia":[{"embeddable":true,"href":"https:\/\/nextsnkr.com\/lt\/wp-json\/wp\/v2\/media\/666689"}],"wp:attachment":[{"href":"https:\/\/nextsnkr.com\/lt\/wp-json\/wp\/v2\/media?parent=666686"}],"wp:term":[{"taxonomy":"product_brand","embeddable":true,"href":"https:\/\/nextsnkr.com\/lt\/wp-json\/wp\/v2\/product_brand?post=666686"},{"taxonomy":"product_cat","embeddable":true,"href":"https:\/\/nextsnkr.com\/lt\/wp-json\/wp\/v2\/product_cat?post=666686"},{"taxonomy":"product_tag","embeddable":true,"href":"https:\/\/nextsnkr.com\/lt\/wp-json\/wp\/v2\/product_tag?post=666686"}],"curies":[{"name":"wp","href":"https:\/\/api.w.org\/{rel}","templated":true}]}}