{"id":665925,"date":"2025-06-13T13:05:59","date_gmt":"2025-06-13T10:05:59","guid":{"rendered":"https:\/\/nextsnkr.com\/product\/chanel-camel-2-55\/"},"modified":"2026-02-01T19:52:32","modified_gmt":"2026-02-01T16:52:32","slug":"chanel-camel-2-55","status":"publish","type":"product","link":"https:\/\/nextsnkr.com\/lt\/produktas\/chanel-camel-2-55\/","title":{"rendered":"Chanel 2.55 Camel krep\u0161ys &#8211; stilingas moteri\u0161kas ekologi\u0161kas odos krep\u0161ys"},"content":{"rendered":"<h2>Chanel 2.55 Camel krep\u0161ys &#8211; stilingas moteri\u0161kas ekologi\u0161kas odos krep\u0161ys<\/h2>\n<p>&#8222;Chanel Camel 2.55&#8221; krep\u0161ys yra eleganti\u0161kas klasikinio dizaino modelis, sukurtas i\u0161skirtinio stiliaus \u017einovams. Pagaminta i\u0161 auk\u0161tos kokyb\u0117s ekologi\u0161kos odos, ji turi malon\u0173 tekst\u016br\u0105 ir patogi\u0105 form\u0105, tinkam\u0105 kasdieniniam d\u0117v\u0117jimui. Grandininis dir\u017eelis ir tvarkinga furnit\u016bra suteikia gaminiui auk\u0161\u010diausios kokyb\u0117s i\u0161vaizd\u0105. Idealiai tinka derinti su kasdieniais ir vakariniais vaizdais. Pasirinkite &#8222;Chanel 2.55 Camel&#8221;, kad pabr\u0117\u017etum\u0117te savo status\u0105 ir rafinuotum\u0105. Kodas: 5238-547672.<\/p>\n","protected":false},"excerpt":{"rendered":"<p>&#8222;Chanel Camel 2.55&#8221; krep\u0161ys yra eleganti\u0161kas klasikinio dizaino modelis, sukurtas i\u0161skirtinio stiliaus \u017einovams. Pagaminta i\u0161 auk\u0161tos kokyb\u0117s ekologi\u0161kos odos, ji turi malon\u0173 tekst\u016br\u0105 ir patogi\u0105 form\u0105, tinkam\u0105 kasdieniniam d\u0117v\u0117jimui. Grandininis dir\u017eelis ir tvarkinga furnit\u016bra suteikia gaminiui auk\u0161\u010diausios kokyb\u0117s i\u0161vaizd\u0105. Idealiai tinka derinti su kasdieniais ir vakariniais vaizdais. Pasirinkite &#8222;Chanel 2.55 Camel&#8221;, kad pabr\u0117\u017etum\u0117te savo status\u0105 ir rafinuotum\u0105. Kodas: 5238-547672.<\/p>\n","protected":false},"featured_media":665926,"comment_status":"open","ping_status":"open","template":"","meta":[],"product_brand":[],"product_cat":[3264,3486],"product_tag":[],"class_list":{"0":"post-665925","1":"product","2":"type-product","3":"status-publish","4":"has-post-thumbnail","6":"product_cat-all-product","7":"product_cat-sumky","8":"pa_rozmir-26x18","10":"first","11":"instock","12":"purchasable","13":"product-type-simple"},"_links":{"self":[{"href":"https:\/\/nextsnkr.com\/lt\/wp-json\/wp\/v2\/product\/665925","targetHints":{"allow":["GET"]}}],"collection":[{"href":"https:\/\/nextsnkr.com\/lt\/wp-json\/wp\/v2\/product"}],"about":[{"href":"https:\/\/nextsnkr.com\/lt\/wp-json\/wp\/v2\/types\/product"}],"replies":[{"embeddable":true,"href":"https:\/\/nextsnkr.com\/lt\/wp-json\/wp\/v2\/comments?post=665925"}],"version-history":[{"count":0,"href":"https:\/\/nextsnkr.com\/lt\/wp-json\/wp\/v2\/product\/665925\/revisions"}],"wp:featuredmedia":[{"embeddable":true,"href":"https:\/\/nextsnkr.com\/lt\/wp-json\/wp\/v2\/media\/665926"}],"wp:attachment":[{"href":"https:\/\/nextsnkr.com\/lt\/wp-json\/wp\/v2\/media?parent=665925"}],"wp:term":[{"taxonomy":"product_brand","embeddable":true,"href":"https:\/\/nextsnkr.com\/lt\/wp-json\/wp\/v2\/product_brand?post=665925"},{"taxonomy":"product_cat","embeddable":true,"href":"https:\/\/nextsnkr.com\/lt\/wp-json\/wp\/v2\/product_cat?post=665925"},{"taxonomy":"product_tag","embeddable":true,"href":"https:\/\/nextsnkr.com\/lt\/wp-json\/wp\/v2\/product_tag?post=665925"}],"curies":[{"name":"wp","href":"https:\/\/api.w.org\/{rel}","templated":true}]}}