{"id":662954,"date":"2025-06-14T15:02:10","date_gmt":"2025-06-14T12:02:10","guid":{"rendered":"https:\/\/nextsnkr.com\/product\/prada-2\/"},"modified":"2026-02-01T19:49:53","modified_gmt":"2026-02-01T16:49:53","slug":"prada-2","status":"publish","type":"product","link":"https:\/\/nextsnkr.com\/lt\/produktas\/prada-2\/","title":{"rendered":"Prada krep\u0161ys moter\u0173 juoda ekologi\u0161ka oda"},"content":{"rendered":"<h2>Prada krep\u0161ys moter\u0173 juoda ekologi\u0161ka oda<\/h2>\n<p>Prada krep\u0161ys yra stilingas ir universalus aksesuaras, sukurtas kasdieniam naudojimui ir specialiems vaizdams. Pagaminta i\u0161 auk\u0161tos kokyb\u0117s ekologi\u0161kos odos, ji sujungia elegancij\u0105, atsparum\u0105 dilimui ir komfort\u0105 kojin\u0117se. Lakoni\u0161kas dizainas pabr\u0117\u017eia status\u0105 ir lengvai tinka bet kokiam stiliui &#8211; nuo casual iki klasikos. Apgalvotas formatas u\u017etikrina patog\u0173 reikaling\u0173 daikt\u0173 i\u0161d\u0117stym\u0105. Stilingas ir prakti\u0161kas &#8222;Prada&#8221; krep\u0161ys taps patikimu j\u016bs\u0173 drabu\u017ei\u0173 spintos akcentu.<\/p>\n","protected":false},"excerpt":{"rendered":"<p>Prada krep\u0161ys yra stilingas ir universalus aksesuaras, sukurtas kasdieniam naudojimui ir specialiems vaizdams. Pagaminta i\u0161 auk\u0161tos kokyb\u0117s ekologi\u0161kos odos, ji sujungia elegancij\u0105, atsparum\u0105 dilimui ir komfort\u0105 kojin\u0117se. Lakoni\u0161kas dizainas pabr\u0117\u017eia status\u0105 ir lengvai tinka bet kokiam stiliui &#8211; nuo casual iki klasikos. Apgalvotas formatas u\u017etikrina patog\u0173 reikaling\u0173 daikt\u0173 i\u0161d\u0117stym\u0105. Stilingas ir prakti\u0161kas &#8222;Prada&#8221; krep\u0161ys taps patikimu j\u016bs\u0173 drabu\u017ei\u0173 spintos akcentu.<\/p>\n","protected":false},"featured_media":662957,"comment_status":"open","ping_status":"open","template":"","meta":[],"product_brand":[],"product_cat":[3264,3486],"product_tag":[],"class_list":{"0":"post-662954","1":"product","2":"type-product","3":"status-publish","4":"has-post-thumbnail","6":"product_cat-all-product","7":"product_cat-sumky","8":"pa_rozmir-30kh16","10":"first","11":"instock","12":"purchasable","13":"product-type-simple"},"_links":{"self":[{"href":"https:\/\/nextsnkr.com\/lt\/wp-json\/wp\/v2\/product\/662954","targetHints":{"allow":["GET"]}}],"collection":[{"href":"https:\/\/nextsnkr.com\/lt\/wp-json\/wp\/v2\/product"}],"about":[{"href":"https:\/\/nextsnkr.com\/lt\/wp-json\/wp\/v2\/types\/product"}],"replies":[{"embeddable":true,"href":"https:\/\/nextsnkr.com\/lt\/wp-json\/wp\/v2\/comments?post=662954"}],"version-history":[{"count":0,"href":"https:\/\/nextsnkr.com\/lt\/wp-json\/wp\/v2\/product\/662954\/revisions"}],"wp:featuredmedia":[{"embeddable":true,"href":"https:\/\/nextsnkr.com\/lt\/wp-json\/wp\/v2\/media\/662957"}],"wp:attachment":[{"href":"https:\/\/nextsnkr.com\/lt\/wp-json\/wp\/v2\/media?parent=662954"}],"wp:term":[{"taxonomy":"product_brand","embeddable":true,"href":"https:\/\/nextsnkr.com\/lt\/wp-json\/wp\/v2\/product_brand?post=662954"},{"taxonomy":"product_cat","embeddable":true,"href":"https:\/\/nextsnkr.com\/lt\/wp-json\/wp\/v2\/product_cat?post=662954"},{"taxonomy":"product_tag","embeddable":true,"href":"https:\/\/nextsnkr.com\/lt\/wp-json\/wp\/v2\/product_tag?post=662954"}],"curies":[{"name":"wp","href":"https:\/\/api.w.org\/{rel}","templated":true}]}}